{"id":8443,"date":"2021-06-05T14:39:38","date_gmt":"2021-06-05T12:39:38","guid":{"rendered":"https:\/\/cyclesdevos.be\/?post_type=product&#038;p=8443"},"modified":"2026-02-05T22:03:02","modified_gmt":"2026-02-05T21:03:02","slug":"kymco-agility-16","status":"publish","type":"product","link":"https:\/\/cyclesdevos.be\/nl\/product\/kymco-agility-16\/","title":{"rendered":"Kymco Agility 16+ 50"},"content":{"rendered":"<div class=\"vehicule-h2\">\n<h2 style=\"text-align: center\">MOTORISATIE<\/h2>\n<\/div>\n<div class=\"col-xs-12 col-sm-6 pull-right illustration-texte\">\n<p style=\"text-align: center\">De Agility 16+ is uitgerust met een 50 cm eencilinder motor<sup>3<\/sup>\u00a04-takt motor. Hij voldoet aan de Euro 5-norm en is luchtgekoeld. Hij wordt gevoed door een grotere brandstoftank dan de andere Agility-modellen, met een inhoud van 7 liter. Met een brandstofverbruik van 2,2 l\/100 km is de Agility 16+ motor zuinig en heeft u een grotere actieradius.<\/p>\n<div class=\"vehicule-h2\" style=\"text-align: center\">\n<h2>ONTWERP<\/h2>\n<\/div>\n<div class=\"col-xs-12 col-sm-6 pull-left illustration-texte\">\n<p style=\"text-align: center\">Het ontwerp is gestroomlijnd, maar toch toegankelijk en op de stad ge\u00efnspireerd. De luchtinlaatkuip zorgt voor een hoogwaardige afwerking.<\/p>\n<div class=\"vehicule-h2\" style=\"text-align: center\">\n<h2>COMFORT<\/h2>\n<\/div>\n<div class=\"col-xs-12 col-sm-6 pull-right illustration-texte\">\n<p style=\"text-align: center\">Verstelbare hydraulische schokdemper, 16 inch wielen, de Agility 16+ biedt een hoogwaardige rijervaring door het absorberen van de schokken die alledaagse rijders tegenkomen. De zitting en de vorm van deze scooter zorgen voor een goede zit en een ideaal rijgedrag voor alle soorten reizen met zijn grote wielen.<\/p>\n<\/div>\n<\/div>\n<\/div>","protected":false},"excerpt":{"rendered":"<p>Deze groot-wiel versie van Kymco's best verkochte 50cc scooter zal zeker in de smaak vallen. Comfortabel en met een ideale rijpositie in de stad is de Agility 16+ de juiste scooter voor uw stedelijke woon-werkverkeer.<\/p>\n<table class=\"table\">\n<tbody>\n<tr>\n<td><strong>Motor<\/strong><\/td>\n<td colspan=\"2\">\u00c9\u00e9ncilinder 49,9 cm3, EURO5, brandstofinspuiting, 4T, luchtgekoeld<\/td>\n<\/tr>\n<tr>\n<td><strong>Max. vermogen*.<\/strong><\/td>\n<td colspan=\"2\">3,2 pk bij 7000 tpm<\/td>\n<\/tr>\n<tr>\n<td><strong>Verbruik<\/strong><\/td>\n<td colspan=\"2\">2.4 l\/100km<\/td>\n<\/tr>\n<tr>\n<td><strong>CO2*-uitstoot<\/strong><\/td>\n<td colspan=\"2\">55 g\/km<\/td>\n<\/tr>\n<tr>\n<td><strong>Transmissie<\/strong><\/td>\n<td colspan=\"2\">Continu variabele automatische<\/td>\n<\/tr>\n<tr>\n<td><strong>\u00a0Brandstoftank<\/strong><\/td>\n<td colspan=\"2\">7 liter<\/td>\n<\/tr>\n<tr>\n<td><strong>\u00a0<\/strong><\/td>\n<td colspan=\"2\"><\/td>\n<\/tr>\n<tr>\n<td><strong>Afmetingen (L x B x H)<\/strong><\/td>\n<td colspan=\"2\">2050 x 735 x 1210 mm<\/td>\n<\/tr>\n<tr>\n<td><strong>Wielbasis<\/strong><\/td>\n<td colspan=\"2\">1340 mm<\/td>\n<\/tr>\n<tr>\n<td><strong>Zadel hoogte<\/strong><\/td>\n<td colspan=\"2\">780 mm<\/td>\n<\/tr>\n<tr>\n<td><strong>Voorvering<\/strong><\/td>\n<td colspan=\"2\">Telescopische vork<\/td>\n<\/tr>\n<tr>\n<td><strong>Achtervering<\/strong><\/td>\n<td colspan=\"2\">Twee instelbare hydraulische schokdempers<\/td>\n<\/tr>\n<tr>\n<td><strong>Remmen<\/strong><\/td>\n<td>Av: Schijf<\/td>\n<td>\u00a0Ar : Trommel<\/td>\n<\/tr>\n<tr>\n<td><strong>Voor-\/achterband<\/strong><\/td>\n<td>Av: 100\/80-16<\/td>\n<td>\u00a0Ar: 120\/80-14<\/td>\n<\/tr>\n<tr>\n<td><strong>Gewicht<\/strong><\/td>\n<td colspan=\"2\">120 Kg<\/td>\n<\/tr>\n<\/tbody>\n<\/table>","protected":false},"featured_media":8446,"template":"","meta":[],"product_brand":[1607],"product_cat":[31,33],"product_tag":[104],"class_list":{"0":"post-8443","1":"product","2":"type-product","3":"status-publish","4":"has-post-thumbnail","6":"product_brand-kymco","7":"product_cat-scooters","8":"product_cat-scooters-50cc","9":"product_tag-kymco","11":"first","12":"outofstock","13":"taxable","14":"shipping-taxable","15":"purchasable","16":"product-type-variable"},"yoast_head":"<!-- This site is optimized with the Yoast SEO plugin v26.9 - https:\/\/yoast.com\/product\/yoast-seo-wordpress\/ -->\n<title>Kymco Agility 16+ 50 - Cycles Devos<\/title>\n<meta name=\"robots\" content=\"index, follow, max-snippet:-1, max-image-preview:large, max-video-preview:-1\" \/>\n<link rel=\"canonical\" href=\"https:\/\/cyclesdevos.be\/nl\/product\/kymco-agility-16\/\" \/>\n<meta property=\"og:locale\" content=\"nl_BE\" \/>\n<meta property=\"og:type\" content=\"article\" \/>\n<meta property=\"og:title\" content=\"Kymco Agility 16+ 50 - Cycles Devos\" \/>\n<meta property=\"og:description\" content=\"Cette version grandes roues du best-seller des scooters 50cm3 de\u00a0Kymco\u00a0ne manquera pas de vous plaire.\u00a0Confortable et offrant une position de conduite id\u00e9ale en ville l\u2019Agility 16+ est le scooter qu\u2019il vous faut pour vos trajets urbains.    Moteur Monocylindre 49,9 cm3, EURO5, injection, 4T, refroidissement par air   Puissance maxi* 3,2 cv\u00a0\u00e0 7000 tr\/min   Consommation* 2,4 l\/100km   Rejet de CO2* 55 g\/km   Transmission Automatique \u00e0 variation continue   \u00a0R\u00e9servoir essence 7 litres   \u00a0    Dimensions (L x l x h) 2050 x 735 x 1210 mm   Empattement 1340 mm   Hauteur de selle 780 mm   Suspension avant Fourche t\u00e9lescopique   Suspension arri\u00e8re Deux Amortisseurs hydraulique r\u00e9glables   Freinage Av : Disque \u00a0Ar : Tambour   Pneu AV \/ AR Av : 100\/80-16 \u00a0Ar : 120\/80-14   Poids 120 Kg\" \/>\n<meta property=\"og:url\" content=\"https:\/\/cyclesdevos.be\/nl\/product\/kymco-agility-16\/\" \/>\n<meta property=\"og:site_name\" content=\"Cycles Devos\" \/>\n<meta property=\"article:modified_time\" content=\"2026-02-05T21:03:02+00:00\" \/>\n<meta property=\"og:image\" content=\"https:\/\/cyclesdevos.be\/wp-content\/uploads\/2021\/06\/agility50-16-R45-noir.jpg\" \/>\n\t<meta property=\"og:image:width\" content=\"1200\" \/>\n\t<meta property=\"og:image:height\" content=\"800\" \/>\n\t<meta property=\"og:image:type\" content=\"image\/jpeg\" \/>\n<meta name=\"twitter:card\" content=\"summary_large_image\" \/>\n<meta name=\"twitter:label1\" content=\"Geschatte leestijd\" \/>\n\t<meta name=\"twitter:data1\" content=\"1 minuut\" \/>\n<script type=\"application\/ld+json\" class=\"yoast-schema-graph\">{\"@context\":\"https:\/\/schema.org\",\"@graph\":[{\"@type\":\"WebPage\",\"@id\":\"https:\/\/cyclesdevos.be\/product\/kymco-agility-16\/\",\"url\":\"https:\/\/cyclesdevos.be\/product\/kymco-agility-16\/\",\"name\":\"Kymco Agility 16+ 50 - Cycles Devos\",\"isPartOf\":{\"@id\":\"https:\/\/cyclesdevos.be\/#website\"},\"primaryImageOfPage\":{\"@id\":\"https:\/\/cyclesdevos.be\/product\/kymco-agility-16\/#primaryimage\"},\"image\":{\"@id\":\"https:\/\/cyclesdevos.be\/product\/kymco-agility-16\/#primaryimage\"},\"thumbnailUrl\":\"https:\/\/cyclesdevos.be\/wp-content\/uploads\/2021\/06\/agility50-16-R45-noir.jpg\",\"datePublished\":\"2021-06-05T12:39:38+00:00\",\"dateModified\":\"2026-02-05T21:03:02+00:00\",\"breadcrumb\":{\"@id\":\"https:\/\/cyclesdevos.be\/product\/kymco-agility-16\/#breadcrumb\"},\"inLanguage\":\"nl-BE\",\"potentialAction\":[{\"@type\":\"ReadAction\",\"target\":[\"https:\/\/cyclesdevos.be\/product\/kymco-agility-16\/\"]}]},{\"@type\":\"ImageObject\",\"inLanguage\":\"nl-BE\",\"@id\":\"https:\/\/cyclesdevos.be\/product\/kymco-agility-16\/#primaryimage\",\"url\":\"https:\/\/cyclesdevos.be\/wp-content\/uploads\/2021\/06\/agility50-16-R45-noir.jpg\",\"contentUrl\":\"https:\/\/cyclesdevos.be\/wp-content\/uploads\/2021\/06\/agility50-16-R45-noir.jpg\",\"width\":1200,\"height\":800},{\"@type\":\"BreadcrumbList\",\"@id\":\"https:\/\/cyclesdevos.be\/product\/kymco-agility-16\/#breadcrumb\",\"itemListElement\":[{\"@type\":\"ListItem\",\"position\":1,\"name\":\"Home\",\"item\":\"https:\/\/cyclesdevos.be\/\"},{\"@type\":\"ListItem\",\"position\":2,\"name\":\"Catalogue\",\"item\":\"https:\/\/cyclesdevos.be\/nl\/catalogue\/\"},{\"@type\":\"ListItem\",\"position\":3,\"name\":\"Kymco Agility 16+ 50\"}]},{\"@type\":\"WebSite\",\"@id\":\"https:\/\/cyclesdevos.be\/#website\",\"url\":\"https:\/\/cyclesdevos.be\/\",\"name\":\"Cycles Devos\",\"description\":\"Soci\u00e9t\u00e9 Familiale depuis 1910\",\"potentialAction\":[{\"@type\":\"SearchAction\",\"target\":{\"@type\":\"EntryPoint\",\"urlTemplate\":\"https:\/\/cyclesdevos.be\/?s={search_term_string}\"},\"query-input\":{\"@type\":\"PropertyValueSpecification\",\"valueRequired\":true,\"valueName\":\"search_term_string\"}}],\"inLanguage\":\"nl-BE\"}]}<\/script>\n<!-- \/ Yoast SEO plugin. -->","yoast_head_json":{"title":"Kymco Agility 16+ 50 - Cycles Devos","robots":{"index":"index","follow":"follow","max-snippet":"max-snippet:-1","max-image-preview":"max-image-preview:large","max-video-preview":"max-video-preview:-1"},"canonical":"https:\/\/cyclesdevos.be\/nl\/product\/kymco-agility-16\/","og_locale":"nl_BE","og_type":"article","og_title":"Kymco Agility 16+ 50 - Cycles Devos","og_description":"Cette version grandes roues du best-seller des scooters 50cm3 de\u00a0Kymco\u00a0ne manquera pas de vous plaire.\u00a0Confortable et offrant une position de conduite id\u00e9ale en ville l\u2019Agility 16+ est le scooter qu\u2019il vous faut pour vos trajets urbains.    Moteur Monocylindre 49,9 cm3, EURO5, injection, 4T, refroidissement par air   Puissance maxi* 3,2 cv\u00a0\u00e0 7000 tr\/min   Consommation* 2,4 l\/100km   Rejet de CO2* 55 g\/km   Transmission Automatique \u00e0 variation continue   \u00a0R\u00e9servoir essence 7 litres   \u00a0    Dimensions (L x l x h) 2050 x 735 x 1210 mm   Empattement 1340 mm   Hauteur de selle 780 mm   Suspension avant Fourche t\u00e9lescopique   Suspension arri\u00e8re Deux Amortisseurs hydraulique r\u00e9glables   Freinage Av : Disque \u00a0Ar : Tambour   Pneu AV \/ AR Av : 100\/80-16 \u00a0Ar : 120\/80-14   Poids 120 Kg","og_url":"https:\/\/cyclesdevos.be\/nl\/product\/kymco-agility-16\/","og_site_name":"Cycles Devos","article_modified_time":"2026-02-05T21:03:02+00:00","og_image":[{"width":1200,"height":800,"url":"https:\/\/cyclesdevos.be\/wp-content\/uploads\/2021\/06\/agility50-16-R45-noir.jpg","type":"image\/jpeg"}],"twitter_card":"summary_large_image","twitter_misc":{"Geschatte leestijd":"1 minuut"},"schema":{"@context":"https:\/\/schema.org","@graph":[{"@type":"WebPage","@id":"https:\/\/cyclesdevos.be\/product\/kymco-agility-16\/","url":"https:\/\/cyclesdevos.be\/product\/kymco-agility-16\/","name":"Kymco Agility 16+ 50 - Cycles Devos","isPartOf":{"@id":"https:\/\/cyclesdevos.be\/#website"},"primaryImageOfPage":{"@id":"https:\/\/cyclesdevos.be\/product\/kymco-agility-16\/#primaryimage"},"image":{"@id":"https:\/\/cyclesdevos.be\/product\/kymco-agility-16\/#primaryimage"},"thumbnailUrl":"https:\/\/cyclesdevos.be\/wp-content\/uploads\/2021\/06\/agility50-16-R45-noir.jpg","datePublished":"2021-06-05T12:39:38+00:00","dateModified":"2026-02-05T21:03:02+00:00","breadcrumb":{"@id":"https:\/\/cyclesdevos.be\/product\/kymco-agility-16\/#breadcrumb"},"inLanguage":"nl-BE","potentialAction":[{"@type":"ReadAction","target":["https:\/\/cyclesdevos.be\/product\/kymco-agility-16\/"]}]},{"@type":"ImageObject","inLanguage":"nl-BE","@id":"https:\/\/cyclesdevos.be\/product\/kymco-agility-16\/#primaryimage","url":"https:\/\/cyclesdevos.be\/wp-content\/uploads\/2021\/06\/agility50-16-R45-noir.jpg","contentUrl":"https:\/\/cyclesdevos.be\/wp-content\/uploads\/2021\/06\/agility50-16-R45-noir.jpg","width":1200,"height":800},{"@type":"BreadcrumbList","@id":"https:\/\/cyclesdevos.be\/product\/kymco-agility-16\/#breadcrumb","itemListElement":[{"@type":"ListItem","position":1,"name":"Home","item":"https:\/\/cyclesdevos.be\/"},{"@type":"ListItem","position":2,"name":"Catalogue","item":"https:\/\/cyclesdevos.be\/nl\/catalogue\/"},{"@type":"ListItem","position":3,"name":"Kymco Agility 16+ 50"}]},{"@type":"WebSite","@id":"https:\/\/cyclesdevos.be\/#website","url":"https:\/\/cyclesdevos.be\/","name":"Cycles Devos","description":"Familiebedrijf sinds 1910","potentialAction":[{"@type":"SearchAction","target":{"@type":"EntryPoint","urlTemplate":"https:\/\/cyclesdevos.be\/?s={search_term_string}"},"query-input":{"@type":"PropertyValueSpecification","valueRequired":true,"valueName":"search_term_string"}}],"inLanguage":"nl-BE"}]}},"df_price":2099,"df_sale_price":"","df_regular_price":2099,"df_image_link":"https:\/\/cyclesdevos.be\/wp-content\/uploads\/2021\/06\/agility50-16-R45-noir-400x267.jpg","_links":{"self":[{"href":"https:\/\/cyclesdevos.be\/nl\/wp-json\/wp\/v2\/product\/8443","targetHints":{"allow":["GET"]}}],"collection":[{"href":"https:\/\/cyclesdevos.be\/nl\/wp-json\/wp\/v2\/product"}],"about":[{"href":"https:\/\/cyclesdevos.be\/nl\/wp-json\/wp\/v2\/types\/product"}],"wp:featuredmedia":[{"embeddable":true,"href":"https:\/\/cyclesdevos.be\/nl\/wp-json\/wp\/v2\/media\/8446"}],"wp:attachment":[{"href":"https:\/\/cyclesdevos.be\/nl\/wp-json\/wp\/v2\/media?parent=8443"}],"wp:term":[{"taxonomy":"product_brand","embeddable":true,"href":"https:\/\/cyclesdevos.be\/nl\/wp-json\/wp\/v2\/product_brand?post=8443"},{"taxonomy":"product_cat","embeddable":true,"href":"https:\/\/cyclesdevos.be\/nl\/wp-json\/wp\/v2\/product_cat?post=8443"},{"taxonomy":"product_tag","embeddable":true,"href":"https:\/\/cyclesdevos.be\/nl\/wp-json\/wp\/v2\/product_tag?post=8443"}],"curies":[{"name":"wp","href":"https:\/\/api.w.org\/{rel}","templated":true}]}}