{"id":7857,"date":"2021-01-29T12:14:41","date_gmt":"2021-01-29T11:14:41","guid":{"rendered":"https:\/\/cyclesdevos.be\/?post_type=product&#038;p=7857"},"modified":"2024-12-10T22:02:21","modified_gmt":"2024-12-10T21:02:21","slug":"piaggio-liberty-s-4t-i-get","status":"publish","type":"product","link":"https:\/\/cyclesdevos.be\/en\/product\/piaggio-liberty-s-4t-i-get\/","title":{"rendered":"Piaggio Liberty S 50cc"},"content":{"rendered":"<div class=\"editorial__text text--body\">\n<div class=\"editorial__content\">\n<h3 class=\"editorial__title text--heading-m\">LCD screen<\/h3>\n<div class=\"editorial__text text--body\">\n<p>The front apron of the Piaggio Liberty S 50 is designed to offer good protection in wet weather: it features the classic vertical design element to match the indicators. The instrument panel is a mix of analogue and digital, with a refined layout: all the information is summarised in a modern LCD display that can be operated using a button on the right-hand side of the handlebars. The classic needle-type speedometer is in the middle.<\/p>\n<\/div>\n<p class=\"editorial__cta padding-left-right-0\">\n<\/div>\n<figure class=\"editorial__figure\"><img loading=\"lazy\" decoding=\"async\" class=\"image\" src=\"https:\/\/wlassets.piaggio.com\/wlassets\/piaggio\/master\/range\/Liberty\/models_page\/liberty_125_150_S\/EU5\/Liberty_S_front\/original\/Liberty_S_front.jpg?1612276779585\" alt=\"\" width=\"419\" height=\"315\" data-src=\"https:\/\/wlassets.piaggio.com\/wlassets\/piaggio\/master\/range\/Liberty\/models_page\/liberty_125_150_S\/EU5\/Liberty_S_front\/original\/Liberty_S_front.jpg?1612276779585\" data-loaded=\"true\" \/><\/figure>\n<div class=\"editorial__content\">\n<h3 class=\"editorial__title text--heading-m\">Refined style<\/h3>\n<div class=\"editorial__text text--body\">\n<p>Piaggio Liberty S 50 boasts a sporty look, with black trim, seven-spoke light-alloy wheels and a luggage rack that doubles as passenger handgrips. Not to be overlooked is the ample storage space in the rear apron, which can be fitted with an optional USB socket for charging your phone while on the move.<\/p>\n<\/div>\n<p class=\"editorial__cta padding-left-right-0\">\n<\/div>\n<figure class=\"editorial__figure\"><img loading=\"lazy\" decoding=\"async\" class=\"image\" src=\"https:\/\/wlassets.piaggio.com\/wlassets\/piaggio\/master\/range\/Liberty\/models_page\/liberty_125_150_S\/EU5\/Libert_S_nero\/original\/Libert_S_nero.jpg?1612276779585\" alt=\"\" width=\"415\" height=\"312\" data-src=\"https:\/\/wlassets.piaggio.com\/wlassets\/piaggio\/master\/range\/Liberty\/models_page\/liberty_125_150_S\/EU5\/Libert_S_nero\/original\/Libert_S_nero.jpg?1612276779585\" data-loaded=\"true\" \/><\/figure>\n<div class=\"editorial__content\">\n<h3 class=\"editorial__title text--heading-m\">Space for luggage<\/h3>\n<div class=\"editorial__text text--body\">\n<p>By lifting the seat of the Piaggio Liberty 50 S, which can be opened by means of a button on the handlebars, you can access a compartment for a jet helmet with visor. A bag hook is also attached to the counter-shield. The flat, comfortable and wide floor always ensures that your feet are in the right position, which is an advantage in terms of comfort.<\/p>\n<\/div>\n<p class=\"editorial__cta padding-left-right-0\">\n<\/div>\n<figure class=\"editorial__figure\"><img loading=\"lazy\" decoding=\"async\" class=\"image\" src=\"https:\/\/wlassets.piaggio.com\/wlassets\/piaggio\/master\/range\/Liberty\/models_page\/liberty_125_150_S\/EU5\/Liberty_S_3_4\/original\/Liberty_S_3_4.jpg?1612276779585\" alt=\"\" width=\"417\" height=\"313\" data-src=\"https:\/\/wlassets.piaggio.com\/wlassets\/piaggio\/master\/range\/Liberty\/models_page\/liberty_125_150_S\/EU5\/Liberty_S_3_4\/original\/Liberty_S_3_4.jpg?1612276779585\" data-loaded=\"true\" \/><\/figure>\n<p>&nbsp;<\/p>\n<\/div>\n<p>&nbsp;<\/p>\n<p>&nbsp;<\/p>\n<p>&nbsp;<\/p>","protected":false},"excerpt":{"rendered":"<h2 class=\"editorial__title text--heading-l\">Even cooler<\/h2>\n<div class=\"editorial__text text--body editorial__text--two-columns\">\n<p>Piaggio Liberty S 50 is even bolder: it can be identified by the red stitching on the seat, the rims and the black-painted rear-view mirrors and luggage rack. At its heart is the Euro 5 50cc single-cylinder engine featuring i-get technology (Italian Green Experience Technology) based on 3-valve valve timing. The result is top performance, reliability and low fuel consumption. There's plenty of detail to enhance comfort: the under-seat compartment can accommodate a jet helmet with visor, there's a glove compartment in the rear apron and the instrument panel combines analogue and digital displays for maximum clarity day and night. The elegant, curvaceous look of the Liberty S 50 is complemented by a black finish and large-diameter wheels: the front wheel is 16\" and the rear wheel 14\" to ensure a stable ride.<\/p>\n<p><a class=\"link-to-pdf\" title=\"Liberty_S_50\" href=\"https:\/\/cyclesdevos.be\/wp-content\/uploads\/2021\/01\/Liberty_S_50.pdf\" target=\"_blank\" rel=\"attachment noopener wp-att-8271\"><img loading=\"lazy\" decoding=\"async\" class=\"alignnone size-medium wp-image-8273 thumb-of-pdf\" src=\"https:\/\/cyclesdevos.be\/wp-content\/uploads\/2021\/01\/Liberty_S_50-pdf-283x400.jpg\" alt=\"thumbnail of Liberty_S_50\" width=\"283\" height=\"400\" srcset=\"https:\/\/cyclesdevos.be\/wp-content\/uploads\/2021\/01\/Liberty_S_50-pdf-283x400.jpg 283w, https:\/\/cyclesdevos.be\/wp-content\/uploads\/2021\/01\/Liberty_S_50-pdf-247x349.jpg 247w, https:\/\/cyclesdevos.be\/wp-content\/uploads\/2021\/01\/Liberty_S_50-pdf-510x721.jpg 510w, https:\/\/cyclesdevos.be\/wp-content\/uploads\/2021\/01\/Liberty_S_50-pdf-8x12.jpg 8w, https:\/\/cyclesdevos.be\/wp-content\/uploads\/2021\/01\/Liberty_S_50-pdf-380x537.jpg 380w, https:\/\/cyclesdevos.be\/wp-content\/uploads\/2021\/01\/Liberty_S_50-pdf-580x820.jpg 580w, https:\/\/cyclesdevos.be\/wp-content\/uploads\/2021\/01\/Liberty_S_50-pdf.jpg 724w\" sizes=\"auto, (max-width: 283px) 100vw, 283px\" \/><\/a><\/p>\n<\/div>","protected":false},"featured_media":7862,"template":"","meta":[],"product_brand":[],"product_cat":[31,33],"product_tag":[103],"class_list":{"0":"post-7857","1":"product","2":"type-product","3":"status-publish","4":"has-post-thumbnail","6":"product_cat-scooters","7":"product_cat-scooters-50cc","8":"product_tag-piaggio","9":"pa_couple-29-nm-a-6-500-tr-min","10":"pa_marques-de-scooter-piaggio","11":"pa_modele-liberty-s","12":"pa_poids-88-kg","13":"pa_puissance-22-kw-a-7-750-tr-min","14":"pa_refroidissement-air","15":"pa_reservoir-a-essence-6-litres","16":"pa_systeme-de-carburation-injection-electronique","18":"first","19":"onbackorder","20":"taxable","21":"shipping-taxable","22":"purchasable","23":"product-type-variable"},"yoast_head":"<!-- This site is optimized with the Yoast SEO plugin v26.9 - https:\/\/yoast.com\/product\/yoast-seo-wordpress\/ -->\n<title>Piaggio Liberty S 50cc - Cycles Devos<\/title>\n<meta name=\"robots\" content=\"index, follow, max-snippet:-1, max-image-preview:large, max-video-preview:-1\" \/>\n<link rel=\"canonical\" href=\"https:\/\/cyclesdevos.be\/en\/product\/piaggio-liberty-s-4t-i-get\/\" \/>\n<meta property=\"og:locale\" content=\"en_GB\" \/>\n<meta property=\"og:type\" content=\"article\" \/>\n<meta property=\"og:title\" content=\"Piaggio Liberty S 50cc - Cycles Devos\" \/>\n<meta property=\"og:description\" content=\"Encore plus cool   Piaggio Liberty S 50 est encore plus audacieux : il se reconna\u00eet aux surpiq\u00fbres rouges de la selle, aux jantes et aux r\u00e9troviseurs et porte-bagages peints en noir. Son c\u0153ur est le moteur monocylindre Euro 5 de 50 cm\u00b3 \u00e9quip\u00e9 de la technologie i-get (Italian Green Experience Technology) ax\u00e9e sur une distribution \u00e0 3 soupapes. Cela se traduit par des performances de pointe, fiabilit\u00e9 et faible consommation. Beaucoup de d\u00e9tails pour am\u00e9liorer le confort : le compartiment sous la selle peut accueillir un casque jet avec visi\u00e8re, une bo\u00eete \u00e0 gants a \u00e9t\u00e9 pr\u00e9vue dans le contre-tablier et le tableau de bord mixe analogie et num\u00e9rique pour une clart\u00e9 maximale de jour comme de nuit. L&#039;allure \u00e9l\u00e9gante et tout en courbe du Liberty S 50 est agr\u00e9ment\u00e9e de finitions noires et de jantes de grand diam\u00e8tre : la roue avant est de 16\u201d et la roue arri\u00e8re de 14\u201d pour garantir une grande stabilit\u00e9 de conduite.\" \/>\n<meta property=\"og:url\" content=\"https:\/\/cyclesdevos.be\/en\/product\/piaggio-liberty-s-4t-i-get\/\" \/>\n<meta property=\"og:site_name\" content=\"Cycles Devos\" \/>\n<meta property=\"article:modified_time\" content=\"2024-12-10T21:02:21+00:00\" \/>\n<meta property=\"og:image\" content=\"https:\/\/cyclesdevos.be\/wp-content\/uploads\/2021\/01\/2020_11_Piaggio_Liberty_S_Nerometeora_LatDX_bianco-1100x786.jpg\" \/>\n\t<meta property=\"og:image:width\" content=\"1100\" \/>\n\t<meta property=\"og:image:height\" content=\"786\" \/>\n\t<meta property=\"og:image:type\" content=\"image\/jpeg\" \/>\n<meta name=\"twitter:card\" content=\"summary_large_image\" \/>\n<meta name=\"twitter:label1\" content=\"Estimated reading time\" \/>\n\t<meta name=\"twitter:data1\" content=\"2 minutes\" \/>\n<script type=\"application\/ld+json\" class=\"yoast-schema-graph\">{\"@context\":\"https:\/\/schema.org\",\"@graph\":[{\"@type\":\"WebPage\",\"@id\":\"https:\/\/cyclesdevos.be\/product\/piaggio-liberty-s-4t-i-get\/\",\"url\":\"https:\/\/cyclesdevos.be\/product\/piaggio-liberty-s-4t-i-get\/\",\"name\":\"Piaggio Liberty S 50cc - Cycles Devos\",\"isPartOf\":{\"@id\":\"https:\/\/cyclesdevos.be\/#website\"},\"primaryImageOfPage\":{\"@id\":\"https:\/\/cyclesdevos.be\/product\/piaggio-liberty-s-4t-i-get\/#primaryimage\"},\"image\":{\"@id\":\"https:\/\/cyclesdevos.be\/product\/piaggio-liberty-s-4t-i-get\/#primaryimage\"},\"thumbnailUrl\":\"https:\/\/cyclesdevos.be\/wp-content\/uploads\/2021\/01\/2020_11_Piaggio_Liberty_S_Nerometeora_LatDX_bianco-1100x786.jpg\",\"datePublished\":\"2021-01-29T11:14:41+00:00\",\"dateModified\":\"2024-12-10T21:02:21+00:00\",\"breadcrumb\":{\"@id\":\"https:\/\/cyclesdevos.be\/product\/piaggio-liberty-s-4t-i-get\/#breadcrumb\"},\"inLanguage\":\"en-GB\",\"potentialAction\":[{\"@type\":\"ReadAction\",\"target\":[\"https:\/\/cyclesdevos.be\/product\/piaggio-liberty-s-4t-i-get\/\"]}]},{\"@type\":\"ImageObject\",\"inLanguage\":\"en-GB\",\"@id\":\"https:\/\/cyclesdevos.be\/product\/piaggio-liberty-s-4t-i-get\/#primaryimage\",\"url\":\"https:\/\/cyclesdevos.be\/wp-content\/uploads\/2021\/01\/2020_11_Piaggio_Liberty_S_Nerometeora_LatDX_bianco-1100x786.jpg\",\"contentUrl\":\"https:\/\/cyclesdevos.be\/wp-content\/uploads\/2021\/01\/2020_11_Piaggio_Liberty_S_Nerometeora_LatDX_bianco-1100x786.jpg\",\"width\":1100,\"height\":786},{\"@type\":\"BreadcrumbList\",\"@id\":\"https:\/\/cyclesdevos.be\/product\/piaggio-liberty-s-4t-i-get\/#breadcrumb\",\"itemListElement\":[{\"@type\":\"ListItem\",\"position\":1,\"name\":\"Home\",\"item\":\"https:\/\/cyclesdevos.be\/\"},{\"@type\":\"ListItem\",\"position\":2,\"name\":\"Catalogue\",\"item\":\"https:\/\/cyclesdevos.be\/nl\/catalogue\/\"},{\"@type\":\"ListItem\",\"position\":3,\"name\":\"Piaggio Liberty S 50cc\"}]},{\"@type\":\"WebSite\",\"@id\":\"https:\/\/cyclesdevos.be\/#website\",\"url\":\"https:\/\/cyclesdevos.be\/\",\"name\":\"Cycles Devos\",\"description\":\"Soci\u00e9t\u00e9 Familiale depuis 1910\",\"potentialAction\":[{\"@type\":\"SearchAction\",\"target\":{\"@type\":\"EntryPoint\",\"urlTemplate\":\"https:\/\/cyclesdevos.be\/?s={search_term_string}\"},\"query-input\":{\"@type\":\"PropertyValueSpecification\",\"valueRequired\":true,\"valueName\":\"search_term_string\"}}],\"inLanguage\":\"en-GB\"}]}<\/script>\n<!-- \/ Yoast SEO plugin. -->","yoast_head_json":{"title":"Piaggio Liberty S 50cc - Cycles Devos","robots":{"index":"index","follow":"follow","max-snippet":"max-snippet:-1","max-image-preview":"max-image-preview:large","max-video-preview":"max-video-preview:-1"},"canonical":"https:\/\/cyclesdevos.be\/en\/product\/piaggio-liberty-s-4t-i-get\/","og_locale":"en_GB","og_type":"article","og_title":"Piaggio Liberty S 50cc - Cycles Devos","og_description":"Encore plus cool   Piaggio Liberty S 50 est encore plus audacieux : il se reconna\u00eet aux surpiq\u00fbres rouges de la selle, aux jantes et aux r\u00e9troviseurs et porte-bagages peints en noir. Son c\u0153ur est le moteur monocylindre Euro 5 de 50 cm\u00b3 \u00e9quip\u00e9 de la technologie i-get (Italian Green Experience Technology) ax\u00e9e sur une distribution \u00e0 3 soupapes. Cela se traduit par des performances de pointe, fiabilit\u00e9 et faible consommation. Beaucoup de d\u00e9tails pour am\u00e9liorer le confort : le compartiment sous la selle peut accueillir un casque jet avec visi\u00e8re, une bo\u00eete \u00e0 gants a \u00e9t\u00e9 pr\u00e9vue dans le contre-tablier et le tableau de bord mixe analogie et num\u00e9rique pour une clart\u00e9 maximale de jour comme de nuit. L'allure \u00e9l\u00e9gante et tout en courbe du Liberty S 50 est agr\u00e9ment\u00e9e de finitions noires et de jantes de grand diam\u00e8tre : la roue avant est de 16\u201d et la roue arri\u00e8re de 14\u201d pour garantir une grande stabilit\u00e9 de conduite.","og_url":"https:\/\/cyclesdevos.be\/en\/product\/piaggio-liberty-s-4t-i-get\/","og_site_name":"Cycles Devos","article_modified_time":"2024-12-10T21:02:21+00:00","og_image":[{"width":1100,"height":786,"url":"https:\/\/cyclesdevos.be\/wp-content\/uploads\/2021\/01\/2020_11_Piaggio_Liberty_S_Nerometeora_LatDX_bianco-1100x786.jpg","type":"image\/jpeg"}],"twitter_card":"summary_large_image","twitter_misc":{"Estimated reading time":"2 minutes"},"schema":{"@context":"https:\/\/schema.org","@graph":[{"@type":"WebPage","@id":"https:\/\/cyclesdevos.be\/product\/piaggio-liberty-s-4t-i-get\/","url":"https:\/\/cyclesdevos.be\/product\/piaggio-liberty-s-4t-i-get\/","name":"Piaggio Liberty S 50cc - Cycles Devos","isPartOf":{"@id":"https:\/\/cyclesdevos.be\/#website"},"primaryImageOfPage":{"@id":"https:\/\/cyclesdevos.be\/product\/piaggio-liberty-s-4t-i-get\/#primaryimage"},"image":{"@id":"https:\/\/cyclesdevos.be\/product\/piaggio-liberty-s-4t-i-get\/#primaryimage"},"thumbnailUrl":"https:\/\/cyclesdevos.be\/wp-content\/uploads\/2021\/01\/2020_11_Piaggio_Liberty_S_Nerometeora_LatDX_bianco-1100x786.jpg","datePublished":"2021-01-29T11:14:41+00:00","dateModified":"2024-12-10T21:02:21+00:00","breadcrumb":{"@id":"https:\/\/cyclesdevos.be\/product\/piaggio-liberty-s-4t-i-get\/#breadcrumb"},"inLanguage":"en-GB","potentialAction":[{"@type":"ReadAction","target":["https:\/\/cyclesdevos.be\/product\/piaggio-liberty-s-4t-i-get\/"]}]},{"@type":"ImageObject","inLanguage":"en-GB","@id":"https:\/\/cyclesdevos.be\/product\/piaggio-liberty-s-4t-i-get\/#primaryimage","url":"https:\/\/cyclesdevos.be\/wp-content\/uploads\/2021\/01\/2020_11_Piaggio_Liberty_S_Nerometeora_LatDX_bianco-1100x786.jpg","contentUrl":"https:\/\/cyclesdevos.be\/wp-content\/uploads\/2021\/01\/2020_11_Piaggio_Liberty_S_Nerometeora_LatDX_bianco-1100x786.jpg","width":1100,"height":786},{"@type":"BreadcrumbList","@id":"https:\/\/cyclesdevos.be\/product\/piaggio-liberty-s-4t-i-get\/#breadcrumb","itemListElement":[{"@type":"ListItem","position":1,"name":"Home","item":"https:\/\/cyclesdevos.be\/"},{"@type":"ListItem","position":2,"name":"Catalogue","item":"https:\/\/cyclesdevos.be\/nl\/catalogue\/"},{"@type":"ListItem","position":3,"name":"Piaggio Liberty S 50cc"}]},{"@type":"WebSite","@id":"https:\/\/cyclesdevos.be\/#website","url":"https:\/\/cyclesdevos.be\/","name":"Cycles Devos","description":"Family-owned company since 1910","potentialAction":[{"@type":"SearchAction","target":{"@type":"EntryPoint","urlTemplate":"https:\/\/cyclesdevos.be\/?s={search_term_string}"},"query-input":{"@type":"PropertyValueSpecification","valueRequired":true,"valueName":"search_term_string"}}],"inLanguage":"en-GB"}]}},"df_price":2829,"df_sale_price":"","df_regular_price":2829,"df_image_link":"https:\/\/cyclesdevos.be\/wp-content\/uploads\/2021\/01\/2020_11_Piaggio_Liberty_S_Nerometeora_LatDX_bianco-1100x786-400x286.jpg","_links":{"self":[{"href":"https:\/\/cyclesdevos.be\/en\/wp-json\/wp\/v2\/product\/7857","targetHints":{"allow":["GET"]}}],"collection":[{"href":"https:\/\/cyclesdevos.be\/en\/wp-json\/wp\/v2\/product"}],"about":[{"href":"https:\/\/cyclesdevos.be\/en\/wp-json\/wp\/v2\/types\/product"}],"wp:featuredmedia":[{"embeddable":true,"href":"https:\/\/cyclesdevos.be\/en\/wp-json\/wp\/v2\/media\/7862"}],"wp:attachment":[{"href":"https:\/\/cyclesdevos.be\/en\/wp-json\/wp\/v2\/media?parent=7857"}],"wp:term":[{"taxonomy":"product_brand","embeddable":true,"href":"https:\/\/cyclesdevos.be\/en\/wp-json\/wp\/v2\/product_brand?post=7857"},{"taxonomy":"product_cat","embeddable":true,"href":"https:\/\/cyclesdevos.be\/en\/wp-json\/wp\/v2\/product_cat?post=7857"},{"taxonomy":"product_tag","embeddable":true,"href":"https:\/\/cyclesdevos.be\/en\/wp-json\/wp\/v2\/product_tag?post=7857"}],"curies":[{"name":"wp","href":"https:\/\/api.w.org\/{rel}","templated":true}]}}