{"id":25934,"date":"2025-09-04T18:44:35","date_gmt":"2025-09-04T16:44:35","guid":{"rendered":"https:\/\/cyclesdevos.be\/product\/kathmandu-hybrid-one-800-4\/"},"modified":"2026-02-13T12:11:39","modified_gmt":"2026-02-13T11:11:39","slug":"kathmandu-hybrid-one-800-4","status":"publish","type":"product","link":"https:\/\/cyclesdevos.be\/en\/product\/kathmandu-hybrid-one-800-4\/","title":{"rendered":"KATHMANDU HYBRID ONE 800"},"content":{"rendered":"<p>KATHMANDU HYBRID ONE 800 &#8211; Metallicgrey\u00b4N\u00b4Grey<\/p>\n<p>Le cadre Easy Entry du Kathmandu Hybrid est con\u00e7u pour tenir ses promesses, rendant le cyclisme aventureux aussi accessible et simple que possible. Le moteur Bosch CX soigneusement int\u00e9gr\u00e9 et la batterie PowerTube de 800 Wh ne sont qu&rsquo;un d\u00e9but. La g\u00e9om\u00e9trie Effcient Comfort est con\u00e7ue autour d&rsquo;une fourche suspendue avec un d\u00e9battement de 100 mm, pour un meilleur contr\u00f4le m\u00eame lorsque les conditions deviennent difficiles. Les c\u00e2bles int\u00e9gr\u00e9s compl\u00e8tent les lignes \u00e9pur\u00e9es du cadre et contribuent \u00e0 r\u00e9duire le besoin de maintenance, sans oublier la patte UDH robuste, polyvalente et \u00e9volutive. Et bien s\u00fbr, il y a un support de garde-cha\u00eene int\u00e9gr\u00e9 et notre Integrated Carrier 3.0 r\u00e9sistant, robuste et exceptionnellement soign\u00e9, pour que vous puissiez transporter tout ce dont vous avez besoin pour vos aventures.<\/p>\n<p>Roulez partout o\u00f9 vous le souhaitez et emportez tout ce dont vous avez besoin avec vous, avec le Kathmandu Hybrid ONE de CUBE. Son superbe design, son Integrated Carrier 3.0 aussi robuste que versatile et sa puissante unit\u00e9 motrice Bosch rendent ce v\u00e9lo indispensable. Quelle que soit la taille de votre monde, c&rsquo;est le v\u00e9lo qu&rsquo;il vous faut.<\/p>\n<p>L&rsquo;aventure, c\u2019est vous qui l\u2019a cr\u00e9\u00e9, et le Kathmandu Hybrid ONE de CUBE am\u00e9liorera toute aventure propuls\u00e9e par des p\u00e9dales. Avec sa batterie PowerTube de 800 Wh et son moteur Bosch CX, vous disposez d&rsquo;une assistance au p\u00e9dalage allant jusqu&rsquo;\u00e0 85 Nm. Combin\u00e9 \u00e0 la facilit\u00e9 de changement de vitesse et \u00e0 la large plage de la transmission Shimano Cues 1&#215;10 vitesses, c&rsquo;est plus que suffisant pour emprunter n&rsquo;importe quel itin\u00e9raire en toute simplicit\u00e9. La fourche suspendue pneumatique Suntour, la tige de selle suspendue et la potence r\u00e9glable sont l\u00e0 pour rendre agr\u00e9ables m\u00eame les journ\u00e9es les plus longues pass\u00e9es sur la selle. Les freins \u00e0 disque hydrauliques Shimano solides et fiables vous permettent de vous arr\u00eater en toute s\u00e9curit\u00e9 par tous les temps. Et une gamme compl\u00e8te d&rsquo;accessoires, notamment des phares et des garde-boue pour accompagner notre Integrated Carrier 3.0, vous pr\u00e9pare \u00e0 toute \u00e9ventualit\u00e9.<\/p>\n<p>&nbsp;<\/p>\n<p>&nbsp;<\/p>","protected":false},"excerpt":{"rendered":"<p>KATHMANDU HYBRID ONE 800 &#8211; Metallicgrey\u00b4N\u00b4Grey Le cadre Easy Entry du Kathmandu Hybrid est con\u00e7u pour tenir ses promesses, rendant le cyclisme aventureux aussi accessible et simple que possible. Le moteur Bosch CX soigneusement int\u00e9gr\u00e9 et la batterie PowerTube de 800 Wh ne sont qu&rsquo;un d\u00e9but. La g\u00e9om\u00e9trie Effcient Comfort est con\u00e7ue autour d&rsquo;une fourche [&#8230;]\n","protected":false},"featured_media":25935,"template":"","meta":[],"product_brand":[],"product_cat":[1641,1669,1185,1187,1670,68,69],"product_tag":[],"class_list":{"0":"post-25934","1":"product","2":"type-product","3":"status-publish","4":"has-post-thumbnail","6":"product_cat-cube-2026","7":"product_cat-e-bikes","8":"product_cat-e-bike-cube","9":"product_cat-e-city-tour","10":"product_cat-trekking-e-bikes","11":"product_cat-velos-electriques","12":"product_cat-city-trekking","14":"first","15":"instock","16":"taxable","17":"shipping-taxable","18":"purchasable","19":"product-type-variable"},"yoast_head":"<!-- This site is optimized with the Yoast SEO plugin v27.3 - https:\/\/yoast.com\/product\/yoast-seo-wordpress\/ -->\n<title>KATHMANDU HYBRID ONE 800 - Cycles Devos<\/title>\n<meta name=\"robots\" content=\"index, follow, max-snippet:-1, max-image-preview:large, max-video-preview:-1\" \/>\n<link rel=\"canonical\" href=\"https:\/\/cyclesdevos.be\/en\/product\/kathmandu-hybrid-one-800-4\/\" \/>\n<meta property=\"og:locale\" content=\"en_GB\" \/>\n<meta property=\"og:type\" content=\"article\" \/>\n<meta property=\"og:title\" content=\"KATHMANDU HYBRID ONE 800 - Cycles Devos\" \/>\n<meta property=\"og:description\" content=\"KATHMANDU HYBRID ONE 800 &#8211; Metallicgrey\u00b4N\u00b4Grey Le cadre Easy Entry du Kathmandu Hybrid est con\u00e7u pour tenir ses promesses, rendant le cyclisme aventureux aussi accessible et simple que possible. Le moteur Bosch CX soigneusement int\u00e9gr\u00e9 et la batterie PowerTube de 800 Wh ne sont qu&rsquo;un d\u00e9but. La g\u00e9om\u00e9trie Effcient Comfort est con\u00e7ue autour d&rsquo;une fourche [...]\" \/>\n<meta property=\"og:url\" content=\"https:\/\/cyclesdevos.be\/en\/product\/kathmandu-hybrid-one-800-4\/\" \/>\n<meta property=\"og:site_name\" content=\"Cycles Devos\" \/>\n<meta property=\"article:modified_time\" content=\"2026-02-13T11:11:39+00:00\" \/>\n<meta property=\"og:image\" content=\"https:\/\/cyclesdevos.be\/wp-content\/uploads\/2025\/09\/synqup_112112_360I_00.jpg\" \/>\n\t<meta property=\"og:image:width\" content=\"1920\" \/>\n\t<meta property=\"og:image:height\" content=\"1275\" \/>\n\t<meta property=\"og:image:type\" content=\"image\/jpeg\" \/>\n<meta name=\"twitter:card\" content=\"summary_large_image\" \/>\n<meta name=\"twitter:label1\" content=\"Estimated reading time\" \/>\n\t<meta name=\"twitter:data1\" content=\"2 minutes\" \/>\n<script type=\"application\/ld+json\" class=\"yoast-schema-graph\">{\"@context\":\"https:\\\/\\\/schema.org\",\"@graph\":[{\"@type\":\"WebPage\",\"@id\":\"https:\\\/\\\/cyclesdevos.be\\\/product\\\/kathmandu-hybrid-one-800-4\\\/\",\"url\":\"https:\\\/\\\/cyclesdevos.be\\\/product\\\/kathmandu-hybrid-one-800-4\\\/\",\"name\":\"KATHMANDU HYBRID ONE 800 - Cycles Devos\",\"isPartOf\":{\"@id\":\"https:\\\/\\\/cyclesdevos.be\\\/#website\"},\"primaryImageOfPage\":{\"@id\":\"https:\\\/\\\/cyclesdevos.be\\\/product\\\/kathmandu-hybrid-one-800-4\\\/#primaryimage\"},\"image\":{\"@id\":\"https:\\\/\\\/cyclesdevos.be\\\/product\\\/kathmandu-hybrid-one-800-4\\\/#primaryimage\"},\"thumbnailUrl\":\"https:\\\/\\\/cyclesdevos.be\\\/wp-content\\\/uploads\\\/2025\\\/09\\\/synqup_112112_360I_00.jpg\",\"datePublished\":\"2025-09-04T16:44:35+00:00\",\"dateModified\":\"2026-02-13T11:11:39+00:00\",\"breadcrumb\":{\"@id\":\"https:\\\/\\\/cyclesdevos.be\\\/product\\\/kathmandu-hybrid-one-800-4\\\/#breadcrumb\"},\"inLanguage\":\"en-GB\",\"potentialAction\":[{\"@type\":\"ReadAction\",\"target\":[\"https:\\\/\\\/cyclesdevos.be\\\/product\\\/kathmandu-hybrid-one-800-4\\\/\"]}]},{\"@type\":\"ImageObject\",\"inLanguage\":\"en-GB\",\"@id\":\"https:\\\/\\\/cyclesdevos.be\\\/product\\\/kathmandu-hybrid-one-800-4\\\/#primaryimage\",\"url\":\"https:\\\/\\\/cyclesdevos.be\\\/wp-content\\\/uploads\\\/2025\\\/09\\\/synqup_112112_360I_00.jpg\",\"contentUrl\":\"https:\\\/\\\/cyclesdevos.be\\\/wp-content\\\/uploads\\\/2025\\\/09\\\/synqup_112112_360I_00.jpg\",\"width\":1920,\"height\":1275},{\"@type\":\"BreadcrumbList\",\"@id\":\"https:\\\/\\\/cyclesdevos.be\\\/product\\\/kathmandu-hybrid-one-800-4\\\/#breadcrumb\",\"itemListElement\":[{\"@type\":\"ListItem\",\"position\":1,\"name\":\"Home\",\"item\":\"https:\\\/\\\/cyclesdevos.be\\\/\"},{\"@type\":\"ListItem\",\"position\":2,\"name\":\"Catalogue\",\"item\":\"https:\\\/\\\/cyclesdevos.be\\\/nl\\\/catalogue\\\/\"},{\"@type\":\"ListItem\",\"position\":3,\"name\":\"KATHMANDU HYBRID ONE 800\"}]},{\"@type\":\"WebSite\",\"@id\":\"https:\\\/\\\/cyclesdevos.be\\\/#website\",\"url\":\"https:\\\/\\\/cyclesdevos.be\\\/\",\"name\":\"Cycles Devos\",\"description\":\"Soci\u00e9t\u00e9 Familiale depuis 1910\",\"potentialAction\":[{\"@type\":\"SearchAction\",\"target\":{\"@type\":\"EntryPoint\",\"urlTemplate\":\"https:\\\/\\\/cyclesdevos.be\\\/?s={search_term_string}\"},\"query-input\":{\"@type\":\"PropertyValueSpecification\",\"valueRequired\":true,\"valueName\":\"search_term_string\"}}],\"inLanguage\":\"en-GB\"}]}<\/script>\n<!-- \/ Yoast SEO plugin. -->","yoast_head_json":{"title":"KATHMANDU HYBRID ONE 800 - Cycles Devos","robots":{"index":"index","follow":"follow","max-snippet":"max-snippet:-1","max-image-preview":"max-image-preview:large","max-video-preview":"max-video-preview:-1"},"canonical":"https:\/\/cyclesdevos.be\/en\/product\/kathmandu-hybrid-one-800-4\/","og_locale":"en_GB","og_type":"article","og_title":"KATHMANDU HYBRID ONE 800 - Cycles Devos","og_description":"KATHMANDU HYBRID ONE 800 &#8211; Metallicgrey\u00b4N\u00b4Grey Le cadre Easy Entry du Kathmandu Hybrid est con\u00e7u pour tenir ses promesses, rendant le cyclisme aventureux aussi accessible et simple que possible. Le moteur Bosch CX soigneusement int\u00e9gr\u00e9 et la batterie PowerTube de 800 Wh ne sont qu&rsquo;un d\u00e9but. La g\u00e9om\u00e9trie Effcient Comfort est con\u00e7ue autour d&rsquo;une fourche [...]","og_url":"https:\/\/cyclesdevos.be\/en\/product\/kathmandu-hybrid-one-800-4\/","og_site_name":"Cycles Devos","article_modified_time":"2026-02-13T11:11:39+00:00","og_image":[{"width":1920,"height":1275,"url":"https:\/\/cyclesdevos.be\/wp-content\/uploads\/2025\/09\/synqup_112112_360I_00.jpg","type":"image\/jpeg"}],"twitter_card":"summary_large_image","twitter_misc":{"Estimated reading time":"2 minutes"},"schema":{"@context":"https:\/\/schema.org","@graph":[{"@type":"WebPage","@id":"https:\/\/cyclesdevos.be\/product\/kathmandu-hybrid-one-800-4\/","url":"https:\/\/cyclesdevos.be\/product\/kathmandu-hybrid-one-800-4\/","name":"KATHMANDU HYBRID ONE 800 - Cycles Devos","isPartOf":{"@id":"https:\/\/cyclesdevos.be\/#website"},"primaryImageOfPage":{"@id":"https:\/\/cyclesdevos.be\/product\/kathmandu-hybrid-one-800-4\/#primaryimage"},"image":{"@id":"https:\/\/cyclesdevos.be\/product\/kathmandu-hybrid-one-800-4\/#primaryimage"},"thumbnailUrl":"https:\/\/cyclesdevos.be\/wp-content\/uploads\/2025\/09\/synqup_112112_360I_00.jpg","datePublished":"2025-09-04T16:44:35+00:00","dateModified":"2026-02-13T11:11:39+00:00","breadcrumb":{"@id":"https:\/\/cyclesdevos.be\/product\/kathmandu-hybrid-one-800-4\/#breadcrumb"},"inLanguage":"en-GB","potentialAction":[{"@type":"ReadAction","target":["https:\/\/cyclesdevos.be\/product\/kathmandu-hybrid-one-800-4\/"]}]},{"@type":"ImageObject","inLanguage":"en-GB","@id":"https:\/\/cyclesdevos.be\/product\/kathmandu-hybrid-one-800-4\/#primaryimage","url":"https:\/\/cyclesdevos.be\/wp-content\/uploads\/2025\/09\/synqup_112112_360I_00.jpg","contentUrl":"https:\/\/cyclesdevos.be\/wp-content\/uploads\/2025\/09\/synqup_112112_360I_00.jpg","width":1920,"height":1275},{"@type":"BreadcrumbList","@id":"https:\/\/cyclesdevos.be\/product\/kathmandu-hybrid-one-800-4\/#breadcrumb","itemListElement":[{"@type":"ListItem","position":1,"name":"Home","item":"https:\/\/cyclesdevos.be\/"},{"@type":"ListItem","position":2,"name":"Catalogue","item":"https:\/\/cyclesdevos.be\/nl\/catalogue\/"},{"@type":"ListItem","position":3,"name":"KATHMANDU HYBRID ONE 800"}]},{"@type":"WebSite","@id":"https:\/\/cyclesdevos.be\/#website","url":"https:\/\/cyclesdevos.be\/","name":"Cycles Devos","description":"Family-owned company since 1910","potentialAction":[{"@type":"SearchAction","target":{"@type":"EntryPoint","urlTemplate":"https:\/\/cyclesdevos.be\/?s={search_term_string}"},"query-input":{"@type":"PropertyValueSpecification","valueRequired":true,"valueName":"search_term_string"}}],"inLanguage":"en-GB"}]}},"df_price":3299,"df_sale_price":"","df_regular_price":3299,"df_image_link":"https:\/\/cyclesdevos.be\/wp-content\/uploads\/2025\/09\/synqup_112112_360I_00-400x266.jpg","_links":{"self":[{"href":"https:\/\/cyclesdevos.be\/en\/wp-json\/wp\/v2\/product\/25934","targetHints":{"allow":["GET"]}}],"collection":[{"href":"https:\/\/cyclesdevos.be\/en\/wp-json\/wp\/v2\/product"}],"about":[{"href":"https:\/\/cyclesdevos.be\/en\/wp-json\/wp\/v2\/types\/product"}],"wp:featuredmedia":[{"embeddable":true,"href":"https:\/\/cyclesdevos.be\/en\/wp-json\/wp\/v2\/media\/25935"}],"wp:attachment":[{"href":"https:\/\/cyclesdevos.be\/en\/wp-json\/wp\/v2\/media?parent=25934"}],"wp:term":[{"taxonomy":"product_brand","embeddable":true,"href":"https:\/\/cyclesdevos.be\/en\/wp-json\/wp\/v2\/product_brand?post=25934"},{"taxonomy":"product_cat","embeddable":true,"href":"https:\/\/cyclesdevos.be\/en\/wp-json\/wp\/v2\/product_cat?post=25934"},{"taxonomy":"product_tag","embeddable":true,"href":"https:\/\/cyclesdevos.be\/en\/wp-json\/wp\/v2\/product_tag?post=25934"}],"curies":[{"name":"wp","href":"https:\/\/api.w.org\/{rel}","templated":true}]}}