{"id":25895,"date":"2025-09-04T18:43:40","date_gmt":"2025-09-04T16:43:40","guid":{"rendered":"https:\/\/cyclesdevos.be\/product\/kathmandu-hybrid-pro-800-8\/"},"modified":"2026-02-13T12:11:41","modified_gmt":"2026-02-13T11:11:41","slug":"kathmandu-hybrid-pro-800-8","status":"publish","type":"product","link":"https:\/\/cyclesdevos.be\/en\/product\/kathmandu-hybrid-pro-800-8\/","title":{"rendered":"KATHMANDU HYBRID PRO 800"},"content":{"rendered":"<p>KATHMANDU HYBRID PRO 800 &#8211; Coal\u00b4N\u00b4Black<\/p>\n<p>Vous reconna\u00eetrez instantan\u00e9ment le Kathmandu Hybrid de CUBE comme un mod\u00e8le de v\u00e9lo d&rsquo;une \u00e9l\u00e9gance intemporelle, mais il regorge d&rsquo;innovations et de touches astucieuses. Le moteur Bosch CX soigneusement int\u00e9gr\u00e9 et la batterie PowerTube de 800 Wh ne sont qu&rsquo;un d\u00e9but. La g\u00e9om\u00e9trie Effcient Comfort est con\u00e7ue autour d&rsquo;une fourche suspendue avec un d\u00e9battement de 100 mm, pour un meilleur contr\u00f4le m\u00eame lorsque les conditions deviennent difficiles. Les c\u00e2bles int\u00e9gr\u00e9s compl\u00e8tent les lignes \u00e9pur\u00e9es du cadre et contribuent \u00e0 r\u00e9duire le besoin de maintenance, sans oublier la patte UDH robuste, polyvalente et \u00e9volutive. Et bien s\u00fbr, il y a un support de garde-cha\u00eene int\u00e9gr\u00e9 et notre Integrated Carrier 3.0 r\u00e9sistant, robuste et exceptionnellement soign\u00e9, pour que vous puissiez transporter tout ce dont vous avez besoin pour vos aventures.<\/p>\n<p>Un CUBE hybride est votre passeport vers la libert\u00e9. Avec son puissant moteur Bosch CX et son superbe design CUBE, le Kathmandu Hybrid Pro dispose de tout ce dont vous avez besoin pour explorer plus loin. \u00c9largissez vos horizons, dans le confort et le style.<\/p>\n<p>Le Kathmandu Hybrid Pro de CUBE symbolise la libert\u00e9 des explorations sur deux roues avec l\u2019assistance pratique de la puissance Bosch. Vous ne pouvez pas manquer les lignes \u00e9l\u00e9gantes de l&rsquo;Integrated Carrier 3.0, qui fournit une base solide pour transporter tout ce dont vous avez besoin. Le moteur Bosch CX et la batterie PowerTube de 800 Wh, quant \u00e0 eux, sont si parfaitement int\u00e9gr\u00e9s dans la conception du cadre que vous les remarquerez \u00e0 peine jusqu&rsquo;\u00e0 ce que vous commenciez \u00e0 tourner les p\u00e9dales. \u00c0 ce stade, la large plage et le changement de rapports pr\u00e9cis de la transmission Shimano XT 1&#215;12 vitesses seront forc\u00e9ment utiles, tout comme la puissance douce des freins \u00e0 disque hydrauliques Shimano \u00e0 4 pistons lorsque vous devez ralentir. Avec sa gamme compl\u00e8te d&rsquo;accessoires inclus, dont une tige de selle parall\u00e9logramme ultra-confortable, la seule question qui reste est de savoir quelle sera votre destination&#8230;<\/p>\n<p>&nbsp;<\/p>\n<p>&nbsp;<\/p>","protected":false},"excerpt":{"rendered":"<p>KATHMANDU HYBRID PRO 800 &#8211; Coal\u00b4N\u00b4Black Vous reconna\u00eetrez instantan\u00e9ment le Kathmandu Hybrid de CUBE comme un mod\u00e8le de v\u00e9lo d&rsquo;une \u00e9l\u00e9gance intemporelle, mais il regorge d&rsquo;innovations et de touches astucieuses. Le moteur Bosch CX soigneusement int\u00e9gr\u00e9 et la batterie PowerTube de 800 Wh ne sont qu&rsquo;un d\u00e9but. La g\u00e9om\u00e9trie Effcient Comfort est con\u00e7ue autour d&rsquo;une [&#8230;]\n","protected":false},"featured_media":25896,"template":"","meta":[],"product_brand":[],"product_cat":[1641,1669,1185,1187,1670,68,69],"product_tag":[],"class_list":{"0":"post-25895","1":"product","2":"type-product","3":"status-publish","4":"has-post-thumbnail","6":"product_cat-cube-2026","7":"product_cat-e-bikes","8":"product_cat-e-bike-cube","9":"product_cat-e-city-tour","10":"product_cat-trekking-e-bikes","11":"product_cat-velos-electriques","12":"product_cat-city-trekking","14":"first","15":"instock","16":"taxable","17":"shipping-taxable","18":"purchasable","19":"product-type-variable"},"yoast_head":"<!-- This site is optimized with the Yoast SEO plugin v27.3 - https:\/\/yoast.com\/product\/yoast-seo-wordpress\/ -->\n<title>KATHMANDU HYBRID PRO 800 - Cycles Devos<\/title>\n<meta name=\"robots\" content=\"index, follow, max-snippet:-1, max-image-preview:large, max-video-preview:-1\" \/>\n<link rel=\"canonical\" href=\"https:\/\/cyclesdevos.be\/en\/product\/kathmandu-hybrid-pro-800-8\/\" \/>\n<meta property=\"og:locale\" content=\"en_GB\" \/>\n<meta property=\"og:type\" content=\"article\" \/>\n<meta property=\"og:title\" content=\"KATHMANDU HYBRID PRO 800 - Cycles Devos\" \/>\n<meta property=\"og:description\" content=\"KATHMANDU HYBRID PRO 800 &#8211; Coal\u00b4N\u00b4Black Vous reconna\u00eetrez instantan\u00e9ment le Kathmandu Hybrid de CUBE comme un mod\u00e8le de v\u00e9lo d&rsquo;une \u00e9l\u00e9gance intemporelle, mais il regorge d&rsquo;innovations et de touches astucieuses. Le moteur Bosch CX soigneusement int\u00e9gr\u00e9 et la batterie PowerTube de 800 Wh ne sont qu&rsquo;un d\u00e9but. La g\u00e9om\u00e9trie Effcient Comfort est con\u00e7ue autour d&rsquo;une [...]\" \/>\n<meta property=\"og:url\" content=\"https:\/\/cyclesdevos.be\/en\/product\/kathmandu-hybrid-pro-800-8\/\" \/>\n<meta property=\"og:site_name\" content=\"Cycles Devos\" \/>\n<meta property=\"article:modified_time\" content=\"2026-02-13T11:11:41+00:00\" \/>\n<meta property=\"og:image\" content=\"https:\/\/cyclesdevos.be\/wp-content\/uploads\/2025\/09\/synqup_112201_360I_00.jpg\" \/>\n\t<meta property=\"og:image:width\" content=\"1920\" \/>\n\t<meta property=\"og:image:height\" content=\"1241\" \/>\n\t<meta property=\"og:image:type\" content=\"image\/jpeg\" \/>\n<meta name=\"twitter:card\" content=\"summary_large_image\" \/>\n<meta name=\"twitter:label1\" content=\"Estimated reading time\" \/>\n\t<meta name=\"twitter:data1\" content=\"2 minutes\" \/>\n<script type=\"application\/ld+json\" class=\"yoast-schema-graph\">{\"@context\":\"https:\\\/\\\/schema.org\",\"@graph\":[{\"@type\":\"WebPage\",\"@id\":\"https:\\\/\\\/cyclesdevos.be\\\/product\\\/kathmandu-hybrid-pro-800-8\\\/\",\"url\":\"https:\\\/\\\/cyclesdevos.be\\\/product\\\/kathmandu-hybrid-pro-800-8\\\/\",\"name\":\"KATHMANDU HYBRID PRO 800 - Cycles Devos\",\"isPartOf\":{\"@id\":\"https:\\\/\\\/cyclesdevos.be\\\/#website\"},\"primaryImageOfPage\":{\"@id\":\"https:\\\/\\\/cyclesdevos.be\\\/product\\\/kathmandu-hybrid-pro-800-8\\\/#primaryimage\"},\"image\":{\"@id\":\"https:\\\/\\\/cyclesdevos.be\\\/product\\\/kathmandu-hybrid-pro-800-8\\\/#primaryimage\"},\"thumbnailUrl\":\"https:\\\/\\\/cyclesdevos.be\\\/wp-content\\\/uploads\\\/2025\\\/09\\\/synqup_112201_360I_00.jpg\",\"datePublished\":\"2025-09-04T16:43:40+00:00\",\"dateModified\":\"2026-02-13T11:11:41+00:00\",\"breadcrumb\":{\"@id\":\"https:\\\/\\\/cyclesdevos.be\\\/product\\\/kathmandu-hybrid-pro-800-8\\\/#breadcrumb\"},\"inLanguage\":\"en-GB\",\"potentialAction\":[{\"@type\":\"ReadAction\",\"target\":[\"https:\\\/\\\/cyclesdevos.be\\\/product\\\/kathmandu-hybrid-pro-800-8\\\/\"]}]},{\"@type\":\"ImageObject\",\"inLanguage\":\"en-GB\",\"@id\":\"https:\\\/\\\/cyclesdevos.be\\\/product\\\/kathmandu-hybrid-pro-800-8\\\/#primaryimage\",\"url\":\"https:\\\/\\\/cyclesdevos.be\\\/wp-content\\\/uploads\\\/2025\\\/09\\\/synqup_112201_360I_00.jpg\",\"contentUrl\":\"https:\\\/\\\/cyclesdevos.be\\\/wp-content\\\/uploads\\\/2025\\\/09\\\/synqup_112201_360I_00.jpg\",\"width\":1920,\"height\":1241},{\"@type\":\"BreadcrumbList\",\"@id\":\"https:\\\/\\\/cyclesdevos.be\\\/product\\\/kathmandu-hybrid-pro-800-8\\\/#breadcrumb\",\"itemListElement\":[{\"@type\":\"ListItem\",\"position\":1,\"name\":\"Home\",\"item\":\"https:\\\/\\\/cyclesdevos.be\\\/\"},{\"@type\":\"ListItem\",\"position\":2,\"name\":\"Catalogue\",\"item\":\"https:\\\/\\\/cyclesdevos.be\\\/nl\\\/catalogue\\\/\"},{\"@type\":\"ListItem\",\"position\":3,\"name\":\"KATHMANDU HYBRID PRO 800\"}]},{\"@type\":\"WebSite\",\"@id\":\"https:\\\/\\\/cyclesdevos.be\\\/#website\",\"url\":\"https:\\\/\\\/cyclesdevos.be\\\/\",\"name\":\"Cycles Devos\",\"description\":\"Soci\u00e9t\u00e9 Familiale depuis 1910\",\"potentialAction\":[{\"@type\":\"SearchAction\",\"target\":{\"@type\":\"EntryPoint\",\"urlTemplate\":\"https:\\\/\\\/cyclesdevos.be\\\/?s={search_term_string}\"},\"query-input\":{\"@type\":\"PropertyValueSpecification\",\"valueRequired\":true,\"valueName\":\"search_term_string\"}}],\"inLanguage\":\"en-GB\"}]}<\/script>\n<!-- \/ Yoast SEO plugin. -->","yoast_head_json":{"title":"KATHMANDU HYBRID PRO 800 - Cycles Devos","robots":{"index":"index","follow":"follow","max-snippet":"max-snippet:-1","max-image-preview":"max-image-preview:large","max-video-preview":"max-video-preview:-1"},"canonical":"https:\/\/cyclesdevos.be\/en\/product\/kathmandu-hybrid-pro-800-8\/","og_locale":"en_GB","og_type":"article","og_title":"KATHMANDU HYBRID PRO 800 - Cycles Devos","og_description":"KATHMANDU HYBRID PRO 800 &#8211; Coal\u00b4N\u00b4Black Vous reconna\u00eetrez instantan\u00e9ment le Kathmandu Hybrid de CUBE comme un mod\u00e8le de v\u00e9lo d&rsquo;une \u00e9l\u00e9gance intemporelle, mais il regorge d&rsquo;innovations et de touches astucieuses. Le moteur Bosch CX soigneusement int\u00e9gr\u00e9 et la batterie PowerTube de 800 Wh ne sont qu&rsquo;un d\u00e9but. La g\u00e9om\u00e9trie Effcient Comfort est con\u00e7ue autour d&rsquo;une [...]","og_url":"https:\/\/cyclesdevos.be\/en\/product\/kathmandu-hybrid-pro-800-8\/","og_site_name":"Cycles Devos","article_modified_time":"2026-02-13T11:11:41+00:00","og_image":[{"width":1920,"height":1241,"url":"https:\/\/cyclesdevos.be\/wp-content\/uploads\/2025\/09\/synqup_112201_360I_00.jpg","type":"image\/jpeg"}],"twitter_card":"summary_large_image","twitter_misc":{"Estimated reading time":"2 minutes"},"schema":{"@context":"https:\/\/schema.org","@graph":[{"@type":"WebPage","@id":"https:\/\/cyclesdevos.be\/product\/kathmandu-hybrid-pro-800-8\/","url":"https:\/\/cyclesdevos.be\/product\/kathmandu-hybrid-pro-800-8\/","name":"KATHMANDU HYBRID PRO 800 - Cycles Devos","isPartOf":{"@id":"https:\/\/cyclesdevos.be\/#website"},"primaryImageOfPage":{"@id":"https:\/\/cyclesdevos.be\/product\/kathmandu-hybrid-pro-800-8\/#primaryimage"},"image":{"@id":"https:\/\/cyclesdevos.be\/product\/kathmandu-hybrid-pro-800-8\/#primaryimage"},"thumbnailUrl":"https:\/\/cyclesdevos.be\/wp-content\/uploads\/2025\/09\/synqup_112201_360I_00.jpg","datePublished":"2025-09-04T16:43:40+00:00","dateModified":"2026-02-13T11:11:41+00:00","breadcrumb":{"@id":"https:\/\/cyclesdevos.be\/product\/kathmandu-hybrid-pro-800-8\/#breadcrumb"},"inLanguage":"en-GB","potentialAction":[{"@type":"ReadAction","target":["https:\/\/cyclesdevos.be\/product\/kathmandu-hybrid-pro-800-8\/"]}]},{"@type":"ImageObject","inLanguage":"en-GB","@id":"https:\/\/cyclesdevos.be\/product\/kathmandu-hybrid-pro-800-8\/#primaryimage","url":"https:\/\/cyclesdevos.be\/wp-content\/uploads\/2025\/09\/synqup_112201_360I_00.jpg","contentUrl":"https:\/\/cyclesdevos.be\/wp-content\/uploads\/2025\/09\/synqup_112201_360I_00.jpg","width":1920,"height":1241},{"@type":"BreadcrumbList","@id":"https:\/\/cyclesdevos.be\/product\/kathmandu-hybrid-pro-800-8\/#breadcrumb","itemListElement":[{"@type":"ListItem","position":1,"name":"Home","item":"https:\/\/cyclesdevos.be\/"},{"@type":"ListItem","position":2,"name":"Catalogue","item":"https:\/\/cyclesdevos.be\/nl\/catalogue\/"},{"@type":"ListItem","position":3,"name":"KATHMANDU HYBRID PRO 800"}]},{"@type":"WebSite","@id":"https:\/\/cyclesdevos.be\/#website","url":"https:\/\/cyclesdevos.be\/","name":"Cycles Devos","description":"Family-owned company since 1910","potentialAction":[{"@type":"SearchAction","target":{"@type":"EntryPoint","urlTemplate":"https:\/\/cyclesdevos.be\/?s={search_term_string}"},"query-input":{"@type":"PropertyValueSpecification","valueRequired":true,"valueName":"search_term_string"}}],"inLanguage":"en-GB"}]}},"df_price":3699,"df_sale_price":"","df_regular_price":3699,"df_image_link":"https:\/\/cyclesdevos.be\/wp-content\/uploads\/2025\/09\/synqup_112201_360I_00-400x259.jpg","_links":{"self":[{"href":"https:\/\/cyclesdevos.be\/en\/wp-json\/wp\/v2\/product\/25895","targetHints":{"allow":["GET"]}}],"collection":[{"href":"https:\/\/cyclesdevos.be\/en\/wp-json\/wp\/v2\/product"}],"about":[{"href":"https:\/\/cyclesdevos.be\/en\/wp-json\/wp\/v2\/types\/product"}],"wp:featuredmedia":[{"embeddable":true,"href":"https:\/\/cyclesdevos.be\/en\/wp-json\/wp\/v2\/media\/25896"}],"wp:attachment":[{"href":"https:\/\/cyclesdevos.be\/en\/wp-json\/wp\/v2\/media?parent=25895"}],"wp:term":[{"taxonomy":"product_brand","embeddable":true,"href":"https:\/\/cyclesdevos.be\/en\/wp-json\/wp\/v2\/product_brand?post=25895"},{"taxonomy":"product_cat","embeddable":true,"href":"https:\/\/cyclesdevos.be\/en\/wp-json\/wp\/v2\/product_cat?post=25895"},{"taxonomy":"product_tag","embeddable":true,"href":"https:\/\/cyclesdevos.be\/en\/wp-json\/wp\/v2\/product_tag?post=25895"}],"curies":[{"name":"wp","href":"https:\/\/api.w.org\/{rel}","templated":true}]}}