{"id":24951,"date":"2025-09-04T18:34:00","date_gmt":"2025-09-04T16:34:00","guid":{"rendered":"https:\/\/cyclesdevos.be\/product\/agree-c62-slx-2\/"},"modified":"2026-02-13T15:05:00","modified_gmt":"2026-02-13T14:05:00","slug":"agree-c62-slx-2","status":"publish","type":"product","link":"https:\/\/cyclesdevos.be\/en\/product\/agree-c62-slx-2\/","title":{"rendered":"AGREE C:62 SLX"},"content":{"rendered":"<p>AGREE C:62 SLX &#8211; Nightshift\u00b4N\u00b4Prism<\/p>\n<p>Vous voulez \u00eatre rapide\u00a0? Alors, vous avez besoin de deux choses : un v\u00e9lo qui vous convient et un cadre con\u00e7u pour fendre l&rsquo;air le plus efficacement possible. L\u2019Agree C:62 est disponible dans une large gamme de tailles allant de 47 cm \u00e0 62 cm, vous avez donc la garantie de trouver le mod\u00e8le qui vous convient parfaitement. Le d\u00e9gagement du cadre de 32 mm laisse beaucoup d&rsquo;espace pour des pneus plus larges. Avec son guidon int\u00e9gr\u00e9 exceptionnellement soign\u00e9, son passage interne de c\u00e2bles avanc\u00e9 et la forme soigneusement profil\u00e9e de ses tubes, il est aussi a\u00e9rodynamique que possible. Nous avons m\u00eame ajout\u00e9 un coffre de rangement mont\u00e9 sur le cadre, parfait pour les outils, un casse-cro\u00fbte ou une couche suppl\u00e9mentaire, et des haubans \u00e9lanc\u00e9s, de sorte qu&rsquo;il soit aussi confortable et pratique pour les longues randonn\u00e9es que rapide.<\/p>\n<p>Vous voulez la preuve que tous les v\u00e9los de course ne sont pas cr\u00e9\u00e9s \u00e9gaux? La voici. De ses composants soigneusement s\u00e9lectionn\u00e9s avec bo\u00eete de rangement int\u00e9gr\u00e9e et capteur de puissance, \u00e0 son cadre en carbone Advanced Twin Mold C:62\u00ae avec profils a\u00e9rodynamiques, ce v\u00e9lo vous apporte ce petit plus que vous recherchiez.<\/p>\n<p>Si vous comprenez le principe des gains marginaux, vous appr\u00e9cierez l&rsquo;Accord C:62 SLX. C\u2019est pourquoi il a \u00e9t\u00e9 con\u00e7u pour fendre l\u2019air comme un couteau chaud fend le beurre, mais pr\u00e9sente encore le confort et la l\u00e9g\u00e8ret\u00e9 n\u00e9cessaires pour les longues journ\u00e9es sur la selle. Nous l\u2019avons \u00e9quip\u00e9 de roues Newmen Streem Climbing 35\/38 avec des pneus Continental Grand Prix 5000 30 mm, pour compl\u00e9ter les caract\u00e9ristiques a\u00e9rodynamiques du cadre. Combinez cela \u00e0 sa fourche tout en carbone C:62\u00ae, sa potence et sa barre int\u00e9gr\u00e9es, l\u2019incroyable pr\u00e9cision de freinage et la fluidit\u00e9 de ses composants Sram Force AXS 2&#215;12 vitesses avec capteur de puissance et un coffre de rangement mont\u00e9 sur le cadre, et vous obtenez une nouvelle d\u00e9finition de ce qu\u2019un v\u00e9lo de course polyvalent est en mesure de faire.<\/p>\n<p>&nbsp;<\/p>\n<p>&nbsp;<\/p>","protected":false},"excerpt":{"rendered":"<p>AGREE C:62 SLX &#8211; Nightshift\u00b4N\u00b4Prism Vous voulez \u00eatre rapide\u00a0? Alors, vous avez besoin de deux choses : un v\u00e9lo qui vous convient et un cadre con\u00e7u pour fendre l&rsquo;air le plus efficacement possible. L\u2019Agree C:62 est disponible dans une large gamme de tailles allant de 47 cm \u00e0 62 cm, vous avez donc la garantie [&#8230;]\n","protected":false},"featured_media":24952,"template":"","meta":[],"product_brand":[],"product_cat":[1696,1641,1666,32,40],"product_tag":[],"class_list":{"0":"post-24951","1":"product","2":"type-product","3":"status-publish","4":"has-post-thumbnail","6":"product_cat-bike","7":"product_cat-cube-2026","8":"product_cat-road-cube-2026","9":"product_cat-velos","10":"product_cat-velos-de-course","12":"first","13":"outofstock","14":"taxable","15":"shipping-taxable","16":"purchasable","17":"product-type-variable"},"yoast_head":"<!-- This site is optimized with the Yoast SEO plugin v27.3 - https:\/\/yoast.com\/product\/yoast-seo-wordpress\/ -->\n<title>AGREE C:62 SLX - Cycles Devos<\/title>\n<meta name=\"robots\" content=\"index, follow, max-snippet:-1, max-image-preview:large, max-video-preview:-1\" \/>\n<link rel=\"canonical\" href=\"https:\/\/cyclesdevos.be\/en\/product\/agree-c62-slx-2\/\" \/>\n<meta property=\"og:locale\" content=\"en_GB\" \/>\n<meta property=\"og:type\" content=\"article\" \/>\n<meta property=\"og:title\" content=\"AGREE C:62 SLX - Cycles Devos\" \/>\n<meta property=\"og:description\" content=\"AGREE C:62 SLX &#8211; Nightshift\u00b4N\u00b4Prism Vous voulez \u00eatre rapide\u00a0? Alors, vous avez besoin de deux choses : un v\u00e9lo qui vous convient et un cadre con\u00e7u pour fendre l&rsquo;air le plus efficacement possible. L\u2019Agree C:62 est disponible dans une large gamme de tailles allant de 47 cm \u00e0 62 cm, vous avez donc la garantie [...]\" \/>\n<meta property=\"og:url\" content=\"https:\/\/cyclesdevos.be\/en\/product\/agree-c62-slx-2\/\" \/>\n<meta property=\"og:site_name\" content=\"Cycles Devos\" \/>\n<meta property=\"article:modified_time\" content=\"2026-02-13T14:05:00+00:00\" \/>\n<meta property=\"og:image\" content=\"https:\/\/cyclesdevos.be\/wp-content\/uploads\/2025\/09\/synqup_126400_360I_00.jpg\" \/>\n\t<meta property=\"og:image:width\" content=\"1920\" \/>\n\t<meta property=\"og:image:height\" content=\"1169\" \/>\n\t<meta property=\"og:image:type\" content=\"image\/jpeg\" \/>\n<meta name=\"twitter:card\" content=\"summary_large_image\" \/>\n<meta name=\"twitter:label1\" content=\"Estimated reading time\" \/>\n\t<meta name=\"twitter:data1\" content=\"2 minutes\" \/>\n<script type=\"application\/ld+json\" class=\"yoast-schema-graph\">{\"@context\":\"https:\\\/\\\/schema.org\",\"@graph\":[{\"@type\":\"WebPage\",\"@id\":\"https:\\\/\\\/cyclesdevos.be\\\/product\\\/agree-c62-slx-2\\\/\",\"url\":\"https:\\\/\\\/cyclesdevos.be\\\/product\\\/agree-c62-slx-2\\\/\",\"name\":\"AGREE C:62 SLX - Cycles Devos\",\"isPartOf\":{\"@id\":\"https:\\\/\\\/cyclesdevos.be\\\/#website\"},\"primaryImageOfPage\":{\"@id\":\"https:\\\/\\\/cyclesdevos.be\\\/product\\\/agree-c62-slx-2\\\/#primaryimage\"},\"image\":{\"@id\":\"https:\\\/\\\/cyclesdevos.be\\\/product\\\/agree-c62-slx-2\\\/#primaryimage\"},\"thumbnailUrl\":\"https:\\\/\\\/cyclesdevos.be\\\/wp-content\\\/uploads\\\/2025\\\/09\\\/synqup_126400_360I_00.jpg\",\"datePublished\":\"2025-09-04T16:34:00+00:00\",\"dateModified\":\"2026-02-13T14:05:00+00:00\",\"breadcrumb\":{\"@id\":\"https:\\\/\\\/cyclesdevos.be\\\/product\\\/agree-c62-slx-2\\\/#breadcrumb\"},\"inLanguage\":\"en-GB\",\"potentialAction\":[{\"@type\":\"ReadAction\",\"target\":[\"https:\\\/\\\/cyclesdevos.be\\\/product\\\/agree-c62-slx-2\\\/\"]}]},{\"@type\":\"ImageObject\",\"inLanguage\":\"en-GB\",\"@id\":\"https:\\\/\\\/cyclesdevos.be\\\/product\\\/agree-c62-slx-2\\\/#primaryimage\",\"url\":\"https:\\\/\\\/cyclesdevos.be\\\/wp-content\\\/uploads\\\/2025\\\/09\\\/synqup_126400_360I_00.jpg\",\"contentUrl\":\"https:\\\/\\\/cyclesdevos.be\\\/wp-content\\\/uploads\\\/2025\\\/09\\\/synqup_126400_360I_00.jpg\",\"width\":1920,\"height\":1169},{\"@type\":\"BreadcrumbList\",\"@id\":\"https:\\\/\\\/cyclesdevos.be\\\/product\\\/agree-c62-slx-2\\\/#breadcrumb\",\"itemListElement\":[{\"@type\":\"ListItem\",\"position\":1,\"name\":\"Home\",\"item\":\"https:\\\/\\\/cyclesdevos.be\\\/\"},{\"@type\":\"ListItem\",\"position\":2,\"name\":\"Catalogue\",\"item\":\"https:\\\/\\\/cyclesdevos.be\\\/nl\\\/catalogue\\\/\"},{\"@type\":\"ListItem\",\"position\":3,\"name\":\"AGREE C:62 SLX\"}]},{\"@type\":\"WebSite\",\"@id\":\"https:\\\/\\\/cyclesdevos.be\\\/#website\",\"url\":\"https:\\\/\\\/cyclesdevos.be\\\/\",\"name\":\"Cycles Devos\",\"description\":\"Soci\u00e9t\u00e9 Familiale depuis 1910\",\"potentialAction\":[{\"@type\":\"SearchAction\",\"target\":{\"@type\":\"EntryPoint\",\"urlTemplate\":\"https:\\\/\\\/cyclesdevos.be\\\/?s={search_term_string}\"},\"query-input\":{\"@type\":\"PropertyValueSpecification\",\"valueRequired\":true,\"valueName\":\"search_term_string\"}}],\"inLanguage\":\"en-GB\"}]}<\/script>\n<!-- \/ Yoast SEO plugin. -->","yoast_head_json":{"title":"AGREE C:62 SLX - Cycles Devos","robots":{"index":"index","follow":"follow","max-snippet":"max-snippet:-1","max-image-preview":"max-image-preview:large","max-video-preview":"max-video-preview:-1"},"canonical":"https:\/\/cyclesdevos.be\/en\/product\/agree-c62-slx-2\/","og_locale":"en_GB","og_type":"article","og_title":"AGREE C:62 SLX - Cycles Devos","og_description":"AGREE C:62 SLX &#8211; Nightshift\u00b4N\u00b4Prism Vous voulez \u00eatre rapide\u00a0? Alors, vous avez besoin de deux choses : un v\u00e9lo qui vous convient et un cadre con\u00e7u pour fendre l&rsquo;air le plus efficacement possible. L\u2019Agree C:62 est disponible dans une large gamme de tailles allant de 47 cm \u00e0 62 cm, vous avez donc la garantie [...]","og_url":"https:\/\/cyclesdevos.be\/en\/product\/agree-c62-slx-2\/","og_site_name":"Cycles Devos","article_modified_time":"2026-02-13T14:05:00+00:00","og_image":[{"width":1920,"height":1169,"url":"https:\/\/cyclesdevos.be\/wp-content\/uploads\/2025\/09\/synqup_126400_360I_00.jpg","type":"image\/jpeg"}],"twitter_card":"summary_large_image","twitter_misc":{"Estimated reading time":"2 minutes"},"schema":{"@context":"https:\/\/schema.org","@graph":[{"@type":"WebPage","@id":"https:\/\/cyclesdevos.be\/product\/agree-c62-slx-2\/","url":"https:\/\/cyclesdevos.be\/product\/agree-c62-slx-2\/","name":"AGREE C:62 SLX - Cycles Devos","isPartOf":{"@id":"https:\/\/cyclesdevos.be\/#website"},"primaryImageOfPage":{"@id":"https:\/\/cyclesdevos.be\/product\/agree-c62-slx-2\/#primaryimage"},"image":{"@id":"https:\/\/cyclesdevos.be\/product\/agree-c62-slx-2\/#primaryimage"},"thumbnailUrl":"https:\/\/cyclesdevos.be\/wp-content\/uploads\/2025\/09\/synqup_126400_360I_00.jpg","datePublished":"2025-09-04T16:34:00+00:00","dateModified":"2026-02-13T14:05:00+00:00","breadcrumb":{"@id":"https:\/\/cyclesdevos.be\/product\/agree-c62-slx-2\/#breadcrumb"},"inLanguage":"en-GB","potentialAction":[{"@type":"ReadAction","target":["https:\/\/cyclesdevos.be\/product\/agree-c62-slx-2\/"]}]},{"@type":"ImageObject","inLanguage":"en-GB","@id":"https:\/\/cyclesdevos.be\/product\/agree-c62-slx-2\/#primaryimage","url":"https:\/\/cyclesdevos.be\/wp-content\/uploads\/2025\/09\/synqup_126400_360I_00.jpg","contentUrl":"https:\/\/cyclesdevos.be\/wp-content\/uploads\/2025\/09\/synqup_126400_360I_00.jpg","width":1920,"height":1169},{"@type":"BreadcrumbList","@id":"https:\/\/cyclesdevos.be\/product\/agree-c62-slx-2\/#breadcrumb","itemListElement":[{"@type":"ListItem","position":1,"name":"Home","item":"https:\/\/cyclesdevos.be\/"},{"@type":"ListItem","position":2,"name":"Catalogue","item":"https:\/\/cyclesdevos.be\/nl\/catalogue\/"},{"@type":"ListItem","position":3,"name":"AGREE C:62 SLX"}]},{"@type":"WebSite","@id":"https:\/\/cyclesdevos.be\/#website","url":"https:\/\/cyclesdevos.be\/","name":"Cycles Devos","description":"Family-owned company since 1910","potentialAction":[{"@type":"SearchAction","target":{"@type":"EntryPoint","urlTemplate":"https:\/\/cyclesdevos.be\/?s={search_term_string}"},"query-input":{"@type":"PropertyValueSpecification","valueRequired":true,"valueName":"search_term_string"}}],"inLanguage":"en-GB"}]}},"df_price":4149,"df_sale_price":"","df_regular_price":4149,"df_image_link":"https:\/\/cyclesdevos.be\/wp-content\/uploads\/2025\/09\/synqup_126400_360I_00-400x244.jpg","_links":{"self":[{"href":"https:\/\/cyclesdevos.be\/en\/wp-json\/wp\/v2\/product\/24951","targetHints":{"allow":["GET"]}}],"collection":[{"href":"https:\/\/cyclesdevos.be\/en\/wp-json\/wp\/v2\/product"}],"about":[{"href":"https:\/\/cyclesdevos.be\/en\/wp-json\/wp\/v2\/types\/product"}],"wp:featuredmedia":[{"embeddable":true,"href":"https:\/\/cyclesdevos.be\/en\/wp-json\/wp\/v2\/media\/24952"}],"wp:attachment":[{"href":"https:\/\/cyclesdevos.be\/en\/wp-json\/wp\/v2\/media?parent=24951"}],"wp:term":[{"taxonomy":"product_brand","embeddable":true,"href":"https:\/\/cyclesdevos.be\/en\/wp-json\/wp\/v2\/product_brand?post=24951"},{"taxonomy":"product_cat","embeddable":true,"href":"https:\/\/cyclesdevos.be\/en\/wp-json\/wp\/v2\/product_cat?post=24951"},{"taxonomy":"product_tag","embeddable":true,"href":"https:\/\/cyclesdevos.be\/en\/wp-json\/wp\/v2\/product_tag?post=24951"}],"curies":[{"name":"wp","href":"https:\/\/api.w.org\/{rel}","templated":true}]}}