{"id":24712,"date":"2025-09-04T18:31:36","date_gmt":"2025-09-04T16:31:36","guid":{"rendered":"https:\/\/cyclesdevos.be\/product\/aim-one-3\/"},"modified":"2026-02-13T12:41:45","modified_gmt":"2026-02-13T11:41:45","slug":"aim-one-3","status":"publish","type":"product","link":"https:\/\/cyclesdevos.be\/en\/product\/aim-one-3\/","title":{"rendered":"AIM ONE"},"content":{"rendered":"<p>AIM ONE &#8211; Sundowner\u00b4N\u00b4Black<\/p>\n<p>La beaut\u00e9 ne se limite pas \u00e0 l\u2019aspect ext\u00e9rieur : l&rsquo;\u00e9l\u00e9gance de l&rsquo;Aim est due \u00e0 ses jonctions de tube de direction et de tube de selle aux soudures lisses, flatt\u00e9es par un passage interne des c\u00e2bles pour r\u00e9duire l&rsquo;encombrement. Vous trouverez donc un bo\u00eetier de p\u00e9dalier filet\u00e9 et un support de fixation pour disque de type Flat Mount int\u00e9grant naturellement notre support de fixation pour b\u00e9quille, ainsi que des points de fixation int\u00e9gr\u00e9s pour porte-bagages et garde-boue ACID. Sa g\u00e9om\u00e9trie soigneusement pens\u00e9e comprend un tube inf\u00e9rieur plus bas pour une plus grande confiance, et il dispose \u00e9galement de suffisamment de d\u00e9battement pour l\u2019\u00e9quiper de pneus de 2,25 pouces larges, adh\u00e9rents et confortables. Notre syst\u00e8me SizeSplit a permis d\u2019\u00e9tendre \u00e9galement la gamme, ainsi, quelle que soit votre taille, vous trouverez forc\u00e9ment un Aim qui vous convient parfaitement.<\/p>\n<p>Un bon v\u00e9lo ouvre vos horizons, car si vous pouvez rouler n&rsquo;importe o\u00f9, le monde vous appartient. La fourche suspendue de l&rsquo;Aim ONE, ses pneus adh\u00e9rents et ses freins \u00e0 disque fiables vous offrent le confort et le contr\u00f4le n\u00e9cessaires pour explorer partout o\u00f9 vous le souhaitez. Pour le travail, pour le loisir, pour tous.<\/p>\n<p>Votre v\u00e9lo doit \u00eatre un prolongement de vous-m\u00eame, afin que vous puissiez profiter de chaque sortie. C&rsquo;est pourquoi l&rsquo;Aim ONE est \u00e9quip\u00e9 d&rsquo;une fourche suspendue de 100 mm et de pneus de 2,25 pouces tr\u00e8s adh\u00e9rents. Ensemble, ils vous permettent de rester \u00e0 l&rsquo;aise et de garder le contr\u00f4le, quelle que soit la surface sur laquelle vous roulez. Les vitesses Shimano 2&#215;8 vous offrent l&rsquo;autonomie dont vous avez besoin sur simple pression d&rsquo;un bouton, et les puissants freins \u00e0 disque hydrauliques Shimano vous permettent de vous arr\u00eater en toute s\u00e9curit\u00e9, quelles que soient les conditions m\u00e9t\u00e9orologiques. Enfin, gr\u00e2ce \u00e0 notre syst\u00e8me SizeSplit et aux nombreuses tailles disponibles, chaque cycliste est en mesure de trouver l\u2019Aim qui lui convient.<\/p>\n<p>&nbsp;<\/p>\n<p>&nbsp;<\/p>","protected":false},"excerpt":{"rendered":"<p>AIM ONE &#8211; Sundowner\u00b4N\u00b4Black La beaut\u00e9 ne se limite pas \u00e0 l\u2019aspect ext\u00e9rieur : l&rsquo;\u00e9l\u00e9gance de l&rsquo;Aim est due \u00e0 ses jonctions de tube de direction et de tube de selle aux soudures lisses, flatt\u00e9es par un passage interne des c\u00e2bles pour r\u00e9duire l&rsquo;encombrement. Vous trouverez donc un bo\u00eetier de p\u00e9dalier filet\u00e9 et un support [&#8230;]\n","protected":false},"featured_media":24713,"template":"","meta":[],"product_brand":[],"product_cat":[1696,1641,1660,1646,32,44],"product_tag":[],"class_list":{"0":"post-24712","1":"product","2":"type-product","3":"status-publish","4":"has-post-thumbnail","6":"product_cat-bike","7":"product_cat-cube-2026","8":"product_cat-hardtail","9":"product_cat-mountainbike-cube-2026","10":"product_cat-velos","11":"product_cat-vtt","13":"first","14":"outofstock","15":"taxable","16":"shipping-taxable","17":"purchasable","18":"product-type-variable"},"yoast_head":"<!-- This site is optimized with the Yoast SEO plugin v27.3 - https:\/\/yoast.com\/product\/yoast-seo-wordpress\/ -->\n<title>AIM ONE - Cycles Devos<\/title>\n<meta name=\"robots\" content=\"index, follow, max-snippet:-1, max-image-preview:large, max-video-preview:-1\" \/>\n<link rel=\"canonical\" href=\"https:\/\/cyclesdevos.be\/en\/product\/aim-one-3\/\" \/>\n<meta property=\"og:locale\" content=\"en_GB\" \/>\n<meta property=\"og:type\" content=\"article\" \/>\n<meta property=\"og:title\" content=\"AIM ONE - Cycles Devos\" \/>\n<meta property=\"og:description\" content=\"AIM ONE &#8211; Sundowner\u00b4N\u00b4Black La beaut\u00e9 ne se limite pas \u00e0 l\u2019aspect ext\u00e9rieur : l&rsquo;\u00e9l\u00e9gance de l&rsquo;Aim est due \u00e0 ses jonctions de tube de direction et de tube de selle aux soudures lisses, flatt\u00e9es par un passage interne des c\u00e2bles pour r\u00e9duire l&rsquo;encombrement. Vous trouverez donc un bo\u00eetier de p\u00e9dalier filet\u00e9 et un support [...]\" \/>\n<meta property=\"og:url\" content=\"https:\/\/cyclesdevos.be\/en\/product\/aim-one-3\/\" \/>\n<meta property=\"og:site_name\" content=\"Cycles Devos\" \/>\n<meta property=\"article:modified_time\" content=\"2026-02-13T11:41:45+00:00\" \/>\n<meta property=\"og:image\" content=\"https:\/\/cyclesdevos.be\/wp-content\/uploads\/2025\/09\/synqup_140110_360I_00.jpg\" \/>\n\t<meta property=\"og:image:width\" content=\"1920\" \/>\n\t<meta property=\"og:image:height\" content=\"1113\" \/>\n\t<meta property=\"og:image:type\" content=\"image\/jpeg\" \/>\n<meta name=\"twitter:card\" content=\"summary_large_image\" \/>\n<meta name=\"twitter:label1\" content=\"Estimated reading time\" \/>\n\t<meta name=\"twitter:data1\" content=\"2 minutes\" \/>\n<script type=\"application\/ld+json\" class=\"yoast-schema-graph\">{\"@context\":\"https:\\\/\\\/schema.org\",\"@graph\":[{\"@type\":\"WebPage\",\"@id\":\"https:\\\/\\\/cyclesdevos.be\\\/product\\\/aim-one-3\\\/\",\"url\":\"https:\\\/\\\/cyclesdevos.be\\\/product\\\/aim-one-3\\\/\",\"name\":\"AIM ONE - Cycles Devos\",\"isPartOf\":{\"@id\":\"https:\\\/\\\/cyclesdevos.be\\\/#website\"},\"primaryImageOfPage\":{\"@id\":\"https:\\\/\\\/cyclesdevos.be\\\/product\\\/aim-one-3\\\/#primaryimage\"},\"image\":{\"@id\":\"https:\\\/\\\/cyclesdevos.be\\\/product\\\/aim-one-3\\\/#primaryimage\"},\"thumbnailUrl\":\"https:\\\/\\\/cyclesdevos.be\\\/wp-content\\\/uploads\\\/2025\\\/09\\\/synqup_140110_360I_00.jpg\",\"datePublished\":\"2025-09-04T16:31:36+00:00\",\"dateModified\":\"2026-02-13T11:41:45+00:00\",\"breadcrumb\":{\"@id\":\"https:\\\/\\\/cyclesdevos.be\\\/product\\\/aim-one-3\\\/#breadcrumb\"},\"inLanguage\":\"en-GB\",\"potentialAction\":[{\"@type\":\"ReadAction\",\"target\":[\"https:\\\/\\\/cyclesdevos.be\\\/product\\\/aim-one-3\\\/\"]}]},{\"@type\":\"ImageObject\",\"inLanguage\":\"en-GB\",\"@id\":\"https:\\\/\\\/cyclesdevos.be\\\/product\\\/aim-one-3\\\/#primaryimage\",\"url\":\"https:\\\/\\\/cyclesdevos.be\\\/wp-content\\\/uploads\\\/2025\\\/09\\\/synqup_140110_360I_00.jpg\",\"contentUrl\":\"https:\\\/\\\/cyclesdevos.be\\\/wp-content\\\/uploads\\\/2025\\\/09\\\/synqup_140110_360I_00.jpg\",\"width\":1920,\"height\":1113},{\"@type\":\"BreadcrumbList\",\"@id\":\"https:\\\/\\\/cyclesdevos.be\\\/product\\\/aim-one-3\\\/#breadcrumb\",\"itemListElement\":[{\"@type\":\"ListItem\",\"position\":1,\"name\":\"Home\",\"item\":\"https:\\\/\\\/cyclesdevos.be\\\/\"},{\"@type\":\"ListItem\",\"position\":2,\"name\":\"Catalogue\",\"item\":\"https:\\\/\\\/cyclesdevos.be\\\/nl\\\/catalogue\\\/\"},{\"@type\":\"ListItem\",\"position\":3,\"name\":\"AIM ONE\"}]},{\"@type\":\"WebSite\",\"@id\":\"https:\\\/\\\/cyclesdevos.be\\\/#website\",\"url\":\"https:\\\/\\\/cyclesdevos.be\\\/\",\"name\":\"Cycles Devos\",\"description\":\"Soci\u00e9t\u00e9 Familiale depuis 1910\",\"potentialAction\":[{\"@type\":\"SearchAction\",\"target\":{\"@type\":\"EntryPoint\",\"urlTemplate\":\"https:\\\/\\\/cyclesdevos.be\\\/?s={search_term_string}\"},\"query-input\":{\"@type\":\"PropertyValueSpecification\",\"valueRequired\":true,\"valueName\":\"search_term_string\"}}],\"inLanguage\":\"en-GB\"}]}<\/script>\n<!-- \/ Yoast SEO plugin. -->","yoast_head_json":{"title":"AIM ONE - Cycles Devos","robots":{"index":"index","follow":"follow","max-snippet":"max-snippet:-1","max-image-preview":"max-image-preview:large","max-video-preview":"max-video-preview:-1"},"canonical":"https:\/\/cyclesdevos.be\/en\/product\/aim-one-3\/","og_locale":"en_GB","og_type":"article","og_title":"AIM ONE - Cycles Devos","og_description":"AIM ONE &#8211; Sundowner\u00b4N\u00b4Black La beaut\u00e9 ne se limite pas \u00e0 l\u2019aspect ext\u00e9rieur : l&rsquo;\u00e9l\u00e9gance de l&rsquo;Aim est due \u00e0 ses jonctions de tube de direction et de tube de selle aux soudures lisses, flatt\u00e9es par un passage interne des c\u00e2bles pour r\u00e9duire l&rsquo;encombrement. Vous trouverez donc un bo\u00eetier de p\u00e9dalier filet\u00e9 et un support [...]","og_url":"https:\/\/cyclesdevos.be\/en\/product\/aim-one-3\/","og_site_name":"Cycles Devos","article_modified_time":"2026-02-13T11:41:45+00:00","og_image":[{"width":1920,"height":1113,"url":"https:\/\/cyclesdevos.be\/wp-content\/uploads\/2025\/09\/synqup_140110_360I_00.jpg","type":"image\/jpeg"}],"twitter_card":"summary_large_image","twitter_misc":{"Estimated reading time":"2 minutes"},"schema":{"@context":"https:\/\/schema.org","@graph":[{"@type":"WebPage","@id":"https:\/\/cyclesdevos.be\/product\/aim-one-3\/","url":"https:\/\/cyclesdevos.be\/product\/aim-one-3\/","name":"AIM ONE - Cycles Devos","isPartOf":{"@id":"https:\/\/cyclesdevos.be\/#website"},"primaryImageOfPage":{"@id":"https:\/\/cyclesdevos.be\/product\/aim-one-3\/#primaryimage"},"image":{"@id":"https:\/\/cyclesdevos.be\/product\/aim-one-3\/#primaryimage"},"thumbnailUrl":"https:\/\/cyclesdevos.be\/wp-content\/uploads\/2025\/09\/synqup_140110_360I_00.jpg","datePublished":"2025-09-04T16:31:36+00:00","dateModified":"2026-02-13T11:41:45+00:00","breadcrumb":{"@id":"https:\/\/cyclesdevos.be\/product\/aim-one-3\/#breadcrumb"},"inLanguage":"en-GB","potentialAction":[{"@type":"ReadAction","target":["https:\/\/cyclesdevos.be\/product\/aim-one-3\/"]}]},{"@type":"ImageObject","inLanguage":"en-GB","@id":"https:\/\/cyclesdevos.be\/product\/aim-one-3\/#primaryimage","url":"https:\/\/cyclesdevos.be\/wp-content\/uploads\/2025\/09\/synqup_140110_360I_00.jpg","contentUrl":"https:\/\/cyclesdevos.be\/wp-content\/uploads\/2025\/09\/synqup_140110_360I_00.jpg","width":1920,"height":1113},{"@type":"BreadcrumbList","@id":"https:\/\/cyclesdevos.be\/product\/aim-one-3\/#breadcrumb","itemListElement":[{"@type":"ListItem","position":1,"name":"Home","item":"https:\/\/cyclesdevos.be\/"},{"@type":"ListItem","position":2,"name":"Catalogue","item":"https:\/\/cyclesdevos.be\/nl\/catalogue\/"},{"@type":"ListItem","position":3,"name":"AIM ONE"}]},{"@type":"WebSite","@id":"https:\/\/cyclesdevos.be\/#website","url":"https:\/\/cyclesdevos.be\/","name":"Cycles Devos","description":"Family-owned company since 1910","potentialAction":[{"@type":"SearchAction","target":{"@type":"EntryPoint","urlTemplate":"https:\/\/cyclesdevos.be\/?s={search_term_string}"},"query-input":{"@type":"PropertyValueSpecification","valueRequired":true,"valueName":"search_term_string"}}],"inLanguage":"en-GB"}]}},"df_price":549,"df_sale_price":"","df_regular_price":549,"df_image_link":"https:\/\/cyclesdevos.be\/wp-content\/uploads\/2025\/09\/synqup_140110_360I_00-400x232.jpg","_links":{"self":[{"href":"https:\/\/cyclesdevos.be\/en\/wp-json\/wp\/v2\/product\/24712","targetHints":{"allow":["GET"]}}],"collection":[{"href":"https:\/\/cyclesdevos.be\/en\/wp-json\/wp\/v2\/product"}],"about":[{"href":"https:\/\/cyclesdevos.be\/en\/wp-json\/wp\/v2\/types\/product"}],"wp:featuredmedia":[{"embeddable":true,"href":"https:\/\/cyclesdevos.be\/en\/wp-json\/wp\/v2\/media\/24713"}],"wp:attachment":[{"href":"https:\/\/cyclesdevos.be\/en\/wp-json\/wp\/v2\/media?parent=24712"}],"wp:term":[{"taxonomy":"product_brand","embeddable":true,"href":"https:\/\/cyclesdevos.be\/en\/wp-json\/wp\/v2\/product_brand?post=24712"},{"taxonomy":"product_cat","embeddable":true,"href":"https:\/\/cyclesdevos.be\/en\/wp-json\/wp\/v2\/product_cat?post=24712"},{"taxonomy":"product_tag","embeddable":true,"href":"https:\/\/cyclesdevos.be\/en\/wp-json\/wp\/v2\/product_tag?post=24712"}],"curies":[{"name":"wp","href":"https:\/\/api.w.org\/{rel}","templated":true}]}}