{"id":24670,"date":"2025-09-04T18:30:45","date_gmt":"2025-09-04T16:30:45","guid":{"rendered":"https:\/\/cyclesdevos.be\/product\/aim-one-fe\/"},"modified":"2026-02-13T12:41:46","modified_gmt":"2026-02-13T11:41:46","slug":"aim-one-fe","status":"publish","type":"product","link":"https:\/\/cyclesdevos.be\/en\/product\/aim-one-fe\/","title":{"rendered":"AIM ONE FE"},"content":{"rendered":"<p>AIM ONE FE &#8211; Marlinblue\u00b4N\u00b4Reflex<\/p>\n<p>Avec l\u2019Aim FE, nous avons red\u00e9fini la notion de polyvalence. Avec ses garde-boue int\u00e9graux, son syst\u00e8me d\u2019\u00e9clairage et son porte-bagages de s\u00e9rie, il poss\u00e8de tout ce dont vous avez besoin. Il y a un bo\u00eetier de p\u00e9dalier filet\u00e9 et un passage de c\u00e2bles interne ; en outre, le support de fixation pour disque flat mount s&rsquo;int\u00e8gre parfaitement \u00e0 la b\u00e9quille incluse. Sa g\u00e9om\u00e9trie soigneusement pens\u00e9e comprend un tube inf\u00e9rieur plus bas pour une plus grande confiance, et il dispose \u00e9galement de suffisamment de d\u00e9battement pour l\u2019\u00e9quiper de pneus de 2,25 pouces larges, adh\u00e9rents et confortables. Notre syst\u00e8me SizeSplit a permis d\u2019\u00e9tendre \u00e9galement la gamme, ainsi, quelle que soit votre taille, vous trouverez forc\u00e9ment un Aim FE qui vous convient parfaitement.<\/p>\n<p>La construction et la fourche suspendue de l&rsquo;Aim ONE FE en font le v\u00e9hicule id\u00e9al pour les escapades de fin de semaine, o\u00f9 que votre curiosit\u00e9 vous m\u00e8ne. Mais son \u00e9quipement complet le rend encore plus polyvalent, car il est \u00e9galement pr\u00eat pour une longue randonn\u00e9e ou m\u00eame pour les trajets quotidiens de la semaine.<\/p>\n<p>Qu&rsquo;il s&rsquo;agisse d&rsquo;un trajet quotidien ou d&rsquo;un weekend d&rsquo;aventure tout-terrain, l&rsquo;Aim ONE FE a tout pr\u00e9vu. Avec ses garde-boue, son porte-bagages, son syst\u00e8me d\u2019\u00e9clairage et sa b\u00e9quille, vous \u00eates par\u00e9 pour vous attaquer aux voies urbaines les plus accident\u00e9es avec style et confort. Le weekend venu, des pneus tout-terrain de 2,25 pouces, une fourche suspendue de 100 mm et une transmission profonde Shimano 2&#215;8 vitesses vous donnent les outils n\u00e9cessaires pour explorer tous les endroits o\u00f9 votre curiosit\u00e9 vous m\u00e8ne. Et, que vous rouliez sur route ou en dehors, les puissants freins \u00e0 disque hydrauliques Shimano vous garantissent un contr\u00f4le total, quelles que soient les conditions m\u00e9t\u00e9orologiques.<\/p>\n<p>&nbsp;<\/p>\n<p>&nbsp;<\/p>","protected":false},"excerpt":{"rendered":"<p>AIM ONE FE &#8211; Marlinblue\u00b4N\u00b4Reflex Avec l\u2019Aim FE, nous avons red\u00e9fini la notion de polyvalence. Avec ses garde-boue int\u00e9graux, son syst\u00e8me d\u2019\u00e9clairage et son porte-bagages de s\u00e9rie, il poss\u00e8de tout ce dont vous avez besoin. Il y a un bo\u00eetier de p\u00e9dalier filet\u00e9 et un passage de c\u00e2bles interne ; en outre, le support de [&#8230;]\n","protected":false},"featured_media":24671,"template":"","meta":[],"product_brand":[],"product_cat":[1696,1641,1660,1646,32,44],"product_tag":[],"class_list":{"0":"post-24670","1":"product","2":"type-product","3":"status-publish","4":"has-post-thumbnail","6":"product_cat-bike","7":"product_cat-cube-2026","8":"product_cat-hardtail","9":"product_cat-mountainbike-cube-2026","10":"product_cat-velos","11":"product_cat-vtt","13":"first","14":"outofstock","15":"taxable","16":"shipping-taxable","17":"purchasable","18":"product-type-variable"},"yoast_head":"<!-- This site is optimized with the Yoast SEO plugin v27.5 - https:\/\/yoast.com\/product\/yoast-seo-wordpress\/ -->\n<title>AIM ONE FE - Cycles Devos<\/title>\n<meta name=\"robots\" content=\"index, follow, max-snippet:-1, max-image-preview:large, max-video-preview:-1\" \/>\n<link rel=\"canonical\" href=\"https:\/\/cyclesdevos.be\/en\/product\/aim-one-fe\/\" \/>\n<meta property=\"og:locale\" content=\"en_GB\" \/>\n<meta property=\"og:type\" content=\"article\" \/>\n<meta property=\"og:title\" content=\"AIM ONE FE - Cycles Devos\" \/>\n<meta property=\"og:description\" content=\"AIM ONE FE &#8211; Marlinblue\u00b4N\u00b4Reflex Avec l\u2019Aim FE, nous avons red\u00e9fini la notion de polyvalence. Avec ses garde-boue int\u00e9graux, son syst\u00e8me d\u2019\u00e9clairage et son porte-bagages de s\u00e9rie, il poss\u00e8de tout ce dont vous avez besoin. Il y a un bo\u00eetier de p\u00e9dalier filet\u00e9 et un passage de c\u00e2bles interne ; en outre, le support de [...]\" \/>\n<meta property=\"og:url\" content=\"https:\/\/cyclesdevos.be\/en\/product\/aim-one-fe\/\" \/>\n<meta property=\"og:site_name\" content=\"Cycles Devos\" \/>\n<meta property=\"article:modified_time\" content=\"2026-02-13T11:41:46+00:00\" \/>\n<meta property=\"og:image\" content=\"https:\/\/cyclesdevos.be\/wp-content\/uploads\/2025\/09\/synqup_140180_S_00-scaled.jpg\" \/>\n\t<meta property=\"og:image:width\" content=\"2560\" \/>\n\t<meta property=\"og:image:height\" content=\"1487\" \/>\n\t<meta property=\"og:image:type\" content=\"image\/jpeg\" \/>\n<meta name=\"twitter:card\" content=\"summary_large_image\" \/>\n<meta name=\"twitter:label1\" content=\"Estimated reading time\" \/>\n\t<meta name=\"twitter:data1\" content=\"2 minutes\" \/>\n<script type=\"application\/ld+json\" class=\"yoast-schema-graph\">{\"@context\":\"https:\\\/\\\/schema.org\",\"@graph\":[{\"@type\":\"WebPage\",\"@id\":\"https:\\\/\\\/cyclesdevos.be\\\/product\\\/aim-one-fe\\\/\",\"url\":\"https:\\\/\\\/cyclesdevos.be\\\/product\\\/aim-one-fe\\\/\",\"name\":\"AIM ONE FE - Cycles Devos\",\"isPartOf\":{\"@id\":\"https:\\\/\\\/cyclesdevos.be\\\/#website\"},\"primaryImageOfPage\":{\"@id\":\"https:\\\/\\\/cyclesdevos.be\\\/product\\\/aim-one-fe\\\/#primaryimage\"},\"image\":{\"@id\":\"https:\\\/\\\/cyclesdevos.be\\\/product\\\/aim-one-fe\\\/#primaryimage\"},\"thumbnailUrl\":\"https:\\\/\\\/cyclesdevos.be\\\/wp-content\\\/uploads\\\/2025\\\/09\\\/synqup_140180_S_00-scaled.jpg\",\"datePublished\":\"2025-09-04T16:30:45+00:00\",\"dateModified\":\"2026-02-13T11:41:46+00:00\",\"breadcrumb\":{\"@id\":\"https:\\\/\\\/cyclesdevos.be\\\/product\\\/aim-one-fe\\\/#breadcrumb\"},\"inLanguage\":\"en-GB\",\"potentialAction\":[{\"@type\":\"ReadAction\",\"target\":[\"https:\\\/\\\/cyclesdevos.be\\\/product\\\/aim-one-fe\\\/\"]}]},{\"@type\":\"ImageObject\",\"inLanguage\":\"en-GB\",\"@id\":\"https:\\\/\\\/cyclesdevos.be\\\/product\\\/aim-one-fe\\\/#primaryimage\",\"url\":\"https:\\\/\\\/cyclesdevos.be\\\/wp-content\\\/uploads\\\/2025\\\/09\\\/synqup_140180_S_00-scaled.jpg\",\"contentUrl\":\"https:\\\/\\\/cyclesdevos.be\\\/wp-content\\\/uploads\\\/2025\\\/09\\\/synqup_140180_S_00-scaled.jpg\",\"width\":2560,\"height\":1487},{\"@type\":\"BreadcrumbList\",\"@id\":\"https:\\\/\\\/cyclesdevos.be\\\/product\\\/aim-one-fe\\\/#breadcrumb\",\"itemListElement\":[{\"@type\":\"ListItem\",\"position\":1,\"name\":\"Home\",\"item\":\"https:\\\/\\\/cyclesdevos.be\\\/\"},{\"@type\":\"ListItem\",\"position\":2,\"name\":\"Catalogue\",\"item\":\"https:\\\/\\\/cyclesdevos.be\\\/nl\\\/catalogue\\\/\"},{\"@type\":\"ListItem\",\"position\":3,\"name\":\"AIM ONE FE\"}]},{\"@type\":\"WebSite\",\"@id\":\"https:\\\/\\\/cyclesdevos.be\\\/#website\",\"url\":\"https:\\\/\\\/cyclesdevos.be\\\/\",\"name\":\"Cycles Devos\",\"description\":\"Soci\u00e9t\u00e9 Familiale depuis 1910\",\"potentialAction\":[{\"@type\":\"SearchAction\",\"target\":{\"@type\":\"EntryPoint\",\"urlTemplate\":\"https:\\\/\\\/cyclesdevos.be\\\/?s={search_term_string}\"},\"query-input\":{\"@type\":\"PropertyValueSpecification\",\"valueRequired\":true,\"valueName\":\"search_term_string\"}}],\"inLanguage\":\"en-GB\"}]}<\/script>\n<!-- \/ Yoast SEO plugin. -->","yoast_head_json":{"title":"AIM ONE FE - Cycles Devos","robots":{"index":"index","follow":"follow","max-snippet":"max-snippet:-1","max-image-preview":"max-image-preview:large","max-video-preview":"max-video-preview:-1"},"canonical":"https:\/\/cyclesdevos.be\/en\/product\/aim-one-fe\/","og_locale":"en_GB","og_type":"article","og_title":"AIM ONE FE - Cycles Devos","og_description":"AIM ONE FE &#8211; Marlinblue\u00b4N\u00b4Reflex Avec l\u2019Aim FE, nous avons red\u00e9fini la notion de polyvalence. Avec ses garde-boue int\u00e9graux, son syst\u00e8me d\u2019\u00e9clairage et son porte-bagages de s\u00e9rie, il poss\u00e8de tout ce dont vous avez besoin. Il y a un bo\u00eetier de p\u00e9dalier filet\u00e9 et un passage de c\u00e2bles interne ; en outre, le support de [...]","og_url":"https:\/\/cyclesdevos.be\/en\/product\/aim-one-fe\/","og_site_name":"Cycles Devos","article_modified_time":"2026-02-13T11:41:46+00:00","og_image":[{"width":2560,"height":1487,"url":"https:\/\/cyclesdevos.be\/wp-content\/uploads\/2025\/09\/synqup_140180_S_00-scaled.jpg","type":"image\/jpeg"}],"twitter_card":"summary_large_image","twitter_misc":{"Estimated reading time":"2 minutes"},"schema":{"@context":"https:\/\/schema.org","@graph":[{"@type":"WebPage","@id":"https:\/\/cyclesdevos.be\/product\/aim-one-fe\/","url":"https:\/\/cyclesdevos.be\/product\/aim-one-fe\/","name":"AIM ONE FE - Cycles Devos","isPartOf":{"@id":"https:\/\/cyclesdevos.be\/#website"},"primaryImageOfPage":{"@id":"https:\/\/cyclesdevos.be\/product\/aim-one-fe\/#primaryimage"},"image":{"@id":"https:\/\/cyclesdevos.be\/product\/aim-one-fe\/#primaryimage"},"thumbnailUrl":"https:\/\/cyclesdevos.be\/wp-content\/uploads\/2025\/09\/synqup_140180_S_00-scaled.jpg","datePublished":"2025-09-04T16:30:45+00:00","dateModified":"2026-02-13T11:41:46+00:00","breadcrumb":{"@id":"https:\/\/cyclesdevos.be\/product\/aim-one-fe\/#breadcrumb"},"inLanguage":"en-GB","potentialAction":[{"@type":"ReadAction","target":["https:\/\/cyclesdevos.be\/product\/aim-one-fe\/"]}]},{"@type":"ImageObject","inLanguage":"en-GB","@id":"https:\/\/cyclesdevos.be\/product\/aim-one-fe\/#primaryimage","url":"https:\/\/cyclesdevos.be\/wp-content\/uploads\/2025\/09\/synqup_140180_S_00-scaled.jpg","contentUrl":"https:\/\/cyclesdevos.be\/wp-content\/uploads\/2025\/09\/synqup_140180_S_00-scaled.jpg","width":2560,"height":1487},{"@type":"BreadcrumbList","@id":"https:\/\/cyclesdevos.be\/product\/aim-one-fe\/#breadcrumb","itemListElement":[{"@type":"ListItem","position":1,"name":"Home","item":"https:\/\/cyclesdevos.be\/"},{"@type":"ListItem","position":2,"name":"Catalogue","item":"https:\/\/cyclesdevos.be\/nl\/catalogue\/"},{"@type":"ListItem","position":3,"name":"AIM ONE FE"}]},{"@type":"WebSite","@id":"https:\/\/cyclesdevos.be\/#website","url":"https:\/\/cyclesdevos.be\/","name":"Cycles Devos","description":"Family-owned company since 1910","potentialAction":[{"@type":"SearchAction","target":{"@type":"EntryPoint","urlTemplate":"https:\/\/cyclesdevos.be\/?s={search_term_string}"},"query-input":{"@type":"PropertyValueSpecification","valueRequired":true,"valueName":"search_term_string"}}],"inLanguage":"en-GB"}]}},"df_price":649,"df_sale_price":"","df_regular_price":649,"df_image_link":"https:\/\/cyclesdevos.be\/wp-content\/uploads\/2025\/09\/synqup_140180_S_00-400x232.jpg","_links":{"self":[{"href":"https:\/\/cyclesdevos.be\/en\/wp-json\/wp\/v2\/product\/24670","targetHints":{"allow":["GET"]}}],"collection":[{"href":"https:\/\/cyclesdevos.be\/en\/wp-json\/wp\/v2\/product"}],"about":[{"href":"https:\/\/cyclesdevos.be\/en\/wp-json\/wp\/v2\/types\/product"}],"wp:featuredmedia":[{"embeddable":true,"href":"https:\/\/cyclesdevos.be\/en\/wp-json\/wp\/v2\/media\/24671"}],"wp:attachment":[{"href":"https:\/\/cyclesdevos.be\/en\/wp-json\/wp\/v2\/media?parent=24670"}],"wp:term":[{"taxonomy":"product_brand","embeddable":true,"href":"https:\/\/cyclesdevos.be\/en\/wp-json\/wp\/v2\/product_brand?post=24670"},{"taxonomy":"product_cat","embeddable":true,"href":"https:\/\/cyclesdevos.be\/en\/wp-json\/wp\/v2\/product_cat?post=24670"},{"taxonomy":"product_tag","embeddable":true,"href":"https:\/\/cyclesdevos.be\/en\/wp-json\/wp\/v2\/product_tag?post=24670"}],"curies":[{"name":"wp","href":"https:\/\/api.w.org\/{rel}","templated":true}]}}