{"id":2333,"date":"2018-06-07T15:51:15","date_gmt":"2018-06-07T13:51:15","guid":{"rendered":"https:\/\/cyclesdevos.be\/?post_type=product&#038;p=2333"},"modified":"2026-03-04T22:02:27","modified_gmt":"2026-03-04T21:02:27","slug":"kymco-new-agility-4t","status":"publish","type":"product","link":"https:\/\/cyclesdevos.be\/en\/product\/kymco-new-agility-4t\/","title":{"rendered":"Kymco Agility 50 classe B"},"content":{"rendered":"<div class=\"container-fluid bloc-texte\">\n<div class=\"container\">\n<div class=\"vehicule-h2\">\n<h2>MOTORIZATION<\/h2>\n<\/div>\n<div class=\"col-xs-12 col-sm-6 pull-right illustration-texte\">\n<p>The agility is equipped with a 50cc, 4-stroke, single-cylinder EURO5 engine with forced air cooling. It has a maximum power output of 2.4kW at 7000rpm, which is suitable for urban use. The engine of this 50cc scooter has a fuel consumption of 2.2l\/100km. Equipped with a 5 litre fuel tank, you will have a comfortable range for your usual trips.<\/p>\n<p>&nbsp;<\/p>\n<\/div>\n<\/div>\n<\/div>\n<div class=\"container-fluid bloc-texte\">\n<div class=\"container\">\n<div class=\"vehicule-h2\">\n<h2>DESIGN<\/h2>\n<\/div>\n<div class=\"col-xs-12 col-sm-6 pull-left illustration-texte\">\n<p>With its modern, urban design, the Agility 50 is the ideal scooter for people who want to move nimbly between cars. This best-seller with a unique look has a fairing designed to stand the test of time.<\/p>\n<p>&nbsp;<\/p>\n<div class=\"container-fluid bloc-texte\">\n<div class=\"container\">\n<div class=\"vehicule-h2\">\n<h2>MOTORIZATION<\/h2>\n<\/div>\n<div class=\"col-xs-12 col-sm-6 pull-right illustration-texte\">\n<p>The agility is equipped with a 50cc, 4-stroke, air-cooled, single-cylinder engine. It has a maximum power output of 2.4kW at 7000rpm and is suitable for purely urban use. The engine of this 50cc scooter has a fuel consumption of 2.2l\/100km. Equipped with a 5 litre fuel tank, you will have a comfortable range for your usual trips.<\/p>\n<p>&nbsp;<\/p>\n<\/div>\n<\/div>\n<\/div>\n<div class=\"container-fluid bloc-texte\">\n<div class=\"container\">\n<div class=\"vehicule-h2\">\n<h2>DESIGN<\/h2>\n<\/div>\n<div class=\"col-xs-12 col-sm-6 pull-left illustration-texte\">\n<p>With its modern, urban design, the Agility 50 is the ideal scooter for people who want to move nimbly between cars. This best-seller with a unique look has a fairing designed to stand the test of time.<\/p>\n<\/div>\n<\/div>\n<\/div>\n<\/div>\n<\/div>\n<\/div>","protected":false},"excerpt":{"rendered":"<p>Kymco's star 50cc scooter has it all: a city look and a dynamic chassis that's ideal for getting around town. With its carefully selected equipment and robust engine, the Agility 50 makes it easy and economical to ride around town.<\/p>\n<table class=\"table\">\n<tbody>\n<tr>\n<td><strong>Engine<\/strong><\/td>\n<td colspan=\"2\">Single cylinder 49,9 cm3, EURO5, 4T, air cooled<\/td>\n<\/tr>\n<tr>\n<td><strong>Max. power*.<\/strong><\/td>\n<td colspan=\"2\">3.26 hp at 7000 rpm<\/td>\n<\/tr>\n<tr>\n<td><strong>Consumption<\/strong><\/td>\n<td colspan=\"2\">2.2 l\/100km<\/td>\n<\/tr>\n<tr>\n<td><strong>CO2* emissions<\/strong><\/td>\n<td colspan=\"2\">52 g\/km<\/td>\n<\/tr>\n<tr>\n<td><strong>Transmission<\/strong><\/td>\n<td colspan=\"2\">Continuously variable automatic<\/td>\n<\/tr>\n<tr>\n<td><strong>\u00a0Fuel tank<\/strong><\/td>\n<td colspan=\"2\">5 litres<\/td>\n<\/tr>\n<tr>\n<td><strong>\u00a0<\/strong><\/td>\n<td colspan=\"2\"><\/td>\n<\/tr>\n<tr>\n<td><strong>Dimensions (L x W x H)<\/strong><\/td>\n<td colspan=\"2\">1920 x 685 x 1130 mm<\/td>\n<\/tr>\n<tr>\n<td><strong>Wheelbase<\/strong><\/td>\n<td colspan=\"2\">1320 mm<\/td>\n<\/tr>\n<tr>\n<td><strong>Saddle height<\/strong><\/td>\n<td colspan=\"2\">780 mm<\/td>\n<\/tr>\n<tr>\n<td><strong>Front suspension<\/strong><\/td>\n<td colspan=\"2\">Telescopic fork<\/td>\n<\/tr>\n<tr>\n<td><strong>Rear suspension<\/strong><\/td>\n<td colspan=\"2\">Adjustable hydraulic damper<\/td>\n<\/tr>\n<tr>\n<td><strong>Braking<\/strong><\/td>\n<td>Av: Disc<\/td>\n<td>\u00a0Ar : Drum<\/td>\n<\/tr>\n<tr>\n<td><strong>Front \/ rear tyre<\/strong><\/td>\n<td>Av: 120\/70-12<\/td>\n<td>\u00a0Ar: 130\/70-12<\/td>\n<\/tr>\n<tr>\n<td><strong>Weight<\/strong><\/td>\n<td colspan=\"2\">97 Kg<\/td>\n<\/tr>\n<\/tbody>\n<\/table>","protected":false},"featured_media":23369,"template":"","meta":[],"product_brand":[1607],"product_cat":[31,33],"product_tag":[104],"class_list":{"0":"post-2333","1":"product","2":"type-product","3":"status-publish","4":"has-post-thumbnail","6":"product_brand-kymco","7":"product_cat-scooters","8":"product_cat-scooters-50cc","9":"product_tag-kymco","11":"first","12":"outofstock","13":"taxable","14":"shipping-taxable","15":"purchasable","16":"product-type-variable"},"yoast_head":"<!-- This site is optimized with the Yoast SEO plugin v26.9 - https:\/\/yoast.com\/product\/yoast-seo-wordpress\/ -->\n<title>Kymco Agility 50 classe B - Cycles Devos<\/title>\n<meta name=\"robots\" content=\"index, follow, max-snippet:-1, max-image-preview:large, max-video-preview:-1\" \/>\n<link rel=\"canonical\" href=\"https:\/\/cyclesdevos.be\/en\/product\/kymco-new-agility-4t\/\" \/>\n<meta property=\"og:locale\" content=\"en_GB\" \/>\n<meta property=\"og:type\" content=\"article\" \/>\n<meta property=\"og:title\" content=\"Kymco Agility 50 classe B - Cycles Devos\" \/>\n<meta property=\"og:description\" content=\"Le scooter 50cm3 star de Kymco a tout pour plaire\u00a0: un look\u00a0citadin et un ch\u00e2ssis dynamique id\u00e9al pour se faufiler en milieu urbain. Avec ses \u00e9quipements soigneusement choisis pour leur qualit\u00e9 et une motorisation robuste l\u2019Agility 50 permet de circuler avec aisance et de fa\u00e7on \u00e9conome en ville.    Moteur Monocylindre 49,9 cm3,EURO5, 4T, refroidissement par air   Puissance maxi* 3,26 cv\u00a0\u00e0 7000 tr\/min   Consommation* 2,2 l\/100km   Rejet de CO2* 52\u00a0g\/km   Transmission Automatique \u00e0 variation continue   \u00a0R\u00e9servoir essence 5 litres   \u00a0    Dimensions (L x l x h) 1920 x 685 x 1130 mm   Empattement 1320 mm   Hauteur de selle 780 mm   Suspension avant Fourche t\u00e9lescopique   Suspension arri\u00e8re Amortisseur hydraulique r\u00e9glable   Freinage Av : Disque \u00a0Ar : Tambour   Pneu AV \/ AR Av : 120\/70-12 \u00a0Ar : 130\/70-12   Poids 97\u00a0Kg\" \/>\n<meta property=\"og:url\" content=\"https:\/\/cyclesdevos.be\/en\/product\/kymco-new-agility-4t\/\" \/>\n<meta property=\"og:site_name\" content=\"Cycles Devos\" \/>\n<meta property=\"article:modified_time\" content=\"2026-03-04T21:02:27+00:00\" \/>\n<meta property=\"og:image\" content=\"https:\/\/cyclesdevos.be\/wp-content\/uploads\/2018\/06\/agility50-cg531fa-r45-vert.jpg\" \/>\n\t<meta property=\"og:image:width\" content=\"1200\" \/>\n\t<meta property=\"og:image:height\" content=\"800\" \/>\n\t<meta property=\"og:image:type\" content=\"image\/jpeg\" \/>\n<meta name=\"twitter:card\" content=\"summary_large_image\" \/>\n<meta name=\"twitter:label1\" content=\"Estimated reading time\" \/>\n\t<meta name=\"twitter:data1\" content=\"2 minutes\" \/>\n<script type=\"application\/ld+json\" class=\"yoast-schema-graph\">{\"@context\":\"https:\/\/schema.org\",\"@graph\":[{\"@type\":\"WebPage\",\"@id\":\"https:\/\/cyclesdevos.be\/product\/kymco-new-agility-4t\/\",\"url\":\"https:\/\/cyclesdevos.be\/product\/kymco-new-agility-4t\/\",\"name\":\"Kymco Agility 50 classe B - Cycles Devos\",\"isPartOf\":{\"@id\":\"https:\/\/cyclesdevos.be\/#website\"},\"primaryImageOfPage\":{\"@id\":\"https:\/\/cyclesdevos.be\/product\/kymco-new-agility-4t\/#primaryimage\"},\"image\":{\"@id\":\"https:\/\/cyclesdevos.be\/product\/kymco-new-agility-4t\/#primaryimage\"},\"thumbnailUrl\":\"https:\/\/cyclesdevos.be\/wp-content\/uploads\/2018\/06\/agility50-cg531fa-r45-vert.jpg\",\"datePublished\":\"2018-06-07T13:51:15+00:00\",\"dateModified\":\"2026-03-04T21:02:27+00:00\",\"breadcrumb\":{\"@id\":\"https:\/\/cyclesdevos.be\/product\/kymco-new-agility-4t\/#breadcrumb\"},\"inLanguage\":\"en-GB\",\"potentialAction\":[{\"@type\":\"ReadAction\",\"target\":[\"https:\/\/cyclesdevos.be\/product\/kymco-new-agility-4t\/\"]}]},{\"@type\":\"ImageObject\",\"inLanguage\":\"en-GB\",\"@id\":\"https:\/\/cyclesdevos.be\/product\/kymco-new-agility-4t\/#primaryimage\",\"url\":\"https:\/\/cyclesdevos.be\/wp-content\/uploads\/2018\/06\/agility50-cg531fa-r45-vert.jpg\",\"contentUrl\":\"https:\/\/cyclesdevos.be\/wp-content\/uploads\/2018\/06\/agility50-cg531fa-r45-vert.jpg\",\"width\":1200,\"height\":800},{\"@type\":\"BreadcrumbList\",\"@id\":\"https:\/\/cyclesdevos.be\/product\/kymco-new-agility-4t\/#breadcrumb\",\"itemListElement\":[{\"@type\":\"ListItem\",\"position\":1,\"name\":\"Home\",\"item\":\"https:\/\/cyclesdevos.be\/\"},{\"@type\":\"ListItem\",\"position\":2,\"name\":\"Catalogue\",\"item\":\"https:\/\/cyclesdevos.be\/nl\/catalogue\/\"},{\"@type\":\"ListItem\",\"position\":3,\"name\":\"Kymco Agility 50 classe B\"}]},{\"@type\":\"WebSite\",\"@id\":\"https:\/\/cyclesdevos.be\/#website\",\"url\":\"https:\/\/cyclesdevos.be\/\",\"name\":\"Cycles Devos\",\"description\":\"Soci\u00e9t\u00e9 Familiale depuis 1910\",\"potentialAction\":[{\"@type\":\"SearchAction\",\"target\":{\"@type\":\"EntryPoint\",\"urlTemplate\":\"https:\/\/cyclesdevos.be\/?s={search_term_string}\"},\"query-input\":{\"@type\":\"PropertyValueSpecification\",\"valueRequired\":true,\"valueName\":\"search_term_string\"}}],\"inLanguage\":\"en-GB\"}]}<\/script>\n<!-- \/ Yoast SEO plugin. -->","yoast_head_json":{"title":"Kymco Agility 50 classe B - Cycles Devos","robots":{"index":"index","follow":"follow","max-snippet":"max-snippet:-1","max-image-preview":"max-image-preview:large","max-video-preview":"max-video-preview:-1"},"canonical":"https:\/\/cyclesdevos.be\/en\/product\/kymco-new-agility-4t\/","og_locale":"en_GB","og_type":"article","og_title":"Kymco Agility 50 classe B - Cycles Devos","og_description":"Le scooter 50cm3 star de Kymco a tout pour plaire\u00a0: un look\u00a0citadin et un ch\u00e2ssis dynamique id\u00e9al pour se faufiler en milieu urbain. Avec ses \u00e9quipements soigneusement choisis pour leur qualit\u00e9 et une motorisation robuste l\u2019Agility 50 permet de circuler avec aisance et de fa\u00e7on \u00e9conome en ville.    Moteur Monocylindre 49,9 cm3,EURO5, 4T, refroidissement par air   Puissance maxi* 3,26 cv\u00a0\u00e0 7000 tr\/min   Consommation* 2,2 l\/100km   Rejet de CO2* 52\u00a0g\/km   Transmission Automatique \u00e0 variation continue   \u00a0R\u00e9servoir essence 5 litres   \u00a0    Dimensions (L x l x h) 1920 x 685 x 1130 mm   Empattement 1320 mm   Hauteur de selle 780 mm   Suspension avant Fourche t\u00e9lescopique   Suspension arri\u00e8re Amortisseur hydraulique r\u00e9glable   Freinage Av : Disque \u00a0Ar : Tambour   Pneu AV \/ AR Av : 120\/70-12 \u00a0Ar : 130\/70-12   Poids 97\u00a0Kg","og_url":"https:\/\/cyclesdevos.be\/en\/product\/kymco-new-agility-4t\/","og_site_name":"Cycles Devos","article_modified_time":"2026-03-04T21:02:27+00:00","og_image":[{"width":1200,"height":800,"url":"https:\/\/cyclesdevos.be\/wp-content\/uploads\/2018\/06\/agility50-cg531fa-r45-vert.jpg","type":"image\/jpeg"}],"twitter_card":"summary_large_image","twitter_misc":{"Estimated reading time":"2 minutes"},"schema":{"@context":"https:\/\/schema.org","@graph":[{"@type":"WebPage","@id":"https:\/\/cyclesdevos.be\/product\/kymco-new-agility-4t\/","url":"https:\/\/cyclesdevos.be\/product\/kymco-new-agility-4t\/","name":"Kymco Agility 50 classe B - Cycles Devos","isPartOf":{"@id":"https:\/\/cyclesdevos.be\/#website"},"primaryImageOfPage":{"@id":"https:\/\/cyclesdevos.be\/product\/kymco-new-agility-4t\/#primaryimage"},"image":{"@id":"https:\/\/cyclesdevos.be\/product\/kymco-new-agility-4t\/#primaryimage"},"thumbnailUrl":"https:\/\/cyclesdevos.be\/wp-content\/uploads\/2018\/06\/agility50-cg531fa-r45-vert.jpg","datePublished":"2018-06-07T13:51:15+00:00","dateModified":"2026-03-04T21:02:27+00:00","breadcrumb":{"@id":"https:\/\/cyclesdevos.be\/product\/kymco-new-agility-4t\/#breadcrumb"},"inLanguage":"en-GB","potentialAction":[{"@type":"ReadAction","target":["https:\/\/cyclesdevos.be\/product\/kymco-new-agility-4t\/"]}]},{"@type":"ImageObject","inLanguage":"en-GB","@id":"https:\/\/cyclesdevos.be\/product\/kymco-new-agility-4t\/#primaryimage","url":"https:\/\/cyclesdevos.be\/wp-content\/uploads\/2018\/06\/agility50-cg531fa-r45-vert.jpg","contentUrl":"https:\/\/cyclesdevos.be\/wp-content\/uploads\/2018\/06\/agility50-cg531fa-r45-vert.jpg","width":1200,"height":800},{"@type":"BreadcrumbList","@id":"https:\/\/cyclesdevos.be\/product\/kymco-new-agility-4t\/#breadcrumb","itemListElement":[{"@type":"ListItem","position":1,"name":"Home","item":"https:\/\/cyclesdevos.be\/"},{"@type":"ListItem","position":2,"name":"Catalogue","item":"https:\/\/cyclesdevos.be\/nl\/catalogue\/"},{"@type":"ListItem","position":3,"name":"Kymco Agility 50 classe B"}]},{"@type":"WebSite","@id":"https:\/\/cyclesdevos.be\/#website","url":"https:\/\/cyclesdevos.be\/","name":"Cycles Devos","description":"Family-owned company since 1910","potentialAction":[{"@type":"SearchAction","target":{"@type":"EntryPoint","urlTemplate":"https:\/\/cyclesdevos.be\/?s={search_term_string}"},"query-input":{"@type":"PropertyValueSpecification","valueRequired":true,"valueName":"search_term_string"}}],"inLanguage":"en-GB"}]}},"df_price":1899,"df_sale_price":"","df_regular_price":1899,"df_image_link":"https:\/\/cyclesdevos.be\/wp-content\/uploads\/2018\/06\/agility50-cg531fa-r45-vert-400x267.jpg","_links":{"self":[{"href":"https:\/\/cyclesdevos.be\/en\/wp-json\/wp\/v2\/product\/2333","targetHints":{"allow":["GET"]}}],"collection":[{"href":"https:\/\/cyclesdevos.be\/en\/wp-json\/wp\/v2\/product"}],"about":[{"href":"https:\/\/cyclesdevos.be\/en\/wp-json\/wp\/v2\/types\/product"}],"wp:featuredmedia":[{"embeddable":true,"href":"https:\/\/cyclesdevos.be\/en\/wp-json\/wp\/v2\/media\/23369"}],"wp:attachment":[{"href":"https:\/\/cyclesdevos.be\/en\/wp-json\/wp\/v2\/media?parent=2333"}],"wp:term":[{"taxonomy":"product_brand","embeddable":true,"href":"https:\/\/cyclesdevos.be\/en\/wp-json\/wp\/v2\/product_brand?post=2333"},{"taxonomy":"product_cat","embeddable":true,"href":"https:\/\/cyclesdevos.be\/en\/wp-json\/wp\/v2\/product_cat?post=2333"},{"taxonomy":"product_tag","embeddable":true,"href":"https:\/\/cyclesdevos.be\/en\/wp-json\/wp\/v2\/product_tag?post=2333"}],"curies":[{"name":"wp","href":"https:\/\/api.w.org\/{rel}","templated":true}]}}