{"id":21066,"date":"2024-03-19T15:56:31","date_gmt":"2024-03-19T14:56:31","guid":{"rendered":"https:\/\/cyclesdevos.be\/?post_type=product&#038;p=21066"},"modified":"2025-08-01T16:26:03","modified_gmt":"2025-08-01T14:26:03","slug":"sym-symphony-st","status":"publish","type":"product","link":"https:\/\/cyclesdevos.be\/en\/product\/sym-symphony-st\/","title":{"rendered":"Sym Symphony ST"},"content":{"rendered":"<p style=\"text-align: center\"><strong>Large 16-inch wheels<\/strong><br \/>\nThe large 16-inch wheels ensure stable handling, even in bends, making the scooter suitable not only for long distances, but also for heavier urban traffic. The Symphony's agility also enhances driving comfort.<\/p>\n<p style=\"text-align: center\"><strong>Streamlined design<\/strong><br \/>\nThe Symphony owes its sporty look to its black anodised wheels and stylish headlight. The contrast between the sporty look and the aerodynamic design gives the scooter a unique and elegant line.<\/p>","protected":false},"excerpt":{"rendered":"<p><strong>SYM Symhony ST: feel at home in the city<\/strong><br \/>\nWith the Symphony ST scooter, you'll feel right at home in town. With its sophisticated design and distinctive features, this scooter is suitable for all types of road. Manoeuvrability, comfort, safety and economy are at the heart of the Symphony ST, for an exceptional riding experience. With its impressive 16-inch wheels and spacious seat, this scooter is extremely comfortable for both rider and passenger.<\/p>\n<p>The SYM Symphony ST has a sophisticated design, 16-inch wheels, and is safe and economical! This scooter is your ideal city companion.<\/p>","protected":false},"featured_media":21070,"template":"","meta":[],"product_brand":[1622],"product_cat":[31,33],"product_tag":[1485],"class_list":{"0":"post-21066","1":"product","2":"type-product","3":"status-publish","4":"has-post-thumbnail","6":"product_brand-sym","7":"product_cat-scooters","8":"product_cat-scooters-50cc","9":"product_tag-sym","11":"first","12":"onbackorder","13":"taxable","14":"shipping-taxable","15":"purchasable","16":"product-type-variable"},"yoast_head":"<!-- This site is optimized with the Yoast SEO plugin v27.3 - https:\/\/yoast.com\/product\/yoast-seo-wordpress\/ -->\n<title>Sym Symphony ST - Cycles Devos<\/title>\n<meta name=\"robots\" content=\"index, follow, max-snippet:-1, max-image-preview:large, max-video-preview:-1\" \/>\n<link rel=\"canonical\" href=\"https:\/\/cyclesdevos.be\/en\/product\/sym-symphony-st\/\" \/>\n<meta property=\"og:locale\" content=\"en_GB\" \/>\n<meta property=\"og:type\" content=\"article\" \/>\n<meta property=\"og:title\" content=\"Sym Symphony ST - Cycles Devos\" \/>\n<meta property=\"og:description\" content=\"SYM Symhony ST : se sentir chez soi en ville Sur le scooter Symphony ST, vous vous sentirez parfaitement \u00e0 l&#039;aise en ville. Avec son design sophistiqu\u00e9 et ses caract\u00e9ristiques distinctives, ce scooter est adapt\u00e9 \u00e0 tous les types de routes. Manoeuvrabilit\u00e9, confort, s\u00e9curit\u00e9 et \u00e9conomie sont au coeur du Symphony ST, pour une exp\u00e9rience de conduite exceptionnelle. Gr\u00e2ce \u00e0 ses impressionnantes roues de 16 pouces et \u00e0 son si\u00e8ge spacieux, ce scooter est extr\u00eamement confortable pour le conducteur comme pour le passager.  Le SYM Symphony ST a un design sophistiqu\u00e9, des roues de 16 pouces, il est s\u00fbr et \u00e9conomique ! Ce scooter est votre compagnon id\u00e9al pour la ville.\" \/>\n<meta property=\"og:url\" content=\"https:\/\/cyclesdevos.be\/en\/product\/sym-symphony-st\/\" \/>\n<meta property=\"og:site_name\" content=\"Cycles Devos\" \/>\n<meta property=\"article:modified_time\" content=\"2025-08-01T14:26:03+00:00\" \/>\n<meta property=\"og:image\" content=\"https:\/\/cyclesdevos.be\/wp-content\/uploads\/2024\/03\/SymphonyST_50_GY-430C_M1_SYM.jpg\" \/>\n\t<meta property=\"og:image:width\" content=\"1200\" \/>\n\t<meta property=\"og:image:height\" content=\"800\" \/>\n\t<meta property=\"og:image:type\" content=\"image\/jpeg\" \/>\n<meta name=\"twitter:card\" content=\"summary_large_image\" \/>\n<meta name=\"twitter:label1\" content=\"Estimated reading time\" \/>\n\t<meta name=\"twitter:data1\" content=\"1 minute\" \/>\n<script type=\"application\/ld+json\" class=\"yoast-schema-graph\">{\"@context\":\"https:\\\/\\\/schema.org\",\"@graph\":[{\"@type\":\"WebPage\",\"@id\":\"https:\\\/\\\/cyclesdevos.be\\\/product\\\/sym-symphony-st\\\/\",\"url\":\"https:\\\/\\\/cyclesdevos.be\\\/product\\\/sym-symphony-st\\\/\",\"name\":\"Sym Symphony ST - Cycles Devos\",\"isPartOf\":{\"@id\":\"https:\\\/\\\/cyclesdevos.be\\\/#website\"},\"primaryImageOfPage\":{\"@id\":\"https:\\\/\\\/cyclesdevos.be\\\/product\\\/sym-symphony-st\\\/#primaryimage\"},\"image\":{\"@id\":\"https:\\\/\\\/cyclesdevos.be\\\/product\\\/sym-symphony-st\\\/#primaryimage\"},\"thumbnailUrl\":\"https:\\\/\\\/cyclesdevos.be\\\/wp-content\\\/uploads\\\/2024\\\/03\\\/SymphonyST_50_GY-430C_M1_SYM.jpg\",\"datePublished\":\"2024-03-19T14:56:31+00:00\",\"dateModified\":\"2025-08-01T14:26:03+00:00\",\"breadcrumb\":{\"@id\":\"https:\\\/\\\/cyclesdevos.be\\\/product\\\/sym-symphony-st\\\/#breadcrumb\"},\"inLanguage\":\"en-GB\",\"potentialAction\":[{\"@type\":\"ReadAction\",\"target\":[\"https:\\\/\\\/cyclesdevos.be\\\/product\\\/sym-symphony-st\\\/\"]}]},{\"@type\":\"ImageObject\",\"inLanguage\":\"en-GB\",\"@id\":\"https:\\\/\\\/cyclesdevos.be\\\/product\\\/sym-symphony-st\\\/#primaryimage\",\"url\":\"https:\\\/\\\/cyclesdevos.be\\\/wp-content\\\/uploads\\\/2024\\\/03\\\/SymphonyST_50_GY-430C_M1_SYM.jpg\",\"contentUrl\":\"https:\\\/\\\/cyclesdevos.be\\\/wp-content\\\/uploads\\\/2024\\\/03\\\/SymphonyST_50_GY-430C_M1_SYM.jpg\",\"width\":1200,\"height\":800},{\"@type\":\"BreadcrumbList\",\"@id\":\"https:\\\/\\\/cyclesdevos.be\\\/product\\\/sym-symphony-st\\\/#breadcrumb\",\"itemListElement\":[{\"@type\":\"ListItem\",\"position\":1,\"name\":\"Home\",\"item\":\"https:\\\/\\\/cyclesdevos.be\\\/\"},{\"@type\":\"ListItem\",\"position\":2,\"name\":\"Catalogue\",\"item\":\"https:\\\/\\\/cyclesdevos.be\\\/nl\\\/catalogue\\\/\"},{\"@type\":\"ListItem\",\"position\":3,\"name\":\"Sym Symphony ST\"}]},{\"@type\":\"WebSite\",\"@id\":\"https:\\\/\\\/cyclesdevos.be\\\/#website\",\"url\":\"https:\\\/\\\/cyclesdevos.be\\\/\",\"name\":\"Cycles Devos\",\"description\":\"Soci\u00e9t\u00e9 Familiale depuis 1910\",\"potentialAction\":[{\"@type\":\"SearchAction\",\"target\":{\"@type\":\"EntryPoint\",\"urlTemplate\":\"https:\\\/\\\/cyclesdevos.be\\\/?s={search_term_string}\"},\"query-input\":{\"@type\":\"PropertyValueSpecification\",\"valueRequired\":true,\"valueName\":\"search_term_string\"}}],\"inLanguage\":\"en-GB\"}]}<\/script>\n<!-- \/ Yoast SEO plugin. -->","yoast_head_json":{"title":"Sym Symphony ST - Cycles Devos","robots":{"index":"index","follow":"follow","max-snippet":"max-snippet:-1","max-image-preview":"max-image-preview:large","max-video-preview":"max-video-preview:-1"},"canonical":"https:\/\/cyclesdevos.be\/en\/product\/sym-symphony-st\/","og_locale":"en_GB","og_type":"article","og_title":"Sym Symphony ST - Cycles Devos","og_description":"SYM Symhony ST : se sentir chez soi en ville Sur le scooter Symphony ST, vous vous sentirez parfaitement \u00e0 l'aise en ville. Avec son design sophistiqu\u00e9 et ses caract\u00e9ristiques distinctives, ce scooter est adapt\u00e9 \u00e0 tous les types de routes. Manoeuvrabilit\u00e9, confort, s\u00e9curit\u00e9 et \u00e9conomie sont au coeur du Symphony ST, pour une exp\u00e9rience de conduite exceptionnelle. Gr\u00e2ce \u00e0 ses impressionnantes roues de 16 pouces et \u00e0 son si\u00e8ge spacieux, ce scooter est extr\u00eamement confortable pour le conducteur comme pour le passager.  Le SYM Symphony ST a un design sophistiqu\u00e9, des roues de 16 pouces, il est s\u00fbr et \u00e9conomique ! Ce scooter est votre compagnon id\u00e9al pour la ville.","og_url":"https:\/\/cyclesdevos.be\/en\/product\/sym-symphony-st\/","og_site_name":"Cycles Devos","article_modified_time":"2025-08-01T14:26:03+00:00","og_image":[{"width":1200,"height":800,"url":"https:\/\/cyclesdevos.be\/wp-content\/uploads\/2024\/03\/SymphonyST_50_GY-430C_M1_SYM.jpg","type":"image\/jpeg"}],"twitter_card":"summary_large_image","twitter_misc":{"Estimated reading time":"1 minute"},"schema":{"@context":"https:\/\/schema.org","@graph":[{"@type":"WebPage","@id":"https:\/\/cyclesdevos.be\/product\/sym-symphony-st\/","url":"https:\/\/cyclesdevos.be\/product\/sym-symphony-st\/","name":"Sym Symphony ST - Cycles Devos","isPartOf":{"@id":"https:\/\/cyclesdevos.be\/#website"},"primaryImageOfPage":{"@id":"https:\/\/cyclesdevos.be\/product\/sym-symphony-st\/#primaryimage"},"image":{"@id":"https:\/\/cyclesdevos.be\/product\/sym-symphony-st\/#primaryimage"},"thumbnailUrl":"https:\/\/cyclesdevos.be\/wp-content\/uploads\/2024\/03\/SymphonyST_50_GY-430C_M1_SYM.jpg","datePublished":"2024-03-19T14:56:31+00:00","dateModified":"2025-08-01T14:26:03+00:00","breadcrumb":{"@id":"https:\/\/cyclesdevos.be\/product\/sym-symphony-st\/#breadcrumb"},"inLanguage":"en-GB","potentialAction":[{"@type":"ReadAction","target":["https:\/\/cyclesdevos.be\/product\/sym-symphony-st\/"]}]},{"@type":"ImageObject","inLanguage":"en-GB","@id":"https:\/\/cyclesdevos.be\/product\/sym-symphony-st\/#primaryimage","url":"https:\/\/cyclesdevos.be\/wp-content\/uploads\/2024\/03\/SymphonyST_50_GY-430C_M1_SYM.jpg","contentUrl":"https:\/\/cyclesdevos.be\/wp-content\/uploads\/2024\/03\/SymphonyST_50_GY-430C_M1_SYM.jpg","width":1200,"height":800},{"@type":"BreadcrumbList","@id":"https:\/\/cyclesdevos.be\/product\/sym-symphony-st\/#breadcrumb","itemListElement":[{"@type":"ListItem","position":1,"name":"Home","item":"https:\/\/cyclesdevos.be\/"},{"@type":"ListItem","position":2,"name":"Catalogue","item":"https:\/\/cyclesdevos.be\/nl\/catalogue\/"},{"@type":"ListItem","position":3,"name":"Sym Symphony ST"}]},{"@type":"WebSite","@id":"https:\/\/cyclesdevos.be\/#website","url":"https:\/\/cyclesdevos.be\/","name":"Cycles Devos","description":"Family-owned company since 1910","potentialAction":[{"@type":"SearchAction","target":{"@type":"EntryPoint","urlTemplate":"https:\/\/cyclesdevos.be\/?s={search_term_string}"},"query-input":{"@type":"PropertyValueSpecification","valueRequired":true,"valueName":"search_term_string"}}],"inLanguage":"en-GB"}]}},"df_price":2899,"df_sale_price":"","df_regular_price":2899,"df_image_link":"https:\/\/cyclesdevos.be\/wp-content\/uploads\/2024\/03\/SymphonyST_50_GY-430C_M1_SYM-400x267.jpg","_links":{"self":[{"href":"https:\/\/cyclesdevos.be\/en\/wp-json\/wp\/v2\/product\/21066","targetHints":{"allow":["GET"]}}],"collection":[{"href":"https:\/\/cyclesdevos.be\/en\/wp-json\/wp\/v2\/product"}],"about":[{"href":"https:\/\/cyclesdevos.be\/en\/wp-json\/wp\/v2\/types\/product"}],"wp:featuredmedia":[{"embeddable":true,"href":"https:\/\/cyclesdevos.be\/en\/wp-json\/wp\/v2\/media\/21070"}],"wp:attachment":[{"href":"https:\/\/cyclesdevos.be\/en\/wp-json\/wp\/v2\/media?parent=21066"}],"wp:term":[{"taxonomy":"product_brand","embeddable":true,"href":"https:\/\/cyclesdevos.be\/en\/wp-json\/wp\/v2\/product_brand?post=21066"},{"taxonomy":"product_cat","embeddable":true,"href":"https:\/\/cyclesdevos.be\/en\/wp-json\/wp\/v2\/product_cat?post=21066"},{"taxonomy":"product_tag","embeddable":true,"href":"https:\/\/cyclesdevos.be\/en\/wp-json\/wp\/v2\/product_tag?post=21066"}],"curies":[{"name":"wp","href":"https:\/\/api.w.org\/{rel}","templated":true}]}}