{"id":19668,"date":"2023-02-08T18:59:03","date_gmt":"2023-02-08T17:59:03","guid":{"rendered":"https:\/\/cyclesdevos.be\/product\/cube-hyde-pro-metalgreen-n-black-2\/"},"modified":"2026-05-07T23:03:20","modified_gmt":"2026-05-07T21:03:20","slug":"cube-hyde-pro-metalgreen-n-black-2","status":"publish","type":"product","link":"https:\/\/cyclesdevos.be\/en\/product\/cube-hyde-pro-metalgreen-n-black-2\/","title":{"rendered":"Cube Hyde Pro Metalgreen N Black"},"content":{"rendered":"<p>Drawing inspiration from our 29\" hardtails, the Hyde's frame is equipped with double-layer tubing to give you a strong, light and dynamic structure. Elegantly integrated mudguard and rack mounts make it easy to customise, while the eccentric bottom bracket and split dropout work efficiently with a low-maintenance belt. The fork is as rigid as it is elegant, and completes the package perfectly, offering a precise and responsive ride that is well suited to its light weight and apparent sobriety.<\/p>","protected":false},"excerpt":{"rendered":"<p>We've taken inspiration from the automotive industry to beat traffic at its own game: the Hyde Pro's hub drive is equipped with a low-maintenance belt that is very similar to your car's fan belt. The result? Smooth, carefree urban cycling without an oily chain. Rediscover the pleasure of cycling in the city...<\/p>","protected":false},"featured_media":19669,"template":"","meta":[],"product_brand":[],"product_cat":[1422,32,42],"product_tag":[117],"class_list":{"0":"post-19668","1":"product","2":"type-product","3":"status-publish","4":"has-post-thumbnail","6":"product_cat-cube-2023","7":"product_cat-velos","8":"product_cat-velos-ville-et-classiques","9":"product_tag-cube","11":"first","12":"instock","13":"purchasable","14":"product-type-variable"},"yoast_head":"<!-- This site is optimized with the Yoast SEO plugin v27.5 - https:\/\/yoast.com\/product\/yoast-seo-wordpress\/ -->\n<title>Cube Hyde Pro Metalgreen N Black - Cycles Devos<\/title>\n<meta name=\"robots\" content=\"index, follow, max-snippet:-1, max-image-preview:large, max-video-preview:-1\" \/>\n<link rel=\"canonical\" href=\"https:\/\/cyclesdevos.be\/en\/product\/cube-hyde-pro-metalgreen-n-black-2\/\" \/>\n<meta property=\"og:locale\" content=\"en_GB\" \/>\n<meta property=\"og:type\" content=\"article\" \/>\n<meta property=\"og:title\" content=\"Cube Hyde Pro Metalgreen N Black - Cycles Devos\" \/>\n<meta property=\"og:description\" content=\"Nous nous sommes inspir\u00e9s de l\u2019industrie automobile pour battre la circulation \u00e0 son propre jeu: la transmission par moyeu du Hyde Pro est \u00e9quip\u00e9e d\u2019une courroie n\u00e9cessitant peu d\u2019entretien et tr\u00e8s proche de la courroie du ventilateur de votre voiture. Le r\u00e9sultat ? Du cyclisme urbain en douceur et sans soucis, sans cha\u00eene huileuse. Red\u00e9couvrez le plaisir de p\u00e9daler en ville...\" \/>\n<meta property=\"og:url\" content=\"https:\/\/cyclesdevos.be\/en\/product\/cube-hyde-pro-metalgreen-n-black-2\/\" \/>\n<meta property=\"og:site_name\" content=\"Cycles Devos\" \/>\n<meta property=\"article:modified_time\" content=\"2026-05-07T21:03:20+00:00\" \/>\n<meta property=\"og:image\" content=\"https:\/\/cyclesdevos.be\/wp-content\/uploads\/2023\/02\/S_20_78813_647200_S_20-scaled.jpg\" \/>\n\t<meta property=\"og:image:width\" content=\"2560\" \/>\n\t<meta property=\"og:image:height\" content=\"1448\" \/>\n\t<meta property=\"og:image:type\" content=\"image\/jpeg\" \/>\n<meta name=\"twitter:card\" content=\"summary_large_image\" \/>\n<meta name=\"twitter:label1\" content=\"Estimated reading time\" \/>\n\t<meta name=\"twitter:data1\" content=\"1 minute\" \/>\n<script type=\"application\/ld+json\" class=\"yoast-schema-graph\">{\"@context\":\"https:\\\/\\\/schema.org\",\"@graph\":[{\"@type\":\"WebPage\",\"@id\":\"https:\\\/\\\/cyclesdevos.be\\\/product\\\/cube-hyde-pro-metalgreen-n-black-2\\\/\",\"url\":\"https:\\\/\\\/cyclesdevos.be\\\/product\\\/cube-hyde-pro-metalgreen-n-black-2\\\/\",\"name\":\"Cube Hyde Pro Metalgreen N Black - Cycles Devos\",\"isPartOf\":{\"@id\":\"https:\\\/\\\/cyclesdevos.be\\\/#website\"},\"primaryImageOfPage\":{\"@id\":\"https:\\\/\\\/cyclesdevos.be\\\/product\\\/cube-hyde-pro-metalgreen-n-black-2\\\/#primaryimage\"},\"image\":{\"@id\":\"https:\\\/\\\/cyclesdevos.be\\\/product\\\/cube-hyde-pro-metalgreen-n-black-2\\\/#primaryimage\"},\"thumbnailUrl\":\"https:\\\/\\\/cyclesdevos.be\\\/wp-content\\\/uploads\\\/2023\\\/02\\\/S_20_78813_647200_S_20-scaled.jpg\",\"datePublished\":\"2023-02-08T17:59:03+00:00\",\"dateModified\":\"2026-05-07T21:03:20+00:00\",\"breadcrumb\":{\"@id\":\"https:\\\/\\\/cyclesdevos.be\\\/product\\\/cube-hyde-pro-metalgreen-n-black-2\\\/#breadcrumb\"},\"inLanguage\":\"en-GB\",\"potentialAction\":[{\"@type\":\"ReadAction\",\"target\":[\"https:\\\/\\\/cyclesdevos.be\\\/product\\\/cube-hyde-pro-metalgreen-n-black-2\\\/\"]}]},{\"@type\":\"ImageObject\",\"inLanguage\":\"en-GB\",\"@id\":\"https:\\\/\\\/cyclesdevos.be\\\/product\\\/cube-hyde-pro-metalgreen-n-black-2\\\/#primaryimage\",\"url\":\"https:\\\/\\\/cyclesdevos.be\\\/wp-content\\\/uploads\\\/2023\\\/02\\\/S_20_78813_647200_S_20-scaled.jpg\",\"contentUrl\":\"https:\\\/\\\/cyclesdevos.be\\\/wp-content\\\/uploads\\\/2023\\\/02\\\/S_20_78813_647200_S_20-scaled.jpg\",\"width\":2560,\"height\":1448},{\"@type\":\"BreadcrumbList\",\"@id\":\"https:\\\/\\\/cyclesdevos.be\\\/product\\\/cube-hyde-pro-metalgreen-n-black-2\\\/#breadcrumb\",\"itemListElement\":[{\"@type\":\"ListItem\",\"position\":1,\"name\":\"Home\",\"item\":\"https:\\\/\\\/cyclesdevos.be\\\/\"},{\"@type\":\"ListItem\",\"position\":2,\"name\":\"Catalogue\",\"item\":\"https:\\\/\\\/cyclesdevos.be\\\/nl\\\/catalogue\\\/\"},{\"@type\":\"ListItem\",\"position\":3,\"name\":\"Cube Hyde Pro Metalgreen N Black\"}]},{\"@type\":\"WebSite\",\"@id\":\"https:\\\/\\\/cyclesdevos.be\\\/#website\",\"url\":\"https:\\\/\\\/cyclesdevos.be\\\/\",\"name\":\"Cycles Devos\",\"description\":\"Soci\u00e9t\u00e9 Familiale depuis 1910\",\"potentialAction\":[{\"@type\":\"SearchAction\",\"target\":{\"@type\":\"EntryPoint\",\"urlTemplate\":\"https:\\\/\\\/cyclesdevos.be\\\/?s={search_term_string}\"},\"query-input\":{\"@type\":\"PropertyValueSpecification\",\"valueRequired\":true,\"valueName\":\"search_term_string\"}}],\"inLanguage\":\"en-GB\"}]}<\/script>\n<!-- \/ Yoast SEO plugin. -->","yoast_head_json":{"title":"Cube Hyde Pro Metalgreen N Black - Cycles Devos","robots":{"index":"index","follow":"follow","max-snippet":"max-snippet:-1","max-image-preview":"max-image-preview:large","max-video-preview":"max-video-preview:-1"},"canonical":"https:\/\/cyclesdevos.be\/en\/product\/cube-hyde-pro-metalgreen-n-black-2\/","og_locale":"en_GB","og_type":"article","og_title":"Cube Hyde Pro Metalgreen N Black - Cycles Devos","og_description":"Nous nous sommes inspir\u00e9s de l\u2019industrie automobile pour battre la circulation \u00e0 son propre jeu: la transmission par moyeu du Hyde Pro est \u00e9quip\u00e9e d\u2019une courroie n\u00e9cessitant peu d\u2019entretien et tr\u00e8s proche de la courroie du ventilateur de votre voiture. Le r\u00e9sultat ? Du cyclisme urbain en douceur et sans soucis, sans cha\u00eene huileuse. Red\u00e9couvrez le plaisir de p\u00e9daler en ville...","og_url":"https:\/\/cyclesdevos.be\/en\/product\/cube-hyde-pro-metalgreen-n-black-2\/","og_site_name":"Cycles Devos","article_modified_time":"2026-05-07T21:03:20+00:00","og_image":[{"width":2560,"height":1448,"url":"https:\/\/cyclesdevos.be\/wp-content\/uploads\/2023\/02\/S_20_78813_647200_S_20-scaled.jpg","type":"image\/jpeg"}],"twitter_card":"summary_large_image","twitter_misc":{"Estimated reading time":"1 minute"},"schema":{"@context":"https:\/\/schema.org","@graph":[{"@type":"WebPage","@id":"https:\/\/cyclesdevos.be\/product\/cube-hyde-pro-metalgreen-n-black-2\/","url":"https:\/\/cyclesdevos.be\/product\/cube-hyde-pro-metalgreen-n-black-2\/","name":"Cube Hyde Pro Metalgreen N Black - Cycles Devos","isPartOf":{"@id":"https:\/\/cyclesdevos.be\/#website"},"primaryImageOfPage":{"@id":"https:\/\/cyclesdevos.be\/product\/cube-hyde-pro-metalgreen-n-black-2\/#primaryimage"},"image":{"@id":"https:\/\/cyclesdevos.be\/product\/cube-hyde-pro-metalgreen-n-black-2\/#primaryimage"},"thumbnailUrl":"https:\/\/cyclesdevos.be\/wp-content\/uploads\/2023\/02\/S_20_78813_647200_S_20-scaled.jpg","datePublished":"2023-02-08T17:59:03+00:00","dateModified":"2026-05-07T21:03:20+00:00","breadcrumb":{"@id":"https:\/\/cyclesdevos.be\/product\/cube-hyde-pro-metalgreen-n-black-2\/#breadcrumb"},"inLanguage":"en-GB","potentialAction":[{"@type":"ReadAction","target":["https:\/\/cyclesdevos.be\/product\/cube-hyde-pro-metalgreen-n-black-2\/"]}]},{"@type":"ImageObject","inLanguage":"en-GB","@id":"https:\/\/cyclesdevos.be\/product\/cube-hyde-pro-metalgreen-n-black-2\/#primaryimage","url":"https:\/\/cyclesdevos.be\/wp-content\/uploads\/2023\/02\/S_20_78813_647200_S_20-scaled.jpg","contentUrl":"https:\/\/cyclesdevos.be\/wp-content\/uploads\/2023\/02\/S_20_78813_647200_S_20-scaled.jpg","width":2560,"height":1448},{"@type":"BreadcrumbList","@id":"https:\/\/cyclesdevos.be\/product\/cube-hyde-pro-metalgreen-n-black-2\/#breadcrumb","itemListElement":[{"@type":"ListItem","position":1,"name":"Home","item":"https:\/\/cyclesdevos.be\/"},{"@type":"ListItem","position":2,"name":"Catalogue","item":"https:\/\/cyclesdevos.be\/nl\/catalogue\/"},{"@type":"ListItem","position":3,"name":"Cube Hyde Pro Metalgreen N Black"}]},{"@type":"WebSite","@id":"https:\/\/cyclesdevos.be\/#website","url":"https:\/\/cyclesdevos.be\/","name":"Cycles Devos","description":"Family-owned company since 1910","potentialAction":[{"@type":"SearchAction","target":{"@type":"EntryPoint","urlTemplate":"https:\/\/cyclesdevos.be\/?s={search_term_string}"},"query-input":{"@type":"PropertyValueSpecification","valueRequired":true,"valueName":"search_term_string"}}],"inLanguage":"en-GB"}]}},"df_price":1149,"df_sale_price":"","df_regular_price":1149,"df_image_link":"https:\/\/cyclesdevos.be\/wp-content\/uploads\/2023\/02\/S_20_78813_647200_S_20-400x226.jpg","_links":{"self":[{"href":"https:\/\/cyclesdevos.be\/en\/wp-json\/wp\/v2\/product\/19668","targetHints":{"allow":["GET"]}}],"collection":[{"href":"https:\/\/cyclesdevos.be\/en\/wp-json\/wp\/v2\/product"}],"about":[{"href":"https:\/\/cyclesdevos.be\/en\/wp-json\/wp\/v2\/types\/product"}],"wp:featuredmedia":[{"embeddable":true,"href":"https:\/\/cyclesdevos.be\/en\/wp-json\/wp\/v2\/media\/19669"}],"wp:attachment":[{"href":"https:\/\/cyclesdevos.be\/en\/wp-json\/wp\/v2\/media?parent=19668"}],"wp:term":[{"taxonomy":"product_brand","embeddable":true,"href":"https:\/\/cyclesdevos.be\/en\/wp-json\/wp\/v2\/product_brand?post=19668"},{"taxonomy":"product_cat","embeddable":true,"href":"https:\/\/cyclesdevos.be\/en\/wp-json\/wp\/v2\/product_cat?post=19668"},{"taxonomy":"product_tag","embeddable":true,"href":"https:\/\/cyclesdevos.be\/en\/wp-json\/wp\/v2\/product_tag?post=19668"}],"curies":[{"name":"wp","href":"https:\/\/api.w.org\/{rel}","templated":true}]}}