{"id":17840,"date":"2022-11-22T16:13:47","date_gmt":"2022-11-22T15:13:47","guid":{"rendered":"https:\/\/cyclesdevos.be\/product\/cube-nuride-hybrid-pro-625-allroad-black-n-metal\/"},"modified":"2026-03-18T22:02:00","modified_gmt":"2026-03-18T21:02:00","slug":"cube-nuride-hybrid-pro-625-allroad-black-n-metal","status":"publish","type":"product","link":"https:\/\/cyclesdevos.be\/en\/product\/cube-nuride-hybrid-pro-625-allroad-black-n-metal\/","title":{"rendered":"Cube Nuride Hybrid Pro 625 Allroad Black N Metal"},"content":{"rendered":"<p>Designed to be practical, comfortable and stylish, the Nuride Hybrid Pro's Modular Battery System fully integrates the Bosch Powertube battery, regardless of the frame option you choose: open, trapeze or traditional men's. It is also fully compatible with the new Bosch Smart System. Mudguards, a lighting system and a kickstand as standard complete the accessory package. This means you're ready for almost any kind of ride. And finally, the Efficient Comfort Geometry lives up to your expectations, offering you the best possible comfort, whether you're running a quick errand in town or exploring the countryside at the weekend.<\/p>","protected":false},"excerpt":{"rendered":"<p>Is there any limit to the versatility of a Bosch VTTAE worthy of the name? Apparently not, if you consider the Nuride Hybrid Pro Allroad. Combining the responsiveness of a mountain bike, the ease of use of an urban bike and the adaptability of a touring bike, it will accompany you efficiently, whether you're doing a bit of shopping in town or on a jaunt through the countryside.<\/p>","protected":false},"featured_media":17841,"template":"","meta":[],"product_brand":[],"product_cat":[1422,68,70],"product_tag":[117],"class_list":{"0":"post-17840","1":"product","2":"type-product","3":"status-publish","4":"has-post-thumbnail","6":"product_cat-cube-2023","7":"product_cat-velos-electriques","8":"product_cat-e-mountainbike","9":"product_tag-cube","11":"first","12":"outofstock","13":"purchasable","14":"product-type-variable"},"yoast_head":"<!-- This site is optimized with the Yoast SEO plugin v26.9 - https:\/\/yoast.com\/product\/yoast-seo-wordpress\/ -->\n<title>Cube Nuride Hybrid Pro 625 Allroad Black N Metal - Cycles Devos<\/title>\n<meta name=\"robots\" content=\"index, follow, max-snippet:-1, max-image-preview:large, max-video-preview:-1\" \/>\n<link rel=\"canonical\" href=\"https:\/\/cyclesdevos.be\/en\/product\/cube-nuride-hybrid-pro-625-allroad-black-n-metal\/\" \/>\n<meta property=\"og:locale\" content=\"en_GB\" \/>\n<meta property=\"og:type\" content=\"article\" \/>\n<meta property=\"og:title\" content=\"Cube Nuride Hybrid Pro 625 Allroad Black N Metal - Cycles Devos\" \/>\n<meta property=\"og:description\" content=\"La polyvalence d\u2019un VTTAE Bosch digne de ce nom connait-elle une limite? Apparemment pas, si l\u2019on consid\u00e8re le Nuride Hybrid Pro Allroad. Alliant la r\u00e9activit\u00e9 d\u2019un VTT, la facilit\u00e9 d\u2019usage d\u2019un v\u00e9lo urbain et l\u2019adaptabilit\u00e9 d\u2019un v\u00e9lo de randonn\u00e9e, il vous accompagnera efficacement, que ce soit pour faire quelques emplettes en ville ou lors d&#039;une vir\u00e9e en campagne.\" \/>\n<meta property=\"og:url\" content=\"https:\/\/cyclesdevos.be\/en\/product\/cube-nuride-hybrid-pro-625-allroad-black-n-metal\/\" \/>\n<meta property=\"og:site_name\" content=\"Cycles Devos\" \/>\n<meta property=\"article:modified_time\" content=\"2026-03-18T21:02:00+00:00\" \/>\n<meta property=\"og:image\" content=\"https:\/\/cyclesdevos.be\/wp-content\/uploads\/2022\/11\/S_0_78757_632762_S_00-scaled.jpg\" \/>\n\t<meta property=\"og:image:width\" content=\"2560\" \/>\n\t<meta property=\"og:image:height\" content=\"1509\" \/>\n\t<meta property=\"og:image:type\" content=\"image\/jpeg\" \/>\n<meta name=\"twitter:card\" content=\"summary_large_image\" \/>\n<meta name=\"twitter:label1\" content=\"Estimated reading time\" \/>\n\t<meta name=\"twitter:data1\" content=\"1 minute\" \/>\n<script type=\"application\/ld+json\" class=\"yoast-schema-graph\">{\"@context\":\"https:\/\/schema.org\",\"@graph\":[{\"@type\":\"WebPage\",\"@id\":\"https:\/\/cyclesdevos.be\/product\/cube-nuride-hybrid-pro-625-allroad-black-n-metal\/\",\"url\":\"https:\/\/cyclesdevos.be\/product\/cube-nuride-hybrid-pro-625-allroad-black-n-metal\/\",\"name\":\"Cube Nuride Hybrid Pro 625 Allroad Black N Metal - Cycles Devos\",\"isPartOf\":{\"@id\":\"https:\/\/cyclesdevos.be\/#website\"},\"primaryImageOfPage\":{\"@id\":\"https:\/\/cyclesdevos.be\/product\/cube-nuride-hybrid-pro-625-allroad-black-n-metal\/#primaryimage\"},\"image\":{\"@id\":\"https:\/\/cyclesdevos.be\/product\/cube-nuride-hybrid-pro-625-allroad-black-n-metal\/#primaryimage\"},\"thumbnailUrl\":\"https:\/\/cyclesdevos.be\/wp-content\/uploads\/2022\/11\/S_0_78757_632762_S_00-scaled.jpg\",\"datePublished\":\"2022-11-22T15:13:47+00:00\",\"dateModified\":\"2026-03-18T21:02:00+00:00\",\"breadcrumb\":{\"@id\":\"https:\/\/cyclesdevos.be\/product\/cube-nuride-hybrid-pro-625-allroad-black-n-metal\/#breadcrumb\"},\"inLanguage\":\"en-GB\",\"potentialAction\":[{\"@type\":\"ReadAction\",\"target\":[\"https:\/\/cyclesdevos.be\/product\/cube-nuride-hybrid-pro-625-allroad-black-n-metal\/\"]}]},{\"@type\":\"ImageObject\",\"inLanguage\":\"en-GB\",\"@id\":\"https:\/\/cyclesdevos.be\/product\/cube-nuride-hybrid-pro-625-allroad-black-n-metal\/#primaryimage\",\"url\":\"https:\/\/cyclesdevos.be\/wp-content\/uploads\/2022\/11\/S_0_78757_632762_S_00-scaled.jpg\",\"contentUrl\":\"https:\/\/cyclesdevos.be\/wp-content\/uploads\/2022\/11\/S_0_78757_632762_S_00-scaled.jpg\",\"width\":2560,\"height\":1509},{\"@type\":\"BreadcrumbList\",\"@id\":\"https:\/\/cyclesdevos.be\/product\/cube-nuride-hybrid-pro-625-allroad-black-n-metal\/#breadcrumb\",\"itemListElement\":[{\"@type\":\"ListItem\",\"position\":1,\"name\":\"Home\",\"item\":\"https:\/\/cyclesdevos.be\/\"},{\"@type\":\"ListItem\",\"position\":2,\"name\":\"Catalogue\",\"item\":\"https:\/\/cyclesdevos.be\/nl\/catalogue\/\"},{\"@type\":\"ListItem\",\"position\":3,\"name\":\"Cube Nuride Hybrid Pro 625 Allroad Black N Metal\"}]},{\"@type\":\"WebSite\",\"@id\":\"https:\/\/cyclesdevos.be\/#website\",\"url\":\"https:\/\/cyclesdevos.be\/\",\"name\":\"Cycles Devos\",\"description\":\"Soci\u00e9t\u00e9 Familiale depuis 1910\",\"potentialAction\":[{\"@type\":\"SearchAction\",\"target\":{\"@type\":\"EntryPoint\",\"urlTemplate\":\"https:\/\/cyclesdevos.be\/?s={search_term_string}\"},\"query-input\":{\"@type\":\"PropertyValueSpecification\",\"valueRequired\":true,\"valueName\":\"search_term_string\"}}],\"inLanguage\":\"en-GB\"}]}<\/script>\n<!-- \/ Yoast SEO plugin. -->","yoast_head_json":{"title":"Cube Nuride Hybrid Pro 625 Allroad Black N Metal - Cycles Devos","robots":{"index":"index","follow":"follow","max-snippet":"max-snippet:-1","max-image-preview":"max-image-preview:large","max-video-preview":"max-video-preview:-1"},"canonical":"https:\/\/cyclesdevos.be\/en\/product\/cube-nuride-hybrid-pro-625-allroad-black-n-metal\/","og_locale":"en_GB","og_type":"article","og_title":"Cube Nuride Hybrid Pro 625 Allroad Black N Metal - Cycles Devos","og_description":"La polyvalence d\u2019un VTTAE Bosch digne de ce nom connait-elle une limite? Apparemment pas, si l\u2019on consid\u00e8re le Nuride Hybrid Pro Allroad. Alliant la r\u00e9activit\u00e9 d\u2019un VTT, la facilit\u00e9 d\u2019usage d\u2019un v\u00e9lo urbain et l\u2019adaptabilit\u00e9 d\u2019un v\u00e9lo de randonn\u00e9e, il vous accompagnera efficacement, que ce soit pour faire quelques emplettes en ville ou lors d'une vir\u00e9e en campagne.","og_url":"https:\/\/cyclesdevos.be\/en\/product\/cube-nuride-hybrid-pro-625-allroad-black-n-metal\/","og_site_name":"Cycles Devos","article_modified_time":"2026-03-18T21:02:00+00:00","og_image":[{"width":2560,"height":1509,"url":"https:\/\/cyclesdevos.be\/wp-content\/uploads\/2022\/11\/S_0_78757_632762_S_00-scaled.jpg","type":"image\/jpeg"}],"twitter_card":"summary_large_image","twitter_misc":{"Estimated reading time":"1 minute"},"schema":{"@context":"https:\/\/schema.org","@graph":[{"@type":"WebPage","@id":"https:\/\/cyclesdevos.be\/product\/cube-nuride-hybrid-pro-625-allroad-black-n-metal\/","url":"https:\/\/cyclesdevos.be\/product\/cube-nuride-hybrid-pro-625-allroad-black-n-metal\/","name":"Cube Nuride Hybrid Pro 625 Allroad Black N Metal - Cycles Devos","isPartOf":{"@id":"https:\/\/cyclesdevos.be\/#website"},"primaryImageOfPage":{"@id":"https:\/\/cyclesdevos.be\/product\/cube-nuride-hybrid-pro-625-allroad-black-n-metal\/#primaryimage"},"image":{"@id":"https:\/\/cyclesdevos.be\/product\/cube-nuride-hybrid-pro-625-allroad-black-n-metal\/#primaryimage"},"thumbnailUrl":"https:\/\/cyclesdevos.be\/wp-content\/uploads\/2022\/11\/S_0_78757_632762_S_00-scaled.jpg","datePublished":"2022-11-22T15:13:47+00:00","dateModified":"2026-03-18T21:02:00+00:00","breadcrumb":{"@id":"https:\/\/cyclesdevos.be\/product\/cube-nuride-hybrid-pro-625-allroad-black-n-metal\/#breadcrumb"},"inLanguage":"en-GB","potentialAction":[{"@type":"ReadAction","target":["https:\/\/cyclesdevos.be\/product\/cube-nuride-hybrid-pro-625-allroad-black-n-metal\/"]}]},{"@type":"ImageObject","inLanguage":"en-GB","@id":"https:\/\/cyclesdevos.be\/product\/cube-nuride-hybrid-pro-625-allroad-black-n-metal\/#primaryimage","url":"https:\/\/cyclesdevos.be\/wp-content\/uploads\/2022\/11\/S_0_78757_632762_S_00-scaled.jpg","contentUrl":"https:\/\/cyclesdevos.be\/wp-content\/uploads\/2022\/11\/S_0_78757_632762_S_00-scaled.jpg","width":2560,"height":1509},{"@type":"BreadcrumbList","@id":"https:\/\/cyclesdevos.be\/product\/cube-nuride-hybrid-pro-625-allroad-black-n-metal\/#breadcrumb","itemListElement":[{"@type":"ListItem","position":1,"name":"Home","item":"https:\/\/cyclesdevos.be\/"},{"@type":"ListItem","position":2,"name":"Catalogue","item":"https:\/\/cyclesdevos.be\/nl\/catalogue\/"},{"@type":"ListItem","position":3,"name":"Cube Nuride Hybrid Pro 625 Allroad Black N Metal"}]},{"@type":"WebSite","@id":"https:\/\/cyclesdevos.be\/#website","url":"https:\/\/cyclesdevos.be\/","name":"Cycles Devos","description":"Family-owned company since 1910","potentialAction":[{"@type":"SearchAction","target":{"@type":"EntryPoint","urlTemplate":"https:\/\/cyclesdevos.be\/?s={search_term_string}"},"query-input":{"@type":"PropertyValueSpecification","valueRequired":true,"valueName":"search_term_string"}}],"inLanguage":"en-GB"}]}},"df_price":3249,"df_sale_price":"","df_regular_price":3249,"df_image_link":"https:\/\/cyclesdevos.be\/wp-content\/uploads\/2022\/11\/S_0_78757_632762_S_00-400x236.jpg","_links":{"self":[{"href":"https:\/\/cyclesdevos.be\/en\/wp-json\/wp\/v2\/product\/17840","targetHints":{"allow":["GET"]}}],"collection":[{"href":"https:\/\/cyclesdevos.be\/en\/wp-json\/wp\/v2\/product"}],"about":[{"href":"https:\/\/cyclesdevos.be\/en\/wp-json\/wp\/v2\/types\/product"}],"wp:featuredmedia":[{"embeddable":true,"href":"https:\/\/cyclesdevos.be\/en\/wp-json\/wp\/v2\/media\/17841"}],"wp:attachment":[{"href":"https:\/\/cyclesdevos.be\/en\/wp-json\/wp\/v2\/media?parent=17840"}],"wp:term":[{"taxonomy":"product_brand","embeddable":true,"href":"https:\/\/cyclesdevos.be\/en\/wp-json\/wp\/v2\/product_brand?post=17840"},{"taxonomy":"product_cat","embeddable":true,"href":"https:\/\/cyclesdevos.be\/en\/wp-json\/wp\/v2\/product_cat?post=17840"},{"taxonomy":"product_tag","embeddable":true,"href":"https:\/\/cyclesdevos.be\/en\/wp-json\/wp\/v2\/product_tag?post=17840"}],"curies":[{"name":"wp","href":"https:\/\/api.w.org\/{rel}","templated":true}]}}