{"id":17496,"date":"2022-11-22T12:57:06","date_gmt":"2022-11-22T11:57:06","guid":{"rendered":"https:\/\/cyclesdevos.be\/product\/cube-aim-pro-grey-n-flashyellow\/"},"modified":"2026-02-05T22:03:04","modified_gmt":"2026-02-05T21:03:04","slug":"cube-aim-pro-grey-n-flashyellow","status":"publish","type":"product","link":"https:\/\/cyclesdevos.be\/en\/product\/cube-aim-pro-grey-n-flashyellow\/","title":{"rendered":"Cube Aim Pro Grey N Flashyellow"},"content":{"rendered":"<p>Beauty is not limited to the exterior, the elegance of the all-new Aim is based on incredibly smooth welds at the head tube and seat tube junctions. It has a threaded bottom bracket and internal cable routing for reduced and simplified maintenance. It even has a Flat Mount disc mount that integrates perfectly with the kickstand mount, and the integrated mounting points of your ACID mudguards and luggage rack. Its new geometry includes a lower top tube for greater responsiveness, and it has enough travel to fit wide, grippy and comfortable 2.25mm tyres. Our SizeSplit system has extended the range too, so whatever your size, you're bound to find an Aim that fits you perfectly.<\/p>","protected":false},"excerpt":{"rendered":"<p>Where do you want to go today? With the comfort of the suspension fork, the grippy tyres and the powerful disc brakes of the Aim Pro, the choice is yours. Venture onto the road less travelled, and see where it takes you...<\/p>","protected":false},"featured_media":17497,"template":"","meta":[],"product_brand":[],"product_cat":[1422,32,44],"product_tag":[117],"class_list":{"0":"post-17496","1":"product","2":"type-product","3":"status-publish","4":"has-post-thumbnail","6":"product_cat-cube-2023","7":"product_cat-velos","8":"product_cat-vtt","9":"product_tag-cube","11":"first","12":"instock","13":"purchasable","14":"product-type-variable"},"yoast_head":"<!-- This site is optimized with the Yoast SEO plugin v26.9 - https:\/\/yoast.com\/product\/yoast-seo-wordpress\/ -->\n<title>Cube Aim Pro Grey N Flashyellow - Cycles Devos<\/title>\n<meta name=\"robots\" content=\"index, follow, max-snippet:-1, max-image-preview:large, max-video-preview:-1\" \/>\n<link rel=\"canonical\" href=\"https:\/\/cyclesdevos.be\/en\/product\/cube-aim-pro-grey-n-flashyellow\/\" \/>\n<meta property=\"og:locale\" content=\"en_GB\" \/>\n<meta property=\"og:type\" content=\"article\" \/>\n<meta property=\"og:title\" content=\"Cube Aim Pro Grey N Flashyellow - Cycles Devos\" \/>\n<meta property=\"og:description\" content=\"O\u00f9 souhaitez-vous aller aujourd\u2019hui? Avec le confort de la fourche suspendue, les pneus adh\u00e9rents et les puissants freins \u00e0 disque de l\u2019Aim Pro, le choix vous appartient. Aventurez-vous sur les chemins les moins emprunt\u00e9s, et voyez o\u00f9 ceux-ci vous m\u00e8nent...\" \/>\n<meta property=\"og:url\" content=\"https:\/\/cyclesdevos.be\/en\/product\/cube-aim-pro-grey-n-flashyellow\/\" \/>\n<meta property=\"og:site_name\" content=\"Cycles Devos\" \/>\n<meta property=\"article:modified_time\" content=\"2026-02-05T21:03:04+00:00\" \/>\n<meta property=\"og:image\" content=\"https:\/\/cyclesdevos.be\/wp-content\/uploads\/2022\/11\/S_0_78619_601300_S_00-scaled.jpg\" \/>\n\t<meta property=\"og:image:width\" content=\"2560\" \/>\n\t<meta property=\"og:image:height\" content=\"1478\" \/>\n\t<meta property=\"og:image:type\" content=\"image\/jpeg\" \/>\n<meta name=\"twitter:card\" content=\"summary_large_image\" \/>\n<meta name=\"twitter:label1\" content=\"Estimated reading time\" \/>\n\t<meta name=\"twitter:data1\" content=\"1 minute\" \/>\n<script type=\"application\/ld+json\" class=\"yoast-schema-graph\">{\"@context\":\"https:\/\/schema.org\",\"@graph\":[{\"@type\":\"WebPage\",\"@id\":\"https:\/\/cyclesdevos.be\/product\/cube-aim-pro-grey-n-flashyellow\/\",\"url\":\"https:\/\/cyclesdevos.be\/product\/cube-aim-pro-grey-n-flashyellow\/\",\"name\":\"Cube Aim Pro Grey N Flashyellow - Cycles Devos\",\"isPartOf\":{\"@id\":\"https:\/\/cyclesdevos.be\/#website\"},\"primaryImageOfPage\":{\"@id\":\"https:\/\/cyclesdevos.be\/product\/cube-aim-pro-grey-n-flashyellow\/#primaryimage\"},\"image\":{\"@id\":\"https:\/\/cyclesdevos.be\/product\/cube-aim-pro-grey-n-flashyellow\/#primaryimage\"},\"thumbnailUrl\":\"https:\/\/cyclesdevos.be\/wp-content\/uploads\/2022\/11\/S_0_78619_601300_S_00-scaled.jpg\",\"datePublished\":\"2022-11-22T11:57:06+00:00\",\"dateModified\":\"2026-02-05T21:03:04+00:00\",\"breadcrumb\":{\"@id\":\"https:\/\/cyclesdevos.be\/product\/cube-aim-pro-grey-n-flashyellow\/#breadcrumb\"},\"inLanguage\":\"en-GB\",\"potentialAction\":[{\"@type\":\"ReadAction\",\"target\":[\"https:\/\/cyclesdevos.be\/product\/cube-aim-pro-grey-n-flashyellow\/\"]}]},{\"@type\":\"ImageObject\",\"inLanguage\":\"en-GB\",\"@id\":\"https:\/\/cyclesdevos.be\/product\/cube-aim-pro-grey-n-flashyellow\/#primaryimage\",\"url\":\"https:\/\/cyclesdevos.be\/wp-content\/uploads\/2022\/11\/S_0_78619_601300_S_00-scaled.jpg\",\"contentUrl\":\"https:\/\/cyclesdevos.be\/wp-content\/uploads\/2022\/11\/S_0_78619_601300_S_00-scaled.jpg\",\"width\":2560,\"height\":1478},{\"@type\":\"BreadcrumbList\",\"@id\":\"https:\/\/cyclesdevos.be\/product\/cube-aim-pro-grey-n-flashyellow\/#breadcrumb\",\"itemListElement\":[{\"@type\":\"ListItem\",\"position\":1,\"name\":\"Home\",\"item\":\"https:\/\/cyclesdevos.be\/\"},{\"@type\":\"ListItem\",\"position\":2,\"name\":\"Catalogue\",\"item\":\"https:\/\/cyclesdevos.be\/nl\/catalogue\/\"},{\"@type\":\"ListItem\",\"position\":3,\"name\":\"Cube Aim Pro Grey N Flashyellow\"}]},{\"@type\":\"WebSite\",\"@id\":\"https:\/\/cyclesdevos.be\/#website\",\"url\":\"https:\/\/cyclesdevos.be\/\",\"name\":\"Cycles Devos\",\"description\":\"Soci\u00e9t\u00e9 Familiale depuis 1910\",\"potentialAction\":[{\"@type\":\"SearchAction\",\"target\":{\"@type\":\"EntryPoint\",\"urlTemplate\":\"https:\/\/cyclesdevos.be\/?s={search_term_string}\"},\"query-input\":{\"@type\":\"PropertyValueSpecification\",\"valueRequired\":true,\"valueName\":\"search_term_string\"}}],\"inLanguage\":\"en-GB\"}]}<\/script>\n<!-- \/ Yoast SEO plugin. -->","yoast_head_json":{"title":"Cube Aim Pro Grey N Flashyellow - Cycles Devos","robots":{"index":"index","follow":"follow","max-snippet":"max-snippet:-1","max-image-preview":"max-image-preview:large","max-video-preview":"max-video-preview:-1"},"canonical":"https:\/\/cyclesdevos.be\/en\/product\/cube-aim-pro-grey-n-flashyellow\/","og_locale":"en_GB","og_type":"article","og_title":"Cube Aim Pro Grey N Flashyellow - Cycles Devos","og_description":"O\u00f9 souhaitez-vous aller aujourd\u2019hui? Avec le confort de la fourche suspendue, les pneus adh\u00e9rents et les puissants freins \u00e0 disque de l\u2019Aim Pro, le choix vous appartient. Aventurez-vous sur les chemins les moins emprunt\u00e9s, et voyez o\u00f9 ceux-ci vous m\u00e8nent...","og_url":"https:\/\/cyclesdevos.be\/en\/product\/cube-aim-pro-grey-n-flashyellow\/","og_site_name":"Cycles Devos","article_modified_time":"2026-02-05T21:03:04+00:00","og_image":[{"width":2560,"height":1478,"url":"https:\/\/cyclesdevos.be\/wp-content\/uploads\/2022\/11\/S_0_78619_601300_S_00-scaled.jpg","type":"image\/jpeg"}],"twitter_card":"summary_large_image","twitter_misc":{"Estimated reading time":"1 minute"},"schema":{"@context":"https:\/\/schema.org","@graph":[{"@type":"WebPage","@id":"https:\/\/cyclesdevos.be\/product\/cube-aim-pro-grey-n-flashyellow\/","url":"https:\/\/cyclesdevos.be\/product\/cube-aim-pro-grey-n-flashyellow\/","name":"Cube Aim Pro Grey N Flashyellow - Cycles Devos","isPartOf":{"@id":"https:\/\/cyclesdevos.be\/#website"},"primaryImageOfPage":{"@id":"https:\/\/cyclesdevos.be\/product\/cube-aim-pro-grey-n-flashyellow\/#primaryimage"},"image":{"@id":"https:\/\/cyclesdevos.be\/product\/cube-aim-pro-grey-n-flashyellow\/#primaryimage"},"thumbnailUrl":"https:\/\/cyclesdevos.be\/wp-content\/uploads\/2022\/11\/S_0_78619_601300_S_00-scaled.jpg","datePublished":"2022-11-22T11:57:06+00:00","dateModified":"2026-02-05T21:03:04+00:00","breadcrumb":{"@id":"https:\/\/cyclesdevos.be\/product\/cube-aim-pro-grey-n-flashyellow\/#breadcrumb"},"inLanguage":"en-GB","potentialAction":[{"@type":"ReadAction","target":["https:\/\/cyclesdevos.be\/product\/cube-aim-pro-grey-n-flashyellow\/"]}]},{"@type":"ImageObject","inLanguage":"en-GB","@id":"https:\/\/cyclesdevos.be\/product\/cube-aim-pro-grey-n-flashyellow\/#primaryimage","url":"https:\/\/cyclesdevos.be\/wp-content\/uploads\/2022\/11\/S_0_78619_601300_S_00-scaled.jpg","contentUrl":"https:\/\/cyclesdevos.be\/wp-content\/uploads\/2022\/11\/S_0_78619_601300_S_00-scaled.jpg","width":2560,"height":1478},{"@type":"BreadcrumbList","@id":"https:\/\/cyclesdevos.be\/product\/cube-aim-pro-grey-n-flashyellow\/#breadcrumb","itemListElement":[{"@type":"ListItem","position":1,"name":"Home","item":"https:\/\/cyclesdevos.be\/"},{"@type":"ListItem","position":2,"name":"Catalogue","item":"https:\/\/cyclesdevos.be\/nl\/catalogue\/"},{"@type":"ListItem","position":3,"name":"Cube Aim Pro Grey N Flashyellow"}]},{"@type":"WebSite","@id":"https:\/\/cyclesdevos.be\/#website","url":"https:\/\/cyclesdevos.be\/","name":"Cycles Devos","description":"Family-owned company since 1910","potentialAction":[{"@type":"SearchAction","target":{"@type":"EntryPoint","urlTemplate":"https:\/\/cyclesdevos.be\/?s={search_term_string}"},"query-input":{"@type":"PropertyValueSpecification","valueRequired":true,"valueName":"search_term_string"}}],"inLanguage":"en-GB"}]}},"df_price":659,"df_sale_price":"","df_regular_price":659,"df_image_link":"https:\/\/cyclesdevos.be\/wp-content\/uploads\/2022\/11\/S_0_78619_601300_S_00-scaled-400x231.jpg","_links":{"self":[{"href":"https:\/\/cyclesdevos.be\/en\/wp-json\/wp\/v2\/product\/17496","targetHints":{"allow":["GET"]}}],"collection":[{"href":"https:\/\/cyclesdevos.be\/en\/wp-json\/wp\/v2\/product"}],"about":[{"href":"https:\/\/cyclesdevos.be\/en\/wp-json\/wp\/v2\/types\/product"}],"wp:featuredmedia":[{"embeddable":true,"href":"https:\/\/cyclesdevos.be\/en\/wp-json\/wp\/v2\/media\/17497"}],"wp:attachment":[{"href":"https:\/\/cyclesdevos.be\/en\/wp-json\/wp\/v2\/media?parent=17496"}],"wp:term":[{"taxonomy":"product_brand","embeddable":true,"href":"https:\/\/cyclesdevos.be\/en\/wp-json\/wp\/v2\/product_brand?post=17496"},{"taxonomy":"product_cat","embeddable":true,"href":"https:\/\/cyclesdevos.be\/en\/wp-json\/wp\/v2\/product_cat?post=17496"},{"taxonomy":"product_tag","embeddable":true,"href":"https:\/\/cyclesdevos.be\/en\/wp-json\/wp\/v2\/product_tag?post=17496"}],"curies":[{"name":"wp","href":"https:\/\/api.w.org\/{rel}","templated":true}]}}