{"id":26888,"date":"2025-09-04T18:55:27","date_gmt":"2025-09-04T16:55:27","guid":{"rendered":"https:\/\/cyclesdevos.be\/product\/reaction-hybrid-performance-600-fe-4\/"},"modified":"2026-02-13T12:05:03","modified_gmt":"2026-02-13T11:05:03","slug":"reaction-hybrid-performance-600-fe-4","status":"publish","type":"product","link":"https:\/\/cyclesdevos.be\/de\/product\/reaction-hybrid-performance-600-fe-4\/","title":{"rendered":"REACTION HYBRID PERFORMANCE 600 FE"},"content":{"rendered":"<p>REACTION HYBRID PERFORMANCE 600 FE &#8211; Electricblue\u00b4N\u00b4Dazzle<\/p>\n<p>Le Reaction Hybrid Performance FE est con\u00e7u pour une polyvalence totale, que vous vous attaquiez aux trajets quotidiens ou aux sentiers forestiers tranquilles. Son moteur Bosch Performance aussi fluide que puissant, avec un couple de 75 Nm est \u00e9quip\u00e9 du Smart System, et il dispose d\u2019une batterie de 600 Wh pour des kilom\u00e8tres d\u2019assistance au p\u00e9dalage. Nous l\u2019avons \u00e9quip\u00e9 de garde-boue, d\u2019un porte-bagages, d\u2019un syst\u00e8me d\u2019\u00e9clairage et d\u2019une b\u00e9quille Flat Mount. Vous \u00eates ainsi par\u00e9 pour n\u2019importe quel type de trajet. Il y a m\u00eame des points de fixation pour un cadenas ou un multi-tool sous le tube sup\u00e9rieur, tandis que le routage interne des c\u00e2bles r\u00e9duit l&rsquo;encombrement et met en valeur les lignes \u00e9l\u00e9gantes du cadre. Enfin, avec le syst\u00e8me Size Split, il est facile de trouver un mod\u00e8le parfaitement adapt\u00e9 pour vous.<\/p>\n<p>Jungle urbaine ou endroits recul\u00e9s en campagne, la Reaction Hybrid Performance Allroad FE est par\u00e9 \u00e0 tout sc\u00e9nario. De sa batterie de 600 Wh \u00e0 son moteur Bosch Performance, sa fourche suspendue avec un d\u00e9battement de 120 mm (100 mm pour les cadres plus petits) et son impressionnant package d\u2019\u00e9quipements, il dispose de tout ce dont vous avez besoin pour vos trajets du quotidien et vos aventures du weekend.<\/p>\n<p>Si les facteurs \u00e0 v\u00e9lo des ann\u00e9es 1980 ont adopt\u00e9 le VTT pour se lancer \u00e0 l\u2019assaut de la jungle urbaine, c\u2019est qu&rsquo;ils avaient une bonne raison \u00e0 cela. C\u2019est pour cette raison que nous avons conserv\u00e9 cet esprit de polyvalence dans le nouveau Reaction Hybrid Performance FE. Le puissant moteur Performance de Bosch, avec une batterie de 600 Wh, et les vitesses Shimano Cues \u00e0 9 rapports faciles \u00e0 passer vous permettent de rester en mouvement, et les puissants freins \u00e0 disque hydrauliques Shimano garantissent que vous pouvez toujours vous arr\u00eater en toute s\u00e9curit\u00e9, quel que soit le temps. La fourche suspendue avec un d\u00e9battement de 120 mm (100 mm pour les cadres plus petits) permet de s&rsquo;attaquer aux nids-de-poule de la ville et aux sentiers rocailleux. Les pneus Schwalbe Smart Sam 2,6 pouces sont tr\u00e8s adh\u00e9rents et la selle et les poign\u00e9es sont tr\u00e8s confortables pour un confort optimal tout au long de la journ\u00e9e. Richement \u00e9quip\u00e9 de garde-boue, d\u2019un syst\u00e8me d\u2019\u00e9clairage int\u00e9gr\u00e9, d\u2019un porte-bagages et d&rsquo;une b\u00e9quille, il est par\u00e9 pour l\u2019aventure, o\u00f9 vous le souhaitez, quand vous le souhaitez.<\/p>\n<p>&nbsp;<\/p>\n<p>&nbsp;<\/p>","protected":false},"excerpt":{"rendered":"<p>REACTION HYBRID PERFORMANCE 600 FE &#8211; Electricblue\u00b4N\u00b4Dazzle Le Reaction Hybrid Performance FE est con\u00e7u pour une polyvalence totale, que vous vous attaquiez aux trajets quotidiens ou aux sentiers forestiers tranquilles. Son moteur Bosch Performance aussi fluide que puissant, avec un couple de 75 Nm est \u00e9quip\u00e9 du Smart System, et il dispose d\u2019une batterie de [&#8230;]\n","protected":false},"featured_media":26889,"template":"","meta":[],"product_brand":[],"product_cat":[1641,1669,1185,1186,1690,1689,68,70],"product_tag":[],"class_list":{"0":"post-26888","1":"product","2":"type-product","3":"status-publish","4":"has-post-thumbnail","6":"product_cat-cube-2026","7":"product_cat-e-bikes","8":"product_cat-e-bike-cube","9":"product_cat-e-mountainbike-2","10":"product_cat-hardtail-mountainbike-e-bikes","11":"product_cat-mountainbike-e-bikes","12":"product_cat-velos-electriques","13":"product_cat-e-mountainbike","15":"first","16":"outofstock","17":"taxable","18":"shipping-taxable","19":"purchasable","20":"product-type-variable"},"yoast_head":"<!-- This site is optimized with the Yoast SEO plugin v27.3 - https:\/\/yoast.com\/product\/yoast-seo-wordpress\/ -->\n<title>REACTION HYBRID PERFORMANCE 600 FE - Cycles Devos<\/title>\n<meta name=\"robots\" content=\"index, follow, max-snippet:-1, max-image-preview:large, max-video-preview:-1\" \/>\n<link rel=\"canonical\" href=\"https:\/\/cyclesdevos.be\/de\/product\/reaction-hybrid-performance-600-fe-4\/\" \/>\n<meta property=\"og:locale\" content=\"de_DE\" \/>\n<meta property=\"og:type\" content=\"article\" \/>\n<meta property=\"og:title\" content=\"REACTION HYBRID PERFORMANCE 600 FE - Cycles Devos\" \/>\n<meta property=\"og:description\" content=\"REACTION HYBRID PERFORMANCE 600 FE &#8211; Electricblue\u00b4N\u00b4Dazzle Le Reaction Hybrid Performance FE est con\u00e7u pour une polyvalence totale, que vous vous attaquiez aux trajets quotidiens ou aux sentiers forestiers tranquilles. Son moteur Bosch Performance aussi fluide que puissant, avec un couple de 75 Nm est \u00e9quip\u00e9 du Smart System, et il dispose d\u2019une batterie de [...]\" \/>\n<meta property=\"og:url\" content=\"https:\/\/cyclesdevos.be\/de\/product\/reaction-hybrid-performance-600-fe-4\/\" \/>\n<meta property=\"og:site_name\" content=\"Cycles Devos\" \/>\n<meta property=\"article:modified_time\" content=\"2026-02-13T11:05:03+00:00\" \/>\n<meta property=\"og:image\" content=\"https:\/\/cyclesdevos.be\/wp-content\/uploads\/2025\/09\/synqup_107220_360I_00.jpg\" \/>\n\t<meta property=\"og:image:width\" content=\"1920\" \/>\n\t<meta property=\"og:image:height\" content=\"1128\" \/>\n\t<meta property=\"og:image:type\" content=\"image\/jpeg\" \/>\n<meta name=\"twitter:card\" content=\"summary_large_image\" \/>\n<meta name=\"twitter:label1\" content=\"Gesch\u00e4tzte Lesezeit\" \/>\n\t<meta name=\"twitter:data1\" content=\"3\u00a0Minuten\" \/>\n<script type=\"application\/ld+json\" class=\"yoast-schema-graph\">{\"@context\":\"https:\\\/\\\/schema.org\",\"@graph\":[{\"@type\":\"WebPage\",\"@id\":\"https:\\\/\\\/cyclesdevos.be\\\/product\\\/reaction-hybrid-performance-600-fe-4\\\/\",\"url\":\"https:\\\/\\\/cyclesdevos.be\\\/product\\\/reaction-hybrid-performance-600-fe-4\\\/\",\"name\":\"REACTION HYBRID PERFORMANCE 600 FE - Cycles Devos\",\"isPartOf\":{\"@id\":\"https:\\\/\\\/cyclesdevos.be\\\/#website\"},\"primaryImageOfPage\":{\"@id\":\"https:\\\/\\\/cyclesdevos.be\\\/product\\\/reaction-hybrid-performance-600-fe-4\\\/#primaryimage\"},\"image\":{\"@id\":\"https:\\\/\\\/cyclesdevos.be\\\/product\\\/reaction-hybrid-performance-600-fe-4\\\/#primaryimage\"},\"thumbnailUrl\":\"https:\\\/\\\/cyclesdevos.be\\\/wp-content\\\/uploads\\\/2025\\\/09\\\/synqup_107220_360I_00.jpg\",\"datePublished\":\"2025-09-04T16:55:27+00:00\",\"dateModified\":\"2026-02-13T11:05:03+00:00\",\"breadcrumb\":{\"@id\":\"https:\\\/\\\/cyclesdevos.be\\\/product\\\/reaction-hybrid-performance-600-fe-4\\\/#breadcrumb\"},\"inLanguage\":\"de\",\"potentialAction\":[{\"@type\":\"ReadAction\",\"target\":[\"https:\\\/\\\/cyclesdevos.be\\\/product\\\/reaction-hybrid-performance-600-fe-4\\\/\"]}]},{\"@type\":\"ImageObject\",\"inLanguage\":\"de\",\"@id\":\"https:\\\/\\\/cyclesdevos.be\\\/product\\\/reaction-hybrid-performance-600-fe-4\\\/#primaryimage\",\"url\":\"https:\\\/\\\/cyclesdevos.be\\\/wp-content\\\/uploads\\\/2025\\\/09\\\/synqup_107220_360I_00.jpg\",\"contentUrl\":\"https:\\\/\\\/cyclesdevos.be\\\/wp-content\\\/uploads\\\/2025\\\/09\\\/synqup_107220_360I_00.jpg\",\"width\":1920,\"height\":1128},{\"@type\":\"BreadcrumbList\",\"@id\":\"https:\\\/\\\/cyclesdevos.be\\\/product\\\/reaction-hybrid-performance-600-fe-4\\\/#breadcrumb\",\"itemListElement\":[{\"@type\":\"ListItem\",\"position\":1,\"name\":\"Home\",\"item\":\"https:\\\/\\\/cyclesdevos.be\\\/\"},{\"@type\":\"ListItem\",\"position\":2,\"name\":\"Catalogue\",\"item\":\"https:\\\/\\\/cyclesdevos.be\\\/nl\\\/catalogue\\\/\"},{\"@type\":\"ListItem\",\"position\":3,\"name\":\"REACTION HYBRID PERFORMANCE 600 FE\"}]},{\"@type\":\"WebSite\",\"@id\":\"https:\\\/\\\/cyclesdevos.be\\\/#website\",\"url\":\"https:\\\/\\\/cyclesdevos.be\\\/\",\"name\":\"Cycles Devos\",\"description\":\"Soci\u00e9t\u00e9 Familiale depuis 1910\",\"potentialAction\":[{\"@type\":\"SearchAction\",\"target\":{\"@type\":\"EntryPoint\",\"urlTemplate\":\"https:\\\/\\\/cyclesdevos.be\\\/?s={search_term_string}\"},\"query-input\":{\"@type\":\"PropertyValueSpecification\",\"valueRequired\":true,\"valueName\":\"search_term_string\"}}],\"inLanguage\":\"de\"}]}<\/script>\n<!-- \/ Yoast SEO plugin. -->","yoast_head_json":{"title":"REACTION HYBRID PERFORMANCE 600 FE - Cycles Devos","robots":{"index":"index","follow":"follow","max-snippet":"max-snippet:-1","max-image-preview":"max-image-preview:large","max-video-preview":"max-video-preview:-1"},"canonical":"https:\/\/cyclesdevos.be\/de\/product\/reaction-hybrid-performance-600-fe-4\/","og_locale":"de_DE","og_type":"article","og_title":"REACTION HYBRID PERFORMANCE 600 FE - Cycles Devos","og_description":"REACTION HYBRID PERFORMANCE 600 FE &#8211; Electricblue\u00b4N\u00b4Dazzle Le Reaction Hybrid Performance FE est con\u00e7u pour une polyvalence totale, que vous vous attaquiez aux trajets quotidiens ou aux sentiers forestiers tranquilles. Son moteur Bosch Performance aussi fluide que puissant, avec un couple de 75 Nm est \u00e9quip\u00e9 du Smart System, et il dispose d\u2019une batterie de [...]","og_url":"https:\/\/cyclesdevos.be\/de\/product\/reaction-hybrid-performance-600-fe-4\/","og_site_name":"Cycles Devos","article_modified_time":"2026-02-13T11:05:03+00:00","og_image":[{"width":1920,"height":1128,"url":"https:\/\/cyclesdevos.be\/wp-content\/uploads\/2025\/09\/synqup_107220_360I_00.jpg","type":"image\/jpeg"}],"twitter_card":"summary_large_image","twitter_misc":{"Gesch\u00e4tzte Lesezeit":"3\u00a0Minuten"},"schema":{"@context":"https:\/\/schema.org","@graph":[{"@type":"WebPage","@id":"https:\/\/cyclesdevos.be\/product\/reaction-hybrid-performance-600-fe-4\/","url":"https:\/\/cyclesdevos.be\/product\/reaction-hybrid-performance-600-fe-4\/","name":"REACTION HYBRID PERFORMANCE 600 FE - Cycles Devos","isPartOf":{"@id":"https:\/\/cyclesdevos.be\/#website"},"primaryImageOfPage":{"@id":"https:\/\/cyclesdevos.be\/product\/reaction-hybrid-performance-600-fe-4\/#primaryimage"},"image":{"@id":"https:\/\/cyclesdevos.be\/product\/reaction-hybrid-performance-600-fe-4\/#primaryimage"},"thumbnailUrl":"https:\/\/cyclesdevos.be\/wp-content\/uploads\/2025\/09\/synqup_107220_360I_00.jpg","datePublished":"2025-09-04T16:55:27+00:00","dateModified":"2026-02-13T11:05:03+00:00","breadcrumb":{"@id":"https:\/\/cyclesdevos.be\/product\/reaction-hybrid-performance-600-fe-4\/#breadcrumb"},"inLanguage":"de","potentialAction":[{"@type":"ReadAction","target":["https:\/\/cyclesdevos.be\/product\/reaction-hybrid-performance-600-fe-4\/"]}]},{"@type":"ImageObject","inLanguage":"de","@id":"https:\/\/cyclesdevos.be\/product\/reaction-hybrid-performance-600-fe-4\/#primaryimage","url":"https:\/\/cyclesdevos.be\/wp-content\/uploads\/2025\/09\/synqup_107220_360I_00.jpg","contentUrl":"https:\/\/cyclesdevos.be\/wp-content\/uploads\/2025\/09\/synqup_107220_360I_00.jpg","width":1920,"height":1128},{"@type":"BreadcrumbList","@id":"https:\/\/cyclesdevos.be\/product\/reaction-hybrid-performance-600-fe-4\/#breadcrumb","itemListElement":[{"@type":"ListItem","position":1,"name":"Home","item":"https:\/\/cyclesdevos.be\/"},{"@type":"ListItem","position":2,"name":"Catalogue","item":"https:\/\/cyclesdevos.be\/nl\/catalogue\/"},{"@type":"ListItem","position":3,"name":"REACTION HYBRID PERFORMANCE 600 FE"}]},{"@type":"WebSite","@id":"https:\/\/cyclesdevos.be\/#website","url":"https:\/\/cyclesdevos.be\/","name":"Zyklen Devos","description":"Seit 1910 in Familienbesitz befindliches Unternehmen","potentialAction":[{"@type":"SearchAction","target":{"@type":"EntryPoint","urlTemplate":"https:\/\/cyclesdevos.be\/?s={search_term_string}"},"query-input":{"@type":"PropertyValueSpecification","valueRequired":true,"valueName":"search_term_string"}}],"inLanguage":"de"}]}},"df_price":2799,"df_sale_price":"","df_regular_price":2799,"df_image_link":"https:\/\/cyclesdevos.be\/wp-content\/uploads\/2025\/09\/synqup_107220_360I_00-400x235.jpg","_links":{"self":[{"href":"https:\/\/cyclesdevos.be\/de\/wp-json\/wp\/v2\/product\/26888","targetHints":{"allow":["GET"]}}],"collection":[{"href":"https:\/\/cyclesdevos.be\/de\/wp-json\/wp\/v2\/product"}],"about":[{"href":"https:\/\/cyclesdevos.be\/de\/wp-json\/wp\/v2\/types\/product"}],"wp:featuredmedia":[{"embeddable":true,"href":"https:\/\/cyclesdevos.be\/de\/wp-json\/wp\/v2\/media\/26889"}],"wp:attachment":[{"href":"https:\/\/cyclesdevos.be\/de\/wp-json\/wp\/v2\/media?parent=26888"}],"wp:term":[{"taxonomy":"product_brand","embeddable":true,"href":"https:\/\/cyclesdevos.be\/de\/wp-json\/wp\/v2\/product_brand?post=26888"},{"taxonomy":"product_cat","embeddable":true,"href":"https:\/\/cyclesdevos.be\/de\/wp-json\/wp\/v2\/product_cat?post=26888"},{"taxonomy":"product_tag","embeddable":true,"href":"https:\/\/cyclesdevos.be\/de\/wp-json\/wp\/v2\/product_tag?post=26888"}],"curies":[{"name":"wp","href":"https:\/\/api.w.org\/{rel}","templated":true}]}}