{"id":25469,"date":"2025-09-04T18:39:19","date_gmt":"2025-09-04T16:39:19","guid":{"rendered":"https:\/\/cyclesdevos.be\/product\/nuroad-hybrid-c62-exc-400x-fe\/"},"modified":"2026-02-13T12:21:55","modified_gmt":"2026-02-13T11:21:55","slug":"nuroad-hybrid-c62-exc-400x-fe","status":"publish","type":"product","link":"https:\/\/cyclesdevos.be\/de\/product\/nuroad-hybrid-c62-exc-400x-fe\/","title":{"rendered":"NUROAD HYBRID C:62 EXC 400X FE"},"content":{"rendered":"<p>NUROAD HYBRID C:62 EXC 400X FE &#8211; Blackline<\/p>\n<p>Concevoir un cadre r\u00e9ellement pratique ne se limite pas \u00e0 fixer des garde-boue et un porte-bagages, m\u00eame si cela fait partie des choses que nous avons faites. Le cadre \u00e9l\u00e9gamment sculpt\u00e9 du Nuroad Hybrid C:62 FE pr\u00e9sente de nombreuses touches subtiles, telles que son aptitude \u00e0 \u00eatre \u00e9quip\u00e9 de pneus de 50 mm, m\u00eame en pr\u00e9sence de garde-boue. Sa fourche tout en carbone pr\u00e9sente des supports de fixation pour garde-boue, nous l\u2019avons \u00e9quip\u00e9 d\u2019un guide de cha\u00eene Direct Mount l\u00e9ger, d\u2019une interface de b\u00e9quille Flatmount, et sa base arri\u00e8re est \u00e9quip\u00e9e d\u2019un axe arri\u00e8re Boost et d\u2019une patte de d\u00e9railleur UDH. Pour ce qui est de son unit\u00e9 motrice Bosch, elle est compatible avec le booster PowerMore et permet donc de b\u00e9n\u00e9ficier d\u2019une batterie de 250 Wh suppl\u00e9mentaire, tandis que l\u2019unit\u00e9 de commande est soigneusement incorpor\u00e9e dans le tube sup\u00e9rieur, avec un l\u00e9ger d\u00e9port sur le cintre. Nous avons soign\u00e9 les d\u00e9tails, de sorte que vous puissiez vous concentrer sur vos coups de p\u00e9dale.<\/p>\n<p>Le v\u00e9lo, c&rsquo;est le voyage. Le Nuroad Hybrid C:62 EXC FE prend la sophistication d&rsquo;un v\u00e9lo de route et y ajoute une robustesse digne d&rsquo;un gravel, avec la puissance l\u00e9g\u00e8re de Bosch, la technologie du cadre en carbone CUBE et une gamme compl\u00e8te d&rsquo;accessoires pratiques, pour que vous soyez par\u00e9 \u00e0 toute \u00e9ventualit\u00e9.<\/p>\n<p>Tout ce que vous recherchez dans un v\u00e9lo robuste, adaptable et l\u00e9ger aliment\u00e9 par Bosch, le Nuroad Hybrid C:62 EXC FE l&rsquo;a. Des garde-boue ? Ils sont l\u00e0. Un porte-bagages arri\u00e8re ? \u00c9videmment. Une b\u00e9quille ? Il y en a une. Un jeu d&rsquo;\u00e9clairage int\u00e9gr\u00e9 ? Pr\u00e9sent \u00e0 l\u2019appel. Mais ce n\u2019est qu\u2019un d\u00e9but. Le moteur l\u00e9ger SX et la batterie 400 Wh de Bosch vous aident \u00e0 poursuivre votre route. Le cadre et la fourche en carbone C:62\u00ae offrent un d\u00e9gagement plus que suffisant pour la paire de pneus Schwalbe G-One RS Pro de 45 mm \u00e0 roulement rapide mont\u00e9s sur des roues Newmen Performance Gravel 25. Les freins \u00e0 disque hydrauliques Sram Rival AXS fournissent la puissance de freinage dont vous avez besoin, quand vous en avez besoin. Et les vitesses Sram Rival XPLR AXS 1&#215;13 offrent des rapports impeccables \u00e0 chaque fois, combin\u00e9s \u00e0 la plage dont vous avez besoin pour pousser votre conduite au niveau sup\u00e9rieur. Des trajets de la semaine aux aventures du weekend, il y a tout ce dont vous avez besoin.<\/p>\n<p>&nbsp;<\/p>\n<p>&nbsp;<\/p>","protected":false},"excerpt":{"rendered":"<p>NUROAD HYBRID C:62 EXC 400X FE &#8211; Blackline Concevoir un cadre r\u00e9ellement pratique ne se limite pas \u00e0 fixer des garde-boue et un porte-bagages, m\u00eame si cela fait partie des choses que nous avons faites. Le cadre \u00e9l\u00e9gamment sculpt\u00e9 du Nuroad Hybrid C:62 FE pr\u00e9sente de nombreuses touches subtiles, telles que son aptitude \u00e0 \u00eatre [&#8230;]\n","protected":false},"featured_media":25470,"template":"","meta":[],"product_brand":[],"product_cat":[1641,1669,1185,1187,1556,1679,68],"product_tag":[],"class_list":{"0":"post-25469","1":"product","2":"type-product","3":"status-publish","4":"has-post-thumbnail","6":"product_cat-cube-2026","7":"product_cat-e-bikes","8":"product_cat-e-bike-cube","9":"product_cat-e-city-tour","10":"product_cat-e-gravel","11":"product_cat-gravel-e-bikes","12":"product_cat-velos-electriques","14":"first","15":"outofstock","16":"taxable","17":"shipping-taxable","18":"purchasable","19":"product-type-variable"},"yoast_head":"<!-- This site is optimized with the Yoast SEO plugin v27.3 - https:\/\/yoast.com\/product\/yoast-seo-wordpress\/ -->\n<title>NUROAD HYBRID C:62 EXC 400X FE - Cycles Devos<\/title>\n<meta name=\"robots\" content=\"index, follow, max-snippet:-1, max-image-preview:large, max-video-preview:-1\" \/>\n<link rel=\"canonical\" href=\"https:\/\/cyclesdevos.be\/de\/product\/nuroad-hybrid-c62-exc-400x-fe\/\" \/>\n<meta property=\"og:locale\" content=\"de_DE\" \/>\n<meta property=\"og:type\" content=\"article\" \/>\n<meta property=\"og:title\" content=\"NUROAD HYBRID C:62 EXC 400X FE - Cycles Devos\" \/>\n<meta property=\"og:description\" content=\"NUROAD HYBRID C:62 EXC 400X FE &#8211; Blackline Concevoir un cadre r\u00e9ellement pratique ne se limite pas \u00e0 fixer des garde-boue et un porte-bagages, m\u00eame si cela fait partie des choses que nous avons faites. Le cadre \u00e9l\u00e9gamment sculpt\u00e9 du Nuroad Hybrid C:62 FE pr\u00e9sente de nombreuses touches subtiles, telles que son aptitude \u00e0 \u00eatre [...]\" \/>\n<meta property=\"og:url\" content=\"https:\/\/cyclesdevos.be\/de\/product\/nuroad-hybrid-c62-exc-400x-fe\/\" \/>\n<meta property=\"og:site_name\" content=\"Cycles Devos\" \/>\n<meta property=\"article:modified_time\" content=\"2026-02-13T11:21:55+00:00\" \/>\n<meta property=\"og:image\" content=\"https:\/\/cyclesdevos.be\/wp-content\/uploads\/2025\/09\/synqup_117260_360I_00.jpg\" \/>\n\t<meta property=\"og:image:width\" content=\"1920\" \/>\n\t<meta property=\"og:image:height\" content=\"1127\" \/>\n\t<meta property=\"og:image:type\" content=\"image\/jpeg\" \/>\n<meta name=\"twitter:card\" content=\"summary_large_image\" \/>\n<meta name=\"twitter:label1\" content=\"Gesch\u00e4tzte Lesezeit\" \/>\n\t<meta name=\"twitter:data1\" content=\"3\u00a0Minuten\" \/>\n<script type=\"application\/ld+json\" class=\"yoast-schema-graph\">{\"@context\":\"https:\\\/\\\/schema.org\",\"@graph\":[{\"@type\":\"WebPage\",\"@id\":\"https:\\\/\\\/cyclesdevos.be\\\/product\\\/nuroad-hybrid-c62-exc-400x-fe\\\/\",\"url\":\"https:\\\/\\\/cyclesdevos.be\\\/product\\\/nuroad-hybrid-c62-exc-400x-fe\\\/\",\"name\":\"NUROAD HYBRID C:62 EXC 400X FE - Cycles Devos\",\"isPartOf\":{\"@id\":\"https:\\\/\\\/cyclesdevos.be\\\/#website\"},\"primaryImageOfPage\":{\"@id\":\"https:\\\/\\\/cyclesdevos.be\\\/product\\\/nuroad-hybrid-c62-exc-400x-fe\\\/#primaryimage\"},\"image\":{\"@id\":\"https:\\\/\\\/cyclesdevos.be\\\/product\\\/nuroad-hybrid-c62-exc-400x-fe\\\/#primaryimage\"},\"thumbnailUrl\":\"https:\\\/\\\/cyclesdevos.be\\\/wp-content\\\/uploads\\\/2025\\\/09\\\/synqup_117260_360I_00.jpg\",\"datePublished\":\"2025-09-04T16:39:19+00:00\",\"dateModified\":\"2026-02-13T11:21:55+00:00\",\"breadcrumb\":{\"@id\":\"https:\\\/\\\/cyclesdevos.be\\\/product\\\/nuroad-hybrid-c62-exc-400x-fe\\\/#breadcrumb\"},\"inLanguage\":\"de\",\"potentialAction\":[{\"@type\":\"ReadAction\",\"target\":[\"https:\\\/\\\/cyclesdevos.be\\\/product\\\/nuroad-hybrid-c62-exc-400x-fe\\\/\"]}]},{\"@type\":\"ImageObject\",\"inLanguage\":\"de\",\"@id\":\"https:\\\/\\\/cyclesdevos.be\\\/product\\\/nuroad-hybrid-c62-exc-400x-fe\\\/#primaryimage\",\"url\":\"https:\\\/\\\/cyclesdevos.be\\\/wp-content\\\/uploads\\\/2025\\\/09\\\/synqup_117260_360I_00.jpg\",\"contentUrl\":\"https:\\\/\\\/cyclesdevos.be\\\/wp-content\\\/uploads\\\/2025\\\/09\\\/synqup_117260_360I_00.jpg\",\"width\":1920,\"height\":1127},{\"@type\":\"BreadcrumbList\",\"@id\":\"https:\\\/\\\/cyclesdevos.be\\\/product\\\/nuroad-hybrid-c62-exc-400x-fe\\\/#breadcrumb\",\"itemListElement\":[{\"@type\":\"ListItem\",\"position\":1,\"name\":\"Home\",\"item\":\"https:\\\/\\\/cyclesdevos.be\\\/\"},{\"@type\":\"ListItem\",\"position\":2,\"name\":\"Catalogue\",\"item\":\"https:\\\/\\\/cyclesdevos.be\\\/nl\\\/catalogue\\\/\"},{\"@type\":\"ListItem\",\"position\":3,\"name\":\"NUROAD HYBRID C:62 EXC 400X FE\"}]},{\"@type\":\"WebSite\",\"@id\":\"https:\\\/\\\/cyclesdevos.be\\\/#website\",\"url\":\"https:\\\/\\\/cyclesdevos.be\\\/\",\"name\":\"Cycles Devos\",\"description\":\"Soci\u00e9t\u00e9 Familiale depuis 1910\",\"potentialAction\":[{\"@type\":\"SearchAction\",\"target\":{\"@type\":\"EntryPoint\",\"urlTemplate\":\"https:\\\/\\\/cyclesdevos.be\\\/?s={search_term_string}\"},\"query-input\":{\"@type\":\"PropertyValueSpecification\",\"valueRequired\":true,\"valueName\":\"search_term_string\"}}],\"inLanguage\":\"de\"}]}<\/script>\n<!-- \/ Yoast SEO plugin. -->","yoast_head_json":{"title":"NUROAD HYBRID C:62 EXC 400X FE - Cycles Devos","robots":{"index":"index","follow":"follow","max-snippet":"max-snippet:-1","max-image-preview":"max-image-preview:large","max-video-preview":"max-video-preview:-1"},"canonical":"https:\/\/cyclesdevos.be\/de\/product\/nuroad-hybrid-c62-exc-400x-fe\/","og_locale":"de_DE","og_type":"article","og_title":"NUROAD HYBRID C:62 EXC 400X FE - Cycles Devos","og_description":"NUROAD HYBRID C:62 EXC 400X FE &#8211; Blackline Concevoir un cadre r\u00e9ellement pratique ne se limite pas \u00e0 fixer des garde-boue et un porte-bagages, m\u00eame si cela fait partie des choses que nous avons faites. Le cadre \u00e9l\u00e9gamment sculpt\u00e9 du Nuroad Hybrid C:62 FE pr\u00e9sente de nombreuses touches subtiles, telles que son aptitude \u00e0 \u00eatre [...]","og_url":"https:\/\/cyclesdevos.be\/de\/product\/nuroad-hybrid-c62-exc-400x-fe\/","og_site_name":"Cycles Devos","article_modified_time":"2026-02-13T11:21:55+00:00","og_image":[{"width":1920,"height":1127,"url":"https:\/\/cyclesdevos.be\/wp-content\/uploads\/2025\/09\/synqup_117260_360I_00.jpg","type":"image\/jpeg"}],"twitter_card":"summary_large_image","twitter_misc":{"Gesch\u00e4tzte Lesezeit":"3\u00a0Minuten"},"schema":{"@context":"https:\/\/schema.org","@graph":[{"@type":"WebPage","@id":"https:\/\/cyclesdevos.be\/product\/nuroad-hybrid-c62-exc-400x-fe\/","url":"https:\/\/cyclesdevos.be\/product\/nuroad-hybrid-c62-exc-400x-fe\/","name":"NUROAD HYBRID C:62 EXC 400X FE - Cycles Devos","isPartOf":{"@id":"https:\/\/cyclesdevos.be\/#website"},"primaryImageOfPage":{"@id":"https:\/\/cyclesdevos.be\/product\/nuroad-hybrid-c62-exc-400x-fe\/#primaryimage"},"image":{"@id":"https:\/\/cyclesdevos.be\/product\/nuroad-hybrid-c62-exc-400x-fe\/#primaryimage"},"thumbnailUrl":"https:\/\/cyclesdevos.be\/wp-content\/uploads\/2025\/09\/synqup_117260_360I_00.jpg","datePublished":"2025-09-04T16:39:19+00:00","dateModified":"2026-02-13T11:21:55+00:00","breadcrumb":{"@id":"https:\/\/cyclesdevos.be\/product\/nuroad-hybrid-c62-exc-400x-fe\/#breadcrumb"},"inLanguage":"de","potentialAction":[{"@type":"ReadAction","target":["https:\/\/cyclesdevos.be\/product\/nuroad-hybrid-c62-exc-400x-fe\/"]}]},{"@type":"ImageObject","inLanguage":"de","@id":"https:\/\/cyclesdevos.be\/product\/nuroad-hybrid-c62-exc-400x-fe\/#primaryimage","url":"https:\/\/cyclesdevos.be\/wp-content\/uploads\/2025\/09\/synqup_117260_360I_00.jpg","contentUrl":"https:\/\/cyclesdevos.be\/wp-content\/uploads\/2025\/09\/synqup_117260_360I_00.jpg","width":1920,"height":1127},{"@type":"BreadcrumbList","@id":"https:\/\/cyclesdevos.be\/product\/nuroad-hybrid-c62-exc-400x-fe\/#breadcrumb","itemListElement":[{"@type":"ListItem","position":1,"name":"Home","item":"https:\/\/cyclesdevos.be\/"},{"@type":"ListItem","position":2,"name":"Catalogue","item":"https:\/\/cyclesdevos.be\/nl\/catalogue\/"},{"@type":"ListItem","position":3,"name":"NUROAD HYBRID C:62 EXC 400X FE"}]},{"@type":"WebSite","@id":"https:\/\/cyclesdevos.be\/#website","url":"https:\/\/cyclesdevos.be\/","name":"Zyklen Devos","description":"Seit 1910 in Familienbesitz befindliches Unternehmen","potentialAction":[{"@type":"SearchAction","target":{"@type":"EntryPoint","urlTemplate":"https:\/\/cyclesdevos.be\/?s={search_term_string}"},"query-input":{"@type":"PropertyValueSpecification","valueRequired":true,"valueName":"search_term_string"}}],"inLanguage":"de"}]}},"df_price":4849,"df_sale_price":"","df_regular_price":4849,"df_image_link":"https:\/\/cyclesdevos.be\/wp-content\/uploads\/2025\/09\/synqup_117260_360I_00-400x235.jpg","_links":{"self":[{"href":"https:\/\/cyclesdevos.be\/de\/wp-json\/wp\/v2\/product\/25469","targetHints":{"allow":["GET"]}}],"collection":[{"href":"https:\/\/cyclesdevos.be\/de\/wp-json\/wp\/v2\/product"}],"about":[{"href":"https:\/\/cyclesdevos.be\/de\/wp-json\/wp\/v2\/types\/product"}],"wp:featuredmedia":[{"embeddable":true,"href":"https:\/\/cyclesdevos.be\/de\/wp-json\/wp\/v2\/media\/25470"}],"wp:attachment":[{"href":"https:\/\/cyclesdevos.be\/de\/wp-json\/wp\/v2\/media?parent=25469"}],"wp:term":[{"taxonomy":"product_brand","embeddable":true,"href":"https:\/\/cyclesdevos.be\/de\/wp-json\/wp\/v2\/product_brand?post=25469"},{"taxonomy":"product_cat","embeddable":true,"href":"https:\/\/cyclesdevos.be\/de\/wp-json\/wp\/v2\/product_cat?post=25469"},{"taxonomy":"product_tag","embeddable":true,"href":"https:\/\/cyclesdevos.be\/de\/wp-json\/wp\/v2\/product_tag?post=25469"}],"curies":[{"name":"wp","href":"https:\/\/api.w.org\/{rel}","templated":true}]}}