{"id":18035,"date":"2022-11-22T16:21:43","date_gmt":"2022-11-22T15:21:43","guid":{"rendered":"https:\/\/cyclesdevos.be\/product\/cube-axial-ws-pro-greysage-n-mint\/"},"modified":"2026-02-14T15:33:11","modified_gmt":"2026-02-14T14:33:11","slug":"cube-axial-ws-pro-greysage-n-mint","status":"publish","type":"product","link":"https:\/\/cyclesdevos.be\/de\/product\/cube-axial-ws-pro-greysage-n-mint\/","title":{"rendered":"Cube Axial Ws Pro Greysage N Mint"},"content":{"rendered":"<p>Wir haben den Rahmen des Axial WS Pro auf optimale Effizienz und Kontrolle ausgelegt. Mit seinem konischen Steuerrohr, dem ovalisierten Unterrohr und den durchgehenden Achsen hinten und vorne bietet er kompromisslose Geschwindigkeit und Lenkpr\u00e4zision. Seine Scheibenbremsen sorgen daf\u00fcr, dass Sie auch die l\u00e4ngsten Abfahrten sicher bew\u00e4ltigen k\u00f6nnen. Die Carbongabel und die schmaleren Sitzstreben sorgen f\u00fcr lang anhaltenden Komfort auf dem Sattel.<\/p>","protected":false},"excerpt":{"rendered":"<p>Die Geschwindigkeit eines Fahrrads, das von einer Reihe von Stra\u00dfenrennmaschinen abstammt, mit dem Komfort eines Langstreckenrads: Wer sagt, dass man nicht alles haben kann? Die Vollcarbongabel des Axial WS Pro ist nicht nur leicht, sondern reduziert auch effektiv die Vibrationen, die durch die Stra\u00dfe verursacht werden. Und das bedeutet, dass du l\u00e4nger und weiter radeln kannst...<\/p>","protected":false},"featured_media":18036,"template":"","meta":[],"product_brand":[],"product_cat":[1422,32,40],"product_tag":[117],"class_list":{"0":"post-18035","1":"product","2":"type-product","3":"status-publish","4":"has-post-thumbnail","6":"product_cat-cube-2023","7":"product_cat-velos","8":"product_cat-velos-de-course","9":"product_tag-cube","11":"first","12":"instock","13":"purchasable","14":"product-type-variable"},"yoast_head":"<!-- This site is optimized with the Yoast SEO plugin v27.3 - https:\/\/yoast.com\/product\/yoast-seo-wordpress\/ -->\n<title>Cube Axial Ws Pro Greysage N Mint - Cycles Devos<\/title>\n<meta name=\"robots\" content=\"index, follow, max-snippet:-1, max-image-preview:large, max-video-preview:-1\" \/>\n<link rel=\"canonical\" href=\"https:\/\/cyclesdevos.be\/de\/product\/cube-axial-ws-pro-greysage-n-mint\/\" \/>\n<meta property=\"og:locale\" content=\"de_DE\" \/>\n<meta property=\"og:type\" content=\"article\" \/>\n<meta property=\"og:title\" content=\"Cube Axial Ws Pro Greysage N Mint - Cycles Devos\" \/>\n<meta property=\"og:description\" content=\"La vitesse d\u2019un v\u00e9lo descendant d\u2019une lign\u00e9e de machines de course sur route, avec le confort d\u2019un v\u00e9lo de randonn\u00e9es longue distance: qui a dit qu&#039;on ne peut pas tout avoir? La fourche tout en carbone de l\u2019Axial WS Pro n\u2019est pas simplement l\u00e9g\u00e8re, elle est aussi efficace en termes de r\u00e9duction des vibrations provoqu\u00e9es par la route. Et cela signifie que vous pouvez p\u00e9daler plus longtemps et aller plus loin...\" \/>\n<meta property=\"og:url\" content=\"https:\/\/cyclesdevos.be\/de\/product\/cube-axial-ws-pro-greysage-n-mint\/\" \/>\n<meta property=\"og:site_name\" content=\"Cycles Devos\" \/>\n<meta property=\"article:modified_time\" content=\"2026-02-14T14:33:11+00:00\" \/>\n<meta property=\"og:image\" content=\"https:\/\/cyclesdevos.be\/wp-content\/uploads\/2022\/11\/S_0_78633_629200_S_00-scaled.jpg\" \/>\n\t<meta property=\"og:image:width\" content=\"2560\" \/>\n\t<meta property=\"og:image:height\" content=\"1510\" \/>\n\t<meta property=\"og:image:type\" content=\"image\/jpeg\" \/>\n<meta name=\"twitter:card\" content=\"summary_large_image\" \/>\n<meta name=\"twitter:label1\" content=\"Gesch\u00e4tzte Lesezeit\" \/>\n\t<meta name=\"twitter:data1\" content=\"1\u00a0Minute\" \/>\n<script type=\"application\/ld+json\" class=\"yoast-schema-graph\">{\"@context\":\"https:\\\/\\\/schema.org\",\"@graph\":[{\"@type\":\"WebPage\",\"@id\":\"https:\\\/\\\/cyclesdevos.be\\\/product\\\/cube-axial-ws-pro-greysage-n-mint\\\/\",\"url\":\"https:\\\/\\\/cyclesdevos.be\\\/product\\\/cube-axial-ws-pro-greysage-n-mint\\\/\",\"name\":\"Cube Axial Ws Pro Greysage N Mint - Cycles Devos\",\"isPartOf\":{\"@id\":\"https:\\\/\\\/cyclesdevos.be\\\/#website\"},\"primaryImageOfPage\":{\"@id\":\"https:\\\/\\\/cyclesdevos.be\\\/product\\\/cube-axial-ws-pro-greysage-n-mint\\\/#primaryimage\"},\"image\":{\"@id\":\"https:\\\/\\\/cyclesdevos.be\\\/product\\\/cube-axial-ws-pro-greysage-n-mint\\\/#primaryimage\"},\"thumbnailUrl\":\"https:\\\/\\\/cyclesdevos.be\\\/wp-content\\\/uploads\\\/2022\\\/11\\\/S_0_78633_629200_S_00-scaled.jpg\",\"datePublished\":\"2022-11-22T15:21:43+00:00\",\"dateModified\":\"2026-02-14T14:33:11+00:00\",\"breadcrumb\":{\"@id\":\"https:\\\/\\\/cyclesdevos.be\\\/product\\\/cube-axial-ws-pro-greysage-n-mint\\\/#breadcrumb\"},\"inLanguage\":\"de\",\"potentialAction\":[{\"@type\":\"ReadAction\",\"target\":[\"https:\\\/\\\/cyclesdevos.be\\\/product\\\/cube-axial-ws-pro-greysage-n-mint\\\/\"]}]},{\"@type\":\"ImageObject\",\"inLanguage\":\"de\",\"@id\":\"https:\\\/\\\/cyclesdevos.be\\\/product\\\/cube-axial-ws-pro-greysage-n-mint\\\/#primaryimage\",\"url\":\"https:\\\/\\\/cyclesdevos.be\\\/wp-content\\\/uploads\\\/2022\\\/11\\\/S_0_78633_629200_S_00-scaled.jpg\",\"contentUrl\":\"https:\\\/\\\/cyclesdevos.be\\\/wp-content\\\/uploads\\\/2022\\\/11\\\/S_0_78633_629200_S_00-scaled.jpg\",\"width\":2560,\"height\":1510},{\"@type\":\"BreadcrumbList\",\"@id\":\"https:\\\/\\\/cyclesdevos.be\\\/product\\\/cube-axial-ws-pro-greysage-n-mint\\\/#breadcrumb\",\"itemListElement\":[{\"@type\":\"ListItem\",\"position\":1,\"name\":\"Home\",\"item\":\"https:\\\/\\\/cyclesdevos.be\\\/\"},{\"@type\":\"ListItem\",\"position\":2,\"name\":\"Catalogue\",\"item\":\"https:\\\/\\\/cyclesdevos.be\\\/nl\\\/catalogue\\\/\"},{\"@type\":\"ListItem\",\"position\":3,\"name\":\"Cube Axial Ws Pro Greysage N Mint\"}]},{\"@type\":\"WebSite\",\"@id\":\"https:\\\/\\\/cyclesdevos.be\\\/#website\",\"url\":\"https:\\\/\\\/cyclesdevos.be\\\/\",\"name\":\"Cycles Devos\",\"description\":\"Soci\u00e9t\u00e9 Familiale depuis 1910\",\"potentialAction\":[{\"@type\":\"SearchAction\",\"target\":{\"@type\":\"EntryPoint\",\"urlTemplate\":\"https:\\\/\\\/cyclesdevos.be\\\/?s={search_term_string}\"},\"query-input\":{\"@type\":\"PropertyValueSpecification\",\"valueRequired\":true,\"valueName\":\"search_term_string\"}}],\"inLanguage\":\"de\"}]}<\/script>\n<!-- \/ Yoast SEO plugin. -->","yoast_head_json":{"title":"Cube Axial Ws Pro Greysage N Mint - Cycles Devos","robots":{"index":"index","follow":"follow","max-snippet":"max-snippet:-1","max-image-preview":"max-image-preview:large","max-video-preview":"max-video-preview:-1"},"canonical":"https:\/\/cyclesdevos.be\/de\/product\/cube-axial-ws-pro-greysage-n-mint\/","og_locale":"de_DE","og_type":"article","og_title":"Cube Axial Ws Pro Greysage N Mint - Cycles Devos","og_description":"La vitesse d\u2019un v\u00e9lo descendant d\u2019une lign\u00e9e de machines de course sur route, avec le confort d\u2019un v\u00e9lo de randonn\u00e9es longue distance: qui a dit qu'on ne peut pas tout avoir? La fourche tout en carbone de l\u2019Axial WS Pro n\u2019est pas simplement l\u00e9g\u00e8re, elle est aussi efficace en termes de r\u00e9duction des vibrations provoqu\u00e9es par la route. Et cela signifie que vous pouvez p\u00e9daler plus longtemps et aller plus loin...","og_url":"https:\/\/cyclesdevos.be\/de\/product\/cube-axial-ws-pro-greysage-n-mint\/","og_site_name":"Cycles Devos","article_modified_time":"2026-02-14T14:33:11+00:00","og_image":[{"width":2560,"height":1510,"url":"https:\/\/cyclesdevos.be\/wp-content\/uploads\/2022\/11\/S_0_78633_629200_S_00-scaled.jpg","type":"image\/jpeg"}],"twitter_card":"summary_large_image","twitter_misc":{"Gesch\u00e4tzte Lesezeit":"1\u00a0Minute"},"schema":{"@context":"https:\/\/schema.org","@graph":[{"@type":"WebPage","@id":"https:\/\/cyclesdevos.be\/product\/cube-axial-ws-pro-greysage-n-mint\/","url":"https:\/\/cyclesdevos.be\/product\/cube-axial-ws-pro-greysage-n-mint\/","name":"Cube Axial Ws Pro Greysage N Mint - Cycles Devos","isPartOf":{"@id":"https:\/\/cyclesdevos.be\/#website"},"primaryImageOfPage":{"@id":"https:\/\/cyclesdevos.be\/product\/cube-axial-ws-pro-greysage-n-mint\/#primaryimage"},"image":{"@id":"https:\/\/cyclesdevos.be\/product\/cube-axial-ws-pro-greysage-n-mint\/#primaryimage"},"thumbnailUrl":"https:\/\/cyclesdevos.be\/wp-content\/uploads\/2022\/11\/S_0_78633_629200_S_00-scaled.jpg","datePublished":"2022-11-22T15:21:43+00:00","dateModified":"2026-02-14T14:33:11+00:00","breadcrumb":{"@id":"https:\/\/cyclesdevos.be\/product\/cube-axial-ws-pro-greysage-n-mint\/#breadcrumb"},"inLanguage":"de","potentialAction":[{"@type":"ReadAction","target":["https:\/\/cyclesdevos.be\/product\/cube-axial-ws-pro-greysage-n-mint\/"]}]},{"@type":"ImageObject","inLanguage":"de","@id":"https:\/\/cyclesdevos.be\/product\/cube-axial-ws-pro-greysage-n-mint\/#primaryimage","url":"https:\/\/cyclesdevos.be\/wp-content\/uploads\/2022\/11\/S_0_78633_629200_S_00-scaled.jpg","contentUrl":"https:\/\/cyclesdevos.be\/wp-content\/uploads\/2022\/11\/S_0_78633_629200_S_00-scaled.jpg","width":2560,"height":1510},{"@type":"BreadcrumbList","@id":"https:\/\/cyclesdevos.be\/product\/cube-axial-ws-pro-greysage-n-mint\/#breadcrumb","itemListElement":[{"@type":"ListItem","position":1,"name":"Home","item":"https:\/\/cyclesdevos.be\/"},{"@type":"ListItem","position":2,"name":"Catalogue","item":"https:\/\/cyclesdevos.be\/nl\/catalogue\/"},{"@type":"ListItem","position":3,"name":"Cube Axial Ws Pro Greysage N Mint"}]},{"@type":"WebSite","@id":"https:\/\/cyclesdevos.be\/#website","url":"https:\/\/cyclesdevos.be\/","name":"Zyklen Devos","description":"Seit 1910 in Familienbesitz befindliches Unternehmen","potentialAction":[{"@type":"SearchAction","target":{"@type":"EntryPoint","urlTemplate":"https:\/\/cyclesdevos.be\/?s={search_term_string}"},"query-input":{"@type":"PropertyValueSpecification","valueRequired":true,"valueName":"search_term_string"}}],"inLanguage":"de"}]}},"df_price":1149,"df_sale_price":"","df_regular_price":1149,"df_image_link":"https:\/\/cyclesdevos.be\/wp-content\/uploads\/2022\/11\/S_0_78633_629200_S_00-400x236.jpg","_links":{"self":[{"href":"https:\/\/cyclesdevos.be\/de\/wp-json\/wp\/v2\/product\/18035","targetHints":{"allow":["GET"]}}],"collection":[{"href":"https:\/\/cyclesdevos.be\/de\/wp-json\/wp\/v2\/product"}],"about":[{"href":"https:\/\/cyclesdevos.be\/de\/wp-json\/wp\/v2\/types\/product"}],"wp:featuredmedia":[{"embeddable":true,"href":"https:\/\/cyclesdevos.be\/de\/wp-json\/wp\/v2\/media\/18036"}],"wp:attachment":[{"href":"https:\/\/cyclesdevos.be\/de\/wp-json\/wp\/v2\/media?parent=18035"}],"wp:term":[{"taxonomy":"product_brand","embeddable":true,"href":"https:\/\/cyclesdevos.be\/de\/wp-json\/wp\/v2\/product_brand?post=18035"},{"taxonomy":"product_cat","embeddable":true,"href":"https:\/\/cyclesdevos.be\/de\/wp-json\/wp\/v2\/product_cat?post=18035"},{"taxonomy":"product_tag","embeddable":true,"href":"https:\/\/cyclesdevos.be\/de\/wp-json\/wp\/v2\/product_tag?post=18035"}],"curies":[{"name":"wp","href":"https:\/\/api.w.org\/{rel}","templated":true}]}}