{"id":3836,"date":"2017-02-11T11:15:42","date_gmt":"2017-02-11T10:15:42","guid":{"rendered":"https:\/\/cyclesdevos.be\/velos\/velos-pliables\/"},"modified":"2019-05-08T16:07:29","modified_gmt":"2019-05-08T14:07:29","slug":"plooifietsen","status":"publish","type":"page","link":"https:\/\/cyclesdevos.be\/de\/fietsen\/plooifietsen\/","title":{"rendered":"Plooifietsen"},"content":{"rendered":"<div class=\"row large-columns-4 medium-columns-3 small-columns-2\" >\n  <div class=\"gallery-col col\" >\n          <div class=\"col-inner\">\n            <a class=\"image-lightbox lightbox-gallery\" href=\"https:\/\/cyclesdevos.be\/wp-content\/uploads\/2017\/02\/d1366c6117.jpg\" title=\"\">            <div class=\"box has-hover gallery-box box-overlay dark\">\n              <div class=\"box-image\" >\n                <img loading=\"lazy\" decoding=\"async\" width=\"300\" height=\"300\" src=\"https:\/\/cyclesdevos.be\/wp-content\/uploads\/2017\/02\/d1366c6117.jpg\" class=\"attachment-large size-large\" alt=\"\" ids=\"391,390,389,387\" image_size=\"large\" srcset=\"https:\/\/cyclesdevos.be\/wp-content\/uploads\/2017\/02\/d1366c6117.jpg 300w, https:\/\/cyclesdevos.be\/wp-content\/uploads\/2017\/02\/d1366c6117-247x247.jpg 247w, https:\/\/cyclesdevos.be\/wp-content\/uploads\/2017\/02\/d1366c6117-100x100.jpg 100w, https:\/\/cyclesdevos.be\/wp-content\/uploads\/2017\/02\/d1366c6117-150x150.jpg 150w, https:\/\/cyclesdevos.be\/wp-content\/uploads\/2017\/02\/d1366c6117-66x66.jpg 66w, https:\/\/cyclesdevos.be\/wp-content\/uploads\/2017\/02\/d1366c6117-200x200.jpg 200w\" sizes=\"auto, (max-width: 300px) 100vw, 300px\" \/>                                  <div class=\"overlay fill\"\n                      style=\"background-color: rgba(0,0,0,.15)\">\n                  <\/div>\n                                                              <\/div>\n              <div class=\"box-text text-left\" >\n                 <p><\/p>\n              <\/div>\n            <\/div>\n            <\/a>          <\/div>\n         <\/div><div class=\"gallery-col col\" >\n          <div class=\"col-inner\">\n            <a class=\"image-lightbox lightbox-gallery\" href=\"https:\/\/cyclesdevos.be\/wp-content\/uploads\/2017\/02\/84d318e03f.jpg\" title=\"\">            <div class=\"box has-hover gallery-box box-overlay dark\">\n              <div class=\"box-image\" >\n                <img loading=\"lazy\" decoding=\"async\" width=\"300\" height=\"300\" src=\"https:\/\/cyclesdevos.be\/wp-content\/uploads\/2017\/02\/84d318e03f.jpg\" class=\"attachment-large size-large\" alt=\"\" ids=\"391,390,389,387\" image_size=\"large\" srcset=\"https:\/\/cyclesdevos.be\/wp-content\/uploads\/2017\/02\/84d318e03f.jpg 300w, https:\/\/cyclesdevos.be\/wp-content\/uploads\/2017\/02\/84d318e03f-247x247.jpg 247w, https:\/\/cyclesdevos.be\/wp-content\/uploads\/2017\/02\/84d318e03f-100x100.jpg 100w, https:\/\/cyclesdevos.be\/wp-content\/uploads\/2017\/02\/84d318e03f-150x150.jpg 150w, https:\/\/cyclesdevos.be\/wp-content\/uploads\/2017\/02\/84d318e03f-66x66.jpg 66w, https:\/\/cyclesdevos.be\/wp-content\/uploads\/2017\/02\/84d318e03f-200x200.jpg 200w\" sizes=\"auto, (max-width: 300px) 100vw, 300px\" \/>                                  <div class=\"overlay fill\"\n                      style=\"background-color: rgba(0,0,0,.15)\">\n                  <\/div>\n                                                              <\/div>\n              <div class=\"box-text text-left\" >\n                 <p><\/p>\n              <\/div>\n            <\/div>\n            <\/a>          <\/div>\n         <\/div><div class=\"gallery-col col\" >\n          <div class=\"col-inner\">\n            <a class=\"image-lightbox lightbox-gallery\" href=\"https:\/\/cyclesdevos.be\/wp-content\/uploads\/2017\/02\/4141edcfbf.jpg\" title=\"\">            <div class=\"box has-hover gallery-box box-overlay dark\">\n              <div class=\"box-image\" >\n                <img loading=\"lazy\" decoding=\"async\" width=\"300\" height=\"300\" src=\"https:\/\/cyclesdevos.be\/wp-content\/uploads\/2017\/02\/4141edcfbf.jpg\" class=\"attachment-large size-large\" alt=\"\" ids=\"391,390,389,387\" image_size=\"large\" srcset=\"https:\/\/cyclesdevos.be\/wp-content\/uploads\/2017\/02\/4141edcfbf.jpg 300w, https:\/\/cyclesdevos.be\/wp-content\/uploads\/2017\/02\/4141edcfbf-247x247.jpg 247w, https:\/\/cyclesdevos.be\/wp-content\/uploads\/2017\/02\/4141edcfbf-100x100.jpg 100w, https:\/\/cyclesdevos.be\/wp-content\/uploads\/2017\/02\/4141edcfbf-150x150.jpg 150w, https:\/\/cyclesdevos.be\/wp-content\/uploads\/2017\/02\/4141edcfbf-66x66.jpg 66w, https:\/\/cyclesdevos.be\/wp-content\/uploads\/2017\/02\/4141edcfbf-200x200.jpg 200w\" sizes=\"auto, (max-width: 300px) 100vw, 300px\" \/>                                  <div class=\"overlay fill\"\n                      style=\"background-color: rgba(0,0,0,.15)\">\n                  <\/div>\n                                                              <\/div>\n              <div class=\"box-text text-left\" >\n                 <p><\/p>\n              <\/div>\n            <\/div>\n            <\/a>          <\/div>\n         <\/div><div class=\"gallery-col col\" >\n          <div class=\"col-inner\">\n            <a class=\"image-lightbox lightbox-gallery\" href=\"https:\/\/cyclesdevos.be\/wp-content\/uploads\/2017\/02\/Qix-D8.jpg\" title=\"\">            <div class=\"box has-hover gallery-box box-overlay dark\">\n              <div class=\"box-image\" >\n                <img loading=\"lazy\" decoding=\"async\" width=\"300\" height=\"300\" src=\"https:\/\/cyclesdevos.be\/wp-content\/uploads\/2017\/02\/Qix-D8.jpg\" class=\"attachment-large size-large\" alt=\"\" ids=\"391,390,389,387\" image_size=\"large\" srcset=\"https:\/\/cyclesdevos.be\/wp-content\/uploads\/2017\/02\/Qix-D8.jpg 300w, https:\/\/cyclesdevos.be\/wp-content\/uploads\/2017\/02\/Qix-D8-247x247.jpg 247w, https:\/\/cyclesdevos.be\/wp-content\/uploads\/2017\/02\/Qix-D8-100x100.jpg 100w, https:\/\/cyclesdevos.be\/wp-content\/uploads\/2017\/02\/Qix-D8-150x150.jpg 150w, https:\/\/cyclesdevos.be\/wp-content\/uploads\/2017\/02\/Qix-D8-66x66.jpg 66w, https:\/\/cyclesdevos.be\/wp-content\/uploads\/2017\/02\/Qix-D8-200x200.jpg 200w\" sizes=\"auto, (max-width: 300px) 100vw, 300px\" \/>                                  <div class=\"overlay fill\"\n                      style=\"background-color: rgba(0,0,0,.15)\">\n                  <\/div>\n                                                              <\/div>\n              <div class=\"box-text text-left\" >\n                 <p><\/p>\n              <\/div>\n            <\/div>\n            <\/a>          <\/div>\n         <\/div><\/div>\n<h1> Een vouwfiets voor maximum vrijheid!<\/h1>\n<p> Das vouwfiets ist die ideale L\u00f6sung f\u00fcr jede Art von Fahrzeug, egal ob es sich um eine Kombination aus einem Fahrzeug und einem offenen Fahrzeug, einem Fahrzeug und einem Waggon oder beidem handelt. Ein Fahrzeug wird immer die beste M\u00f6glichkeit bieten, es zu nutzen.<\/p>\n<ul>\n<li> snel en makkelijk in en uit te plooien ;<\/li>\n<li> Licht von Gewicht, wenn Sie es in den Baum, in den Koffer des Wagens oder in die Tasche stecken k\u00f6nnen ... <\/li>\n<\/ul>\n<p> Cycles Devos bietet eine gro\u00dfe Auswahl an hochwertigen Produkten und ein hohes Serviceniveau. Mit den neuesten Informationen k\u00f6nnen wir Ihnen helfen, das beste Modell f\u00fcr Ihre Bed\u00fcrfnisse zu finden. Wir haben zum Beispiel Dahon als Referenz f\u00fcr die anderen Modelle gesehen, aber auch f\u00fcr Giant, Diamond und Kogar.<\/p>\n<p> Wir haben auch viele weitere Elektrofahrzeuge im Angebot von Dahon, V\u00e9lo Solex und E-move, so dass Sie ein Fahrzeug mit weniger Aufwand w\u00e4hlen k\u00f6nnen!<\/p>\n<p> Suchen Sie eine neue Stelle? Cycles Devos macht es Ihnen leicht! <\/p>\n<h2>Elf merken<\/h2>\n<p><img loading=\"lazy\" decoding=\"async\" class=\"alignnone size-full wp-image-386\" src=\"https:\/\/cyclesdevos.be\/wp-content\/uploads\/2017\/02\/dahon_logo_header.png\" alt=\"\" width=\"245\" height=\"59\" srcset=\"https:\/\/cyclesdevos.be\/wp-content\/uploads\/2017\/02\/dahon_logo_header.png 245w, https:\/\/cyclesdevos.be\/wp-content\/uploads\/2017\/02\/dahon_logo_header-200x48.png 200w\" sizes=\"auto, (max-width: 245px) 100vw, 245px\" \/> <img loading=\"lazy\" decoding=\"async\" class=\"alignnone size-full wp-image-385\" src=\"https:\/\/cyclesdevos.be\/wp-content\/uploads\/2017\/02\/gitane_01.jpg\" alt=\"\" width=\"100\" height=\"55\" \/> <img loading=\"lazy\" decoding=\"async\" class=\"alignnone size-full wp-image-384\" src=\"https:\/\/cyclesdevos.be\/wp-content\/uploads\/2017\/02\/de_scheemaeker_03.jpg\" alt=\"\" width=\"100\" height=\"55\" \/> <img loading=\"lazy\" decoding=\"async\" class=\"alignnone size-full wp-image-383\" src=\"https:\/\/cyclesdevos.be\/wp-content\/uploads\/2017\/02\/e-move_01.png\" alt=\"\" width=\"100\" height=\"55\" \/> <img loading=\"lazy\" decoding=\"async\" class=\"alignnone size-full wp-image-382\" src=\"https:\/\/cyclesdevos.be\/wp-content\/uploads\/2017\/02\/Flyer_01.png\" alt=\"\" width=\"100\" height=\"55\" \/> <img loading=\"lazy\" decoding=\"async\" class=\"alignnone size-full wp-image-381\" src=\"https:\/\/cyclesdevos.be\/wp-content\/uploads\/2017\/02\/O2feel_01.jpg\" alt=\"\" width=\"100\" height=\"55\" \/> <img loading=\"lazy\" decoding=\"async\" class=\"alignnone size-full wp-image-380\" src=\"https:\/\/cyclesdevos.be\/wp-content\/uploads\/2017\/02\/solex_01.jpg\" alt=\"\" width=\"100\" height=\"55\" \/><\/p>","protected":false},"excerpt":{"rendered":"<p>Een vouwfiets voor maximale vrijheid ! De vouwfiets is e ideale oplossing voor wie gecombineerd vervoer gebruikt, zij het een combinatie van fiets en openbaar vervoer, fiets en wagen of allebei. Een vouwfiets maakt het mogelijk elk transportmiddel op de beste manier te benutten. snel en makkelijk in en uit te plooien ; licht van [&#8230;]\n","protected":false},"author":1,"featured_media":0,"parent":3831,"menu_order":0,"comment_status":"closed","ping_status":"closed","template":"","meta":{"footnotes":""},"class_list":["post-3836","page","type-page","status-publish","hentry"],"yoast_head":"<!-- This site is optimized with the Yoast SEO plugin v27.5 - https:\/\/yoast.com\/product\/yoast-seo-wordpress\/ -->\n<title>Plooifietsen - Cycles Devos<\/title>\n<meta name=\"robots\" content=\"index, follow, max-snippet:-1, max-image-preview:large, max-video-preview:-1\" \/>\n<link rel=\"canonical\" href=\"https:\/\/cyclesdevos.be\/de\/fietsen\/plooifietsen\/\" \/>\n<meta property=\"og:locale\" content=\"de_DE\" \/>\n<meta property=\"og:type\" content=\"article\" \/>\n<meta property=\"og:title\" content=\"Plooifietsen - Cycles Devos\" \/>\n<meta property=\"og:description\" content=\"Een vouwfiets voor maximale vrijheid ! De vouwfiets is e ideale oplossing voor wie gecombineerd vervoer gebruikt, zij het een combinatie van fiets en openbaar vervoer, fiets en wagen of allebei. Een vouwfiets maakt het mogelijk elk transportmiddel op de beste manier te benutten. snel en makkelijk in en uit te plooien ; licht van [...]\" \/>\n<meta property=\"og:url\" content=\"https:\/\/cyclesdevos.be\/de\/fietsen\/plooifietsen\/\" \/>\n<meta property=\"og:site_name\" content=\"Cycles Devos\" \/>\n<meta property=\"article:modified_time\" content=\"2019-05-08T14:07:29+00:00\" \/>\n<meta property=\"og:image\" content=\"https:\/\/cyclesdevos.be\/wp-content\/uploads\/2017\/02\/dahon_logo_header.png\" \/>\n<meta name=\"twitter:card\" content=\"summary_large_image\" \/>\n<meta name=\"twitter:label1\" content=\"Gesch\u00e4tzte Lesezeit\" \/>\n\t<meta name=\"twitter:data1\" content=\"1\u00a0Minute\" \/>\n<script type=\"application\/ld+json\" class=\"yoast-schema-graph\">{\"@context\":\"https:\\\/\\\/schema.org\",\"@graph\":[{\"@type\":\"WebPage\",\"@id\":\"https:\\\/\\\/cyclesdevos.be\\\/en\\\/fietsen\\\/plooifietsen\\\/\",\"url\":\"https:\\\/\\\/cyclesdevos.be\\\/en\\\/fietsen\\\/plooifietsen\\\/\",\"name\":\"Plooifietsen - Cycles Devos\",\"isPartOf\":{\"@id\":\"https:\\\/\\\/cyclesdevos.be\\\/#website\"},\"primaryImageOfPage\":{\"@id\":\"https:\\\/\\\/cyclesdevos.be\\\/en\\\/fietsen\\\/plooifietsen\\\/#primaryimage\"},\"image\":{\"@id\":\"https:\\\/\\\/cyclesdevos.be\\\/en\\\/fietsen\\\/plooifietsen\\\/#primaryimage\"},\"thumbnailUrl\":\"https:\\\/\\\/cyclesdevos.be\\\/wp-content\\\/uploads\\\/2017\\\/02\\\/dahon_logo_header.png\",\"datePublished\":\"2017-02-11T10:15:42+00:00\",\"dateModified\":\"2019-05-08T14:07:29+00:00\",\"breadcrumb\":{\"@id\":\"https:\\\/\\\/cyclesdevos.be\\\/en\\\/fietsen\\\/plooifietsen\\\/#breadcrumb\"},\"inLanguage\":\"de\",\"potentialAction\":[{\"@type\":\"ReadAction\",\"target\":[\"https:\\\/\\\/cyclesdevos.be\\\/en\\\/fietsen\\\/plooifietsen\\\/\"]}]},{\"@type\":\"ImageObject\",\"inLanguage\":\"de\",\"@id\":\"https:\\\/\\\/cyclesdevos.be\\\/en\\\/fietsen\\\/plooifietsen\\\/#primaryimage\",\"url\":\"https:\\\/\\\/cyclesdevos.be\\\/wp-content\\\/uploads\\\/2017\\\/02\\\/dahon_logo_header.png\",\"contentUrl\":\"https:\\\/\\\/cyclesdevos.be\\\/wp-content\\\/uploads\\\/2017\\\/02\\\/dahon_logo_header.png\"},{\"@type\":\"BreadcrumbList\",\"@id\":\"https:\\\/\\\/cyclesdevos.be\\\/en\\\/fietsen\\\/plooifietsen\\\/#breadcrumb\",\"itemListElement\":[{\"@type\":\"ListItem\",\"position\":1,\"name\":\"Home\",\"item\":\"https:\\\/\\\/cyclesdevos.be\\\/\"},{\"@type\":\"ListItem\",\"position\":2,\"name\":\"Fietsen\",\"item\":\"https:\\\/\\\/cyclesdevos.be\\\/en\\\/fietsen\\\/\"},{\"@type\":\"ListItem\",\"position\":3,\"name\":\"Plooifietsen\"}]},{\"@type\":\"WebSite\",\"@id\":\"https:\\\/\\\/cyclesdevos.be\\\/#website\",\"url\":\"https:\\\/\\\/cyclesdevos.be\\\/\",\"name\":\"Cycles Devos\",\"description\":\"Soci\u00e9t\u00e9 Familiale depuis 1910\",\"potentialAction\":[{\"@type\":\"SearchAction\",\"target\":{\"@type\":\"EntryPoint\",\"urlTemplate\":\"https:\\\/\\\/cyclesdevos.be\\\/?s={search_term_string}\"},\"query-input\":{\"@type\":\"PropertyValueSpecification\",\"valueRequired\":true,\"valueName\":\"search_term_string\"}}],\"inLanguage\":\"de\"}]}<\/script>\n<!-- \/ Yoast SEO plugin. -->","yoast_head_json":{"title":"Plooifietsen - Cycles Devos","robots":{"index":"index","follow":"follow","max-snippet":"max-snippet:-1","max-image-preview":"max-image-preview:large","max-video-preview":"max-video-preview:-1"},"canonical":"https:\/\/cyclesdevos.be\/de\/fietsen\/plooifietsen\/","og_locale":"de_DE","og_type":"article","og_title":"Plooifietsen - Cycles Devos","og_description":"Een vouwfiets voor maximale vrijheid ! De vouwfiets is e ideale oplossing voor wie gecombineerd vervoer gebruikt, zij het een combinatie van fiets en openbaar vervoer, fiets en wagen of allebei. Een vouwfiets maakt het mogelijk elk transportmiddel op de beste manier te benutten. snel en makkelijk in en uit te plooien ; licht van [...]","og_url":"https:\/\/cyclesdevos.be\/de\/fietsen\/plooifietsen\/","og_site_name":"Cycles Devos","article_modified_time":"2019-05-08T14:07:29+00:00","og_image":[{"url":"https:\/\/cyclesdevos.be\/wp-content\/uploads\/2017\/02\/dahon_logo_header.png","type":"","width":"","height":""}],"twitter_card":"summary_large_image","twitter_misc":{"Gesch\u00e4tzte Lesezeit":"1\u00a0Minute"},"schema":{"@context":"https:\/\/schema.org","@graph":[{"@type":"WebPage","@id":"https:\/\/cyclesdevos.be\/en\/fietsen\/plooifietsen\/","url":"https:\/\/cyclesdevos.be\/en\/fietsen\/plooifietsen\/","name":"Plooifietsen - Cycles Devos","isPartOf":{"@id":"https:\/\/cyclesdevos.be\/#website"},"primaryImageOfPage":{"@id":"https:\/\/cyclesdevos.be\/en\/fietsen\/plooifietsen\/#primaryimage"},"image":{"@id":"https:\/\/cyclesdevos.be\/en\/fietsen\/plooifietsen\/#primaryimage"},"thumbnailUrl":"https:\/\/cyclesdevos.be\/wp-content\/uploads\/2017\/02\/dahon_logo_header.png","datePublished":"2017-02-11T10:15:42+00:00","dateModified":"2019-05-08T14:07:29+00:00","breadcrumb":{"@id":"https:\/\/cyclesdevos.be\/en\/fietsen\/plooifietsen\/#breadcrumb"},"inLanguage":"de","potentialAction":[{"@type":"ReadAction","target":["https:\/\/cyclesdevos.be\/en\/fietsen\/plooifietsen\/"]}]},{"@type":"ImageObject","inLanguage":"de","@id":"https:\/\/cyclesdevos.be\/en\/fietsen\/plooifietsen\/#primaryimage","url":"https:\/\/cyclesdevos.be\/wp-content\/uploads\/2017\/02\/dahon_logo_header.png","contentUrl":"https:\/\/cyclesdevos.be\/wp-content\/uploads\/2017\/02\/dahon_logo_header.png"},{"@type":"BreadcrumbList","@id":"https:\/\/cyclesdevos.be\/en\/fietsen\/plooifietsen\/#breadcrumb","itemListElement":[{"@type":"ListItem","position":1,"name":"Home","item":"https:\/\/cyclesdevos.be\/"},{"@type":"ListItem","position":2,"name":"Fietsen","item":"https:\/\/cyclesdevos.be\/en\/fietsen\/"},{"@type":"ListItem","position":3,"name":"Plooifietsen"}]},{"@type":"WebSite","@id":"https:\/\/cyclesdevos.be\/#website","url":"https:\/\/cyclesdevos.be\/","name":"Zyklen Devos","description":"Seit 1910 in Familienbesitz befindliches Unternehmen","potentialAction":[{"@type":"SearchAction","target":{"@type":"EntryPoint","urlTemplate":"https:\/\/cyclesdevos.be\/?s={search_term_string}"},"query-input":{"@type":"PropertyValueSpecification","valueRequired":true,"valueName":"search_term_string"}}],"inLanguage":"de"}]}},"_links":{"self":[{"href":"https:\/\/cyclesdevos.be\/de\/wp-json\/wp\/v2\/pages\/3836","targetHints":{"allow":["GET"]}}],"collection":[{"href":"https:\/\/cyclesdevos.be\/de\/wp-json\/wp\/v2\/pages"}],"about":[{"href":"https:\/\/cyclesdevos.be\/de\/wp-json\/wp\/v2\/types\/page"}],"author":[{"embeddable":true,"href":"https:\/\/cyclesdevos.be\/de\/wp-json\/wp\/v2\/users\/1"}],"replies":[{"embeddable":true,"href":"https:\/\/cyclesdevos.be\/de\/wp-json\/wp\/v2\/comments?post=3836"}],"version-history":[{"count":3,"href":"https:\/\/cyclesdevos.be\/de\/wp-json\/wp\/v2\/pages\/3836\/revisions"}],"predecessor-version":[{"id":3957,"href":"https:\/\/cyclesdevos.be\/de\/wp-json\/wp\/v2\/pages\/3836\/revisions\/3957"}],"up":[{"embeddable":true,"href":"https:\/\/cyclesdevos.be\/de\/wp-json\/wp\/v2\/pages\/3831"}],"wp:attachment":[{"href":"https:\/\/cyclesdevos.be\/de\/wp-json\/wp\/v2\/media?parent=3836"}],"curies":[{"name":"wp","href":"https:\/\/api.w.org\/{rel}","templated":true}]}}